{"id":976,"date":"2020-04-17T07:06:39","date_gmt":"2020-04-17T07:06:39","guid":{"rendered":"https:\/\/developlaclave.es\/develop\/eibol\/calidad-soluciones-biologicas-para-cultivos\/"},"modified":"2020-10-16T07:21:33","modified_gmt":"2020-10-16T07:21:33","slug":"calidad-soluciones-biologicas-para-cultivos","status":"publish","type":"page","link":"https:\/\/www.eibol.com\/pt-pt\/calidad-soluciones-biologicas-para-cultivos\/","title":{"rendered":"Qualidade"},"content":{"rendered":"<div id=\"modulo-calidad-01\" class=\"padding-large--top contenidoCalidad\">\n<div class=\"container\">\n<div class=\"row\">\n<div class=\"col-md-8 number01\">\n<h3>Produtos de<br \/>\n<strong>alto valor<\/strong><\/h3>\n<div class=\"contenido-txt\">\n<p class=\"lead\">Para cumprir o seu compromisso com o agricultor e a agricultura, a <strong>EIBOL desenvolve produtos com alto valor t\u00e9cnico-cient\u00edfico, sujeitos a controles de qualidade durante todo o processo, que ajudam a aumentar a produ\u00e7\u00e3o e a qualidade das colheitas<\/strong>, preservando as condi\u00e7\u00f5es biol\u00f3gicas do solo e a fauna auxiliar.<\/p>\n<p class=\"lead\"><strong>A composi\u00e7\u00e3o de todos os produtos \u00e9 garantida<\/strong> por um laborat\u00f3rio externo acreditado pela ENAC.<\/p>\n<p class=\"lead\">Os m\u00e9todos de trabalho e gest\u00e3o EIBOL s\u00e3o <strong>certificados<\/strong> de acordo com a <strong>ISO 9001 e ISO 14001<\/strong>. A ECOCERT certifica os <strong>produtos EIBOL autorizados em agricultura no Modo de Produ\u00e7\u00e3o Biol\u00f3gico<\/strong>. A EIBOL \u00e9 aderente do <strong>Sistema Integrado de Gest\u00e3o de Embalagens, VALORFITO. <\/strong><\/p>\n<\/div>\n<\/div>\n<div class=\"col-md-4 margin-top-imagen\"><div class=\"logo-certificados\"><div class=\"d-flex certified-row\">\r\n        <div class=\"certificate-item\">\r\n        \t\t\t\t<a href=\"https:\/\/www.eibol.com\/wp-content\/uploads\/2020\/09\/ISO-9001-2015-ENAC-esp-2027_WEB-1.pdf\" target=\"_blank\">\r\n\t\t\t\t<img loading=\"lazy\" decoding=\"async\" width=\"188\" height=\"87\" src=\"https:\/\/www.eibol.com\/wp-content\/uploads\/2020\/09\/iso9001-bureau-veritas.svg\" class=\"img-fluid wp-post-image\" alt=\"\" \/>\t\t\t<\/a>\r\n\t\t<\/div>\r\n\r\n        \r\n        <div class=\"certificate-item\">\r\n        \t\t\t\t<a href=\"https:\/\/www.eibol.com\/wp-content\/uploads\/2020\/09\/ISO-14001-2015-ENAC-esp-2027_WEB-1.pdf\" target=\"_blank\">\r\n\t\t\t\t<img loading=\"lazy\" decoding=\"async\" width=\"188\" height=\"87\" src=\"https:\/\/www.eibol.com\/wp-content\/uploads\/2020\/09\/iso14001-bureau-veritas.svg\" class=\"img-fluid wp-post-image\" alt=\"\" \/>\t\t\t<\/a>\r\n\t\t<\/div>\r\n\r\n        \r\n        <div class=\"certificate-item\">\r\n        \t\t\t\t<a href=\"https:\/\/www.eibol.com\/wp-content\/uploads\/2020\/09\/Atestacion-general-WEB-PT-2025-cad.2027.pdf\" target=\"_blank\">\r\n\t\t\t\t<img loading=\"lazy\" decoding=\"async\" width=\"250\" height=\"200\" src=\"https:\/\/www.eibol.com\/wp-content\/uploads\/2020\/09\/Logo_Ecocert_WEB_PT.png\" class=\"img-fluid wp-post-image\" alt=\"\" \/>\t\t\t<\/a>\r\n\t\t<\/div>\r\n\r\n        \r\n        <div class=\"certificate-item\">\r\n        \t\t\t\t<a href=\"https:\/\/www.eibol.com\/wp-content\/uploads\/2020\/09\/Valorfito-Certificado-2026.pdf\" target=\"_blank\">\r\n\t\t\t\t<img loading=\"lazy\" decoding=\"async\" width=\"100\" height=\"87\" src=\"https:\/\/www.eibol.com\/wp-content\/uploads\/2020\/09\/valorfito-logotipo.jpg\" class=\"img-fluid wp-post-image\" alt=\"\" \/>\t\t\t<\/a>\r\n\t\t<\/div>\r\n\r\n        <\/div><\/div><\/div>\n<\/div>\n<\/div>\n<\/div>\n<p><!--MODULO 2--><\/p>\n<div id=\"modulo-calidad-02\" class=\"padding-large--top contenidoCalidad\">\n<div class=\"container\">\n<div class=\"row\">\n<div class=\"col-md-6\"><img decoding=\"async\" style=\"width: 100%;\" src=\"https:\/\/www.eibol.com\/wp-content\/uploads\/2020\/04\/calidad-empresa-biotecnologica-cultivos-02.png\" alt=\"Compromisso com a inova\u00e7\u00e3o\" \/><\/div>\n<div class=\"col-md-6 number02\">\n<h3>Compromisso com<br \/>\na <strong>inova\u00e7\u00e3o<\/strong><\/h3>\n<div class=\"contenido-txt\">\n<p class=\"lead\">Todas os colaboradores que fazem parte da equipa EIBOL est\u00e3o <strong>comprometidas com a inova\u00e7\u00e3o e a tecnologia aplicada \u00e0 agricultura.<\/strong> O refelxo deste compromisso est\u00e1 expressona nossas gama de produtos ao servi\u00e7odos nossos clientes, com o objetivo de obter <strong>culturas de qualidade com elevado rendimento e valor agregado.<\/strong><\/p>\n<\/div>\n<\/div>\n<\/div>\n<\/div>\n<\/div>\n<p><!--MODULO 3--><\/p>\n<div id=\"modulo-calidad-03\" class=\"padding-large--top contenidoCalidad\">\n<div class=\"container\">\n<div class=\"row\">\n<div class=\"col-md-7 number03\">\n<h3><strong>Investiga\u00e7\u00e3o<\/strong>, desenvolvimento<br \/>\ne produ\u00e7\u00e3o<\/h3>\n<div class=\"contenido-txt\">\n<p class=\"lead\">Nas nossas instala\u00e7\u00f5es, realizamos a investiga\u00e7\u00e3o, desenvolvimento e produ\u00e7\u00e3o dos produtos EIBOL nas suas diversas fases, sendo que para tal dispomos de <strong>laborat\u00f3rio, salas de fermenta\u00e7\u00e3o e de formula\u00e7\u00e3o<\/strong>. <strong>Os requisitos de qualidade dos produtos s\u00e3o devidamente testados para aferir a sua conformidade, sendoa sua efic\u00e1cia posteriormente verificada em testes de laborat\u00f3rio e de campo.<\/strong><\/p>\n<p class=\"lead\">O fruto desse esfor\u00e7o de investiga\u00e7\u00e3o \u00e9 a <strong>pr\u00f3pria cole\u00e7\u00e3o de estirpes de microrganismos<\/strong> que trabalhamos no nosso laborat\u00f3rio de I&amp;D, no qual s\u00e3o sujeitos periodicamente a controlos de qualidade que validam a manuten\u00e7\u00e3o das suas caracter\u00edsticas.<\/p>\n<\/div>\n<\/div>\n<div class=\"col-md-5\"><img decoding=\"async\" style=\"width: 100%; padding-top: 20px;\" src=\"https:\/\/www.eibol.com\/wp-content\/uploads\/2020\/04\/calidad-empresa-biotecnologica-cultivos-03.jpg\" alt=\"Investiga\u00e7\u00e3o, desenvolvimento e produ\u00e7\u00e3o\" \/><\/div>\n<\/div>\n<\/div>\n<\/div>\n","protected":false},"excerpt":{"rendered":"<p>Produtos de alto valor Para cumprir o seu compromisso com o agricultor e a agricultura, a EIBOL desenvolve produtos com alto valor t\u00e9cnico-cient\u00edfico, sujeitos a controles de qualidade durante todo o processo, que ajudam a aumentar a produ\u00e7\u00e3o e a qualidade das colheitas, preservando as condi\u00e7\u00f5es biol\u00f3gicas do solo e a fauna auxiliar. A composi\u00e7\u00e3o [&#8230;]<\/p>\n<p><a class=\"btn btn-secondary understrap-read-more-link\" href=\"https:\/\/www.eibol.com\/pt-pt\/certificados\/sigfito\/\">Continuar a ler&#8230;<span class=\"screen-reader-text\"> from Valorfito<\/span><\/a><\/p>\n","protected":false},"author":1,"featured_media":1066,"parent":0,"menu_order":0,"comment_status":"closed","ping_status":"closed","template":"page-templates\/fullwidthpage.php","meta":{"inline_featured_image":false,"footnotes":""},"class_list":["post-976","page","type-page","status-publish","has-post-thumbnail","hentry"],"yoast_head":"<!-- This site is optimized with the Yoast SEO plugin v27.0 - https:\/\/yoast.com\/product\/yoast-seo-wordpress\/ -->\n<title>Qualidade nas solu\u00e7\u00f5es biol\u00f3gicas para cultivos de EIBOL<\/title>\n<meta name=\"description\" content=\"Todos os produtos de EIBOL est\u00e3o fabricados sob rigorosos controles estabelecidos por Sistemas de Gest\u00e3o de Qualidade e Meio Ambiente.\" \/>\n<meta name=\"robots\" content=\"index, follow, max-snippet:-1, max-image-preview:large, max-video-preview:-1\" \/>\n<link rel=\"canonical\" href=\"https:\/\/www.eibol.com\/pt-pt\/calidad-soluciones-biologicas-para-cultivos\/\" \/>\n<meta property=\"og:locale\" content=\"pt_PT\" \/>\n<meta property=\"og:type\" content=\"article\" \/>\n<meta property=\"og:title\" content=\"Qualidade nas solu\u00e7\u00f5es biol\u00f3gicas para cultivos de EIBOL\" \/>\n<meta property=\"og:description\" content=\"Todos os produtos de EIBOL est\u00e3o fabricados sob rigorosos controles estabelecidos por Sistemas de Gest\u00e3o de Qualidade e Meio Ambiente.\" \/>\n<meta property=\"og:url\" content=\"https:\/\/www.eibol.com\/pt-pt\/calidad-soluciones-biologicas-para-cultivos\/\" \/>\n<meta property=\"og:site_name\" content=\"EIBOL Ib\u00e9rica, S. L.\" \/>\n<meta property=\"article:modified_time\" content=\"2020-10-16T07:21:33+00:00\" \/>\n<meta property=\"og:image\" content=\"https:\/\/www.eibol.com\/wp-content\/uploads\/2020\/05\/portada-calidad.jpg\" \/>\n\t<meta property=\"og:image:width\" content=\"1640\" \/>\n\t<meta property=\"og:image:height\" content=\"920\" \/>\n\t<meta property=\"og:image:type\" content=\"image\/jpeg\" \/>\n<meta name=\"twitter:card\" content=\"summary_large_image\" \/>\n<meta name=\"twitter:label1\" content=\"Tempo estimado de leitura\" \/>\n\t<meta name=\"twitter:data1\" content=\"1 minuto\" \/>\n<script type=\"application\/ld+json\" class=\"yoast-schema-graph\">{\"@context\":\"https:\/\/schema.org\",\"@graph\":[{\"@type\":\"WebPage\",\"@id\":\"https:\/\/www.eibol.com\/pt-pt\/calidad-soluciones-biologicas-para-cultivos\/\",\"url\":\"https:\/\/www.eibol.com\/pt-pt\/calidad-soluciones-biologicas-para-cultivos\/\",\"name\":\"Qualidade nas solu\u00e7\u00f5es biol\u00f3gicas para cultivos de EIBOL\",\"isPartOf\":{\"@id\":\"https:\/\/www.eibol.com\/pt-pt\/#website\"},\"primaryImageOfPage\":{\"@id\":\"https:\/\/www.eibol.com\/pt-pt\/calidad-soluciones-biologicas-para-cultivos\/#primaryimage\"},\"image\":{\"@id\":\"https:\/\/www.eibol.com\/pt-pt\/calidad-soluciones-biologicas-para-cultivos\/#primaryimage\"},\"thumbnailUrl\":\"https:\/\/www.eibol.com\/wp-content\/uploads\/2020\/05\/portada-calidad.jpg\",\"datePublished\":\"2020-04-17T07:06:39+00:00\",\"dateModified\":\"2020-10-16T07:21:33+00:00\",\"description\":\"Todos os produtos de EIBOL est\u00e3o fabricados sob rigorosos controles estabelecidos por Sistemas de Gest\u00e3o de Qualidade e Meio Ambiente.\",\"breadcrumb\":{\"@id\":\"https:\/\/www.eibol.com\/pt-pt\/calidad-soluciones-biologicas-para-cultivos\/#breadcrumb\"},\"inLanguage\":\"pt-PT\",\"potentialAction\":[{\"@type\":\"ReadAction\",\"target\":[\"https:\/\/www.eibol.com\/pt-pt\/calidad-soluciones-biologicas-para-cultivos\/\"]}]},{\"@type\":\"ImageObject\",\"inLanguage\":\"pt-PT\",\"@id\":\"https:\/\/www.eibol.com\/pt-pt\/calidad-soluciones-biologicas-para-cultivos\/#primaryimage\",\"url\":\"https:\/\/www.eibol.com\/wp-content\/uploads\/2020\/05\/portada-calidad.jpg\",\"contentUrl\":\"https:\/\/www.eibol.com\/wp-content\/uploads\/2020\/05\/portada-calidad.jpg\",\"width\":1640,\"height\":920,\"caption\":\"Calidad EIBOL\"},{\"@type\":\"BreadcrumbList\",\"@id\":\"https:\/\/www.eibol.com\/pt-pt\/calidad-soluciones-biologicas-para-cultivos\/#breadcrumb\",\"itemListElement\":[{\"@type\":\"ListItem\",\"position\":1,\"name\":\"Portada\",\"item\":\"https:\/\/www.eibol.com\/pt-pt\/\"},{\"@type\":\"ListItem\",\"position\":2,\"name\":\"Qualidade\"}]},{\"@type\":\"WebSite\",\"@id\":\"https:\/\/www.eibol.com\/pt-pt\/#website\",\"url\":\"https:\/\/www.eibol.com\/pt-pt\/\",\"name\":\"EIBOL Ib\u00e9rica, S. L.\",\"description\":\"Bioestimulantes y productos ecol\u00f3gicos para la agricultura\",\"potentialAction\":[{\"@type\":\"SearchAction\",\"target\":{\"@type\":\"EntryPoint\",\"urlTemplate\":\"https:\/\/www.eibol.com\/pt-pt\/?s={search_term_string}\"},\"query-input\":{\"@type\":\"PropertyValueSpecification\",\"valueRequired\":true,\"valueName\":\"search_term_string\"}}],\"inLanguage\":\"pt-PT\"}]}<\/script>\n<!-- \/ Yoast SEO plugin. -->","yoast_head_json":{"title":"Qualidade nas solu\u00e7\u00f5es biol\u00f3gicas para cultivos de EIBOL","description":"Todos os produtos de EIBOL est\u00e3o fabricados sob rigorosos controles estabelecidos por Sistemas de Gest\u00e3o de Qualidade e Meio Ambiente.","robots":{"index":"index","follow":"follow","max-snippet":"max-snippet:-1","max-image-preview":"max-image-preview:large","max-video-preview":"max-video-preview:-1"},"canonical":"https:\/\/www.eibol.com\/pt-pt\/calidad-soluciones-biologicas-para-cultivos\/","og_locale":"pt_PT","og_type":"article","og_title":"Qualidade nas solu\u00e7\u00f5es biol\u00f3gicas para cultivos de EIBOL","og_description":"Todos os produtos de EIBOL est\u00e3o fabricados sob rigorosos controles estabelecidos por Sistemas de Gest\u00e3o de Qualidade e Meio Ambiente.","og_url":"https:\/\/www.eibol.com\/pt-pt\/calidad-soluciones-biologicas-para-cultivos\/","og_site_name":"EIBOL Ib\u00e9rica, S. L.","article_modified_time":"2020-10-16T07:21:33+00:00","og_image":[{"width":1640,"height":920,"url":"https:\/\/www.eibol.com\/wp-content\/uploads\/2020\/05\/portada-calidad.jpg","type":"image\/jpeg"}],"twitter_card":"summary_large_image","twitter_misc":{"Tempo estimado de leitura":"1 minuto"},"schema":{"@context":"https:\/\/schema.org","@graph":[{"@type":"WebPage","@id":"https:\/\/www.eibol.com\/pt-pt\/calidad-soluciones-biologicas-para-cultivos\/","url":"https:\/\/www.eibol.com\/pt-pt\/calidad-soluciones-biologicas-para-cultivos\/","name":"Qualidade nas solu\u00e7\u00f5es biol\u00f3gicas para cultivos de EIBOL","isPartOf":{"@id":"https:\/\/www.eibol.com\/pt-pt\/#website"},"primaryImageOfPage":{"@id":"https:\/\/www.eibol.com\/pt-pt\/calidad-soluciones-biologicas-para-cultivos\/#primaryimage"},"image":{"@id":"https:\/\/www.eibol.com\/pt-pt\/calidad-soluciones-biologicas-para-cultivos\/#primaryimage"},"thumbnailUrl":"https:\/\/www.eibol.com\/wp-content\/uploads\/2020\/05\/portada-calidad.jpg","datePublished":"2020-04-17T07:06:39+00:00","dateModified":"2020-10-16T07:21:33+00:00","description":"Todos os produtos de EIBOL est\u00e3o fabricados sob rigorosos controles estabelecidos por Sistemas de Gest\u00e3o de Qualidade e Meio Ambiente.","breadcrumb":{"@id":"https:\/\/www.eibol.com\/pt-pt\/calidad-soluciones-biologicas-para-cultivos\/#breadcrumb"},"inLanguage":"pt-PT","potentialAction":[{"@type":"ReadAction","target":["https:\/\/www.eibol.com\/pt-pt\/calidad-soluciones-biologicas-para-cultivos\/"]}]},{"@type":"ImageObject","inLanguage":"pt-PT","@id":"https:\/\/www.eibol.com\/pt-pt\/calidad-soluciones-biologicas-para-cultivos\/#primaryimage","url":"https:\/\/www.eibol.com\/wp-content\/uploads\/2020\/05\/portada-calidad.jpg","contentUrl":"https:\/\/www.eibol.com\/wp-content\/uploads\/2020\/05\/portada-calidad.jpg","width":1640,"height":920,"caption":"Calidad EIBOL"},{"@type":"BreadcrumbList","@id":"https:\/\/www.eibol.com\/pt-pt\/calidad-soluciones-biologicas-para-cultivos\/#breadcrumb","itemListElement":[{"@type":"ListItem","position":1,"name":"Portada","item":"https:\/\/www.eibol.com\/pt-pt\/"},{"@type":"ListItem","position":2,"name":"Qualidade"}]},{"@type":"WebSite","@id":"https:\/\/www.eibol.com\/pt-pt\/#website","url":"https:\/\/www.eibol.com\/pt-pt\/","name":"EIBOL Ib\u00e9rica, S. L.","description":"Bioestimulantes y productos ecol\u00f3gicos para la agricultura","potentialAction":[{"@type":"SearchAction","target":{"@type":"EntryPoint","urlTemplate":"https:\/\/www.eibol.com\/pt-pt\/?s={search_term_string}"},"query-input":{"@type":"PropertyValueSpecification","valueRequired":true,"valueName":"search_term_string"}}],"inLanguage":"pt-PT"}]}},"_links":{"self":[{"href":"https:\/\/www.eibol.com\/pt-pt\/wp-json\/wp\/v2\/pages\/976","targetHints":{"allow":["GET"]}}],"collection":[{"href":"https:\/\/www.eibol.com\/pt-pt\/wp-json\/wp\/v2\/pages"}],"about":[{"href":"https:\/\/www.eibol.com\/pt-pt\/wp-json\/wp\/v2\/types\/page"}],"author":[{"embeddable":true,"href":"https:\/\/www.eibol.com\/pt-pt\/wp-json\/wp\/v2\/users\/1"}],"replies":[{"embeddable":true,"href":"https:\/\/www.eibol.com\/pt-pt\/wp-json\/wp\/v2\/comments?post=976"}],"version-history":[{"count":15,"href":"https:\/\/www.eibol.com\/pt-pt\/wp-json\/wp\/v2\/pages\/976\/revisions"}],"predecessor-version":[{"id":2051,"href":"https:\/\/www.eibol.com\/pt-pt\/wp-json\/wp\/v2\/pages\/976\/revisions\/2051"}],"wp:featuredmedia":[{"embeddable":true,"href":"https:\/\/www.eibol.com\/pt-pt\/wp-json\/wp\/v2\/media\/1066"}],"wp:attachment":[{"href":"https:\/\/www.eibol.com\/pt-pt\/wp-json\/wp\/v2\/media?parent=976"}],"curies":[{"name":"wp","href":"https:\/\/api.w.org\/{rel}","templated":true}]}}