{"id":8974,"date":"2022-07-04T12:27:21","date_gmt":"2022-07-04T12:27:21","guid":{"rendered":"https:\/\/www.eibol.com\/?page_id=8974"},"modified":"2024-10-25T09:48:07","modified_gmt":"2024-10-25T09:48:07","slug":"downloads","status":"publish","type":"page","link":"https:\/\/www.eibol.com\/pt-pt\/downloads\/","title":{"rendered":"Downloads"},"content":{"rendered":"\n<div class=\"wp-block-columns alignwide is-layout-flex wp-container-core-columns-is-layout-9d6595d7 wp-block-columns-is-layout-flex\">\n<div class=\"wp-block-column has-gray-dark-color has-white-background-color has-text-color has-background has-link-color wp-elements-a3b0bba9bb44e28b24e4263954d02b9c is-layout-flow wp-block-column-is-layout-flow\" style=\"padding-top:2em;padding-right:2em;padding-bottom:2em;padding-left:2em\">\n<figure class=\"wp-block-image size-full\"><img loading=\"lazy\" decoding=\"async\" width=\"400\" height=\"400\" src=\"https:\/\/www.eibol.com\/wp-content\/uploads\/2023\/01\/portada-fortenubol-eibol_PT.jpg\" alt=\"\" class=\"wp-image-12198\" srcset=\"https:\/\/www.eibol.com\/wp-content\/uploads\/2023\/01\/portada-fortenubol-eibol_PT.jpg 400w, https:\/\/www.eibol.com\/wp-content\/uploads\/2023\/01\/portada-fortenubol-eibol_PT-300x300.jpg 300w, https:\/\/www.eibol.com\/wp-content\/uploads\/2023\/01\/portada-fortenubol-eibol_PT-150x150.jpg 150w, https:\/\/www.eibol.com\/wp-content\/uploads\/2023\/01\/portada-fortenubol-eibol_PT-52x52.jpg 52w\" sizes=\"auto, (max-width: 400px) 100vw, 400px\" \/><\/figure>\n\n\n\n<h2 class=\"wp-block-heading has-green-color has-text-color\" style=\"font-size:30px;font-style:normal;font-weight:400\"><strong>Cat\u00e1logo FORTENUBOL<\/strong><\/h2>\n\n\n\n<p><strong>Bioativador de crescimento vegetal<\/strong><\/p>\n\n\n\n<p class=\"has-small-font-size\">FORTENUBOL \u00e9 uma solu\u00e7\u00e3o bioestimulante de origem vegetal, altamente ativa e com not\u00e1vel influ\u00eancia na rizog\u00eanese e nutri\u00e7\u00e3o das plantas, estimulando o crescimento e aumentando o rendimento das culturas.<\/p>\n\n\n\n<div class=\"wp-block-buttons is-layout-flex wp-block-buttons-is-layout-flex\">\n<div class=\"wp-block-button has-custom-width wp-block-button__width-100\"><a class=\"wp-block-button__link has-white-color has-text-color has-background wp-element-button\" href=\"https:\/\/www.eibol.com\/wp-content\/uploads\/2023\/01\/Catalogo_Fortenubol_PT-3.pdf\" style=\"background-color:#95bd26\" target=\"_blank\" rel=\"noreferrer noopener\">Descarregar<\/a><\/div>\n<\/div>\n<\/div>\n\n\n\n<div class=\"wp-block-column is-vertically-aligned-top has-gray-dark-color has-white-background-color has-text-color has-background has-link-color wp-elements-7c1cf664f91a182683e73b6348b2e853 is-layout-flow wp-block-column-is-layout-flow\" style=\"padding-top:2em;padding-right:2em;padding-bottom:2em;padding-left:2em\">\n<figure class=\"wp-block-image size-large\"><img loading=\"lazy\" decoding=\"async\" width=\"1024\" height=\"1024\" src=\"https:\/\/www.eibol.com\/wp-content\/uploads\/2024\/10\/Catalogo-Boden-Portada-3-1024x1024.jpg\" alt=\"\" class=\"wp-image-22596\" srcset=\"https:\/\/www.eibol.com\/wp-content\/uploads\/2024\/10\/Catalogo-Boden-Portada-3-1024x1024.jpg 1024w, https:\/\/www.eibol.com\/wp-content\/uploads\/2024\/10\/Catalogo-Boden-Portada-3-300x300.jpg 300w, https:\/\/www.eibol.com\/wp-content\/uploads\/2024\/10\/Catalogo-Boden-Portada-3-150x150.jpg 150w, https:\/\/www.eibol.com\/wp-content\/uploads\/2024\/10\/Catalogo-Boden-Portada-3-768x768.jpg 768w, https:\/\/www.eibol.com\/wp-content\/uploads\/2024\/10\/Catalogo-Boden-Portada-3-52x52.jpg 52w, https:\/\/www.eibol.com\/wp-content\/uploads\/2024\/10\/Catalogo-Boden-Portada-3-620x620.jpg 620w, https:\/\/www.eibol.com\/wp-content\/uploads\/2024\/10\/Catalogo-Boden-Portada-3-1536x1536.jpg 1536w, https:\/\/www.eibol.com\/wp-content\/uploads\/2024\/10\/Catalogo-Boden-Portada-3-2048x2048.jpg 2048w\" sizes=\"auto, (max-width: 1024px) 100vw, 1024px\" \/><\/figure>\n\n\n\n<h2 class=\"wp-block-heading has-text-align-left has-green-color has-text-color has-link-color wp-elements-33984d43b118b3e4a864e6ebd5eb910b\" style=\"font-size:30px\"><strong>Cat\u00e1logo BODEN<\/strong><\/h2>\n\n\n\n<h6 class=\"wp-block-heading has-text-align-left\"><strong>Regenerador de solo com microrganismos<\/strong><\/h6>\n\n\n\n<p class=\"has-small-font-size\">BODEN \u00e9 um biofertilizante regenerador do solo, formulado com os microrganismos <em>Azotobacter chroococcum <\/em>e <em>Bacillus megaterium<\/em>, microrganismos de grande import\u00e2ncia no equil\u00edbrio dos solos e no desenvolvimento das culturas.<\/p>\n\n\n\n<div class=\"wp-block-group alignfull has-white-color has-text-color has-link-color wp-elements-caad7fd76a01460bdfdfbfbcbb6eeaa0\"><div class=\"wp-block-group__inner-container is-layout-constrained wp-block-group-is-layout-constrained\">\n<div class=\"wp-block-buttons is-content-justification-center is-layout-flex wp-container-core-buttons-is-layout-16018d1d wp-block-buttons-is-layout-flex\">\n<div class=\"wp-block-button has-custom-width wp-block-button__width-100 is-style-fill\"><a class=\"wp-block-button__link has-text-align-center wp-element-button\" href=\"https:\/\/www.calameo.com\/eibol-iberica\/read\/007079471250e0347e0d3\">Descarregar<\/a><\/div>\n<\/div>\n<\/div><\/div>\n<\/div>\n\n\n\n<div class=\"wp-block-column is-vertically-aligned-top has-gray-dark-color has-white-background-color has-text-color has-background has-link-color wp-elements-8e0e1f6254c62fc6477b3c41edd8caeb is-layout-flow wp-block-column-is-layout-flow\" style=\"padding-top:2em;padding-right:2em;padding-bottom:2em;padding-left:2em\">\n<figure class=\"wp-block-image size-large\"><img loading=\"lazy\" decoding=\"async\" width=\"1024\" height=\"1024\" src=\"https:\/\/www.eibol.com\/wp-content\/uploads\/2024\/10\/Catalogo-Radiko-Portada-1024x1024.jpg\" alt=\"\" class=\"wp-image-22606\" srcset=\"https:\/\/www.eibol.com\/wp-content\/uploads\/2024\/10\/Catalogo-Radiko-Portada-1024x1024.jpg 1024w, https:\/\/www.eibol.com\/wp-content\/uploads\/2024\/10\/Catalogo-Radiko-Portada-300x300.jpg 300w, https:\/\/www.eibol.com\/wp-content\/uploads\/2024\/10\/Catalogo-Radiko-Portada-150x150.jpg 150w, https:\/\/www.eibol.com\/wp-content\/uploads\/2024\/10\/Catalogo-Radiko-Portada-768x768.jpg 768w, https:\/\/www.eibol.com\/wp-content\/uploads\/2024\/10\/Catalogo-Radiko-Portada-52x52.jpg 52w, https:\/\/www.eibol.com\/wp-content\/uploads\/2024\/10\/Catalogo-Radiko-Portada-620x620.jpg 620w, https:\/\/www.eibol.com\/wp-content\/uploads\/2024\/10\/Catalogo-Radiko-Portada-1536x1536.jpg 1536w, https:\/\/www.eibol.com\/wp-content\/uploads\/2024\/10\/Catalogo-Radiko-Portada-2048x2048.jpg 2048w\" sizes=\"auto, (max-width: 1024px) 100vw, 1024px\" \/><\/figure>\n\n\n\n<h2 class=\"wp-block-heading has-text-align-left has-green-color has-text-color has-link-color wp-elements-97bcfe60d997f97501862f5c6e706818\" style=\"font-size:30px\"><strong>Cat\u00e1logo RADIKO<\/strong><\/h2>\n\n\n\n<h6 class=\"wp-block-heading has-text-align-left\"><strong>Bioestimulante radicular com microrganismos<\/strong><\/h6>\n\n\n\n<p class=\"has-small-font-size\">RADIKO \u00e9 um agente bioenraizador formulado com a rizobact\u00e9ria <em>Pseudomonas koreensis<\/em> e uma sele\u00e7\u00e3o de amino\u00e1cidos com uma elevada capacidade bioestimulante.<\/p>\n\n\n\n<div class=\"wp-block-group alignfull has-white-color has-text-color has-link-color wp-elements-9f3af51b0639cb1ab19bc2d57e684f1c\"><div class=\"wp-block-group__inner-container is-layout-constrained wp-block-group-is-layout-constrained\">\n<div class=\"wp-block-buttons is-content-justification-center is-layout-flex wp-container-core-buttons-is-layout-16018d1d wp-block-buttons-is-layout-flex\">\n<div class=\"wp-block-button has-custom-width wp-block-button__width-100 is-style-fill\"><a class=\"wp-block-button__link has-text-align-center wp-element-button\" href=\"https:\/\/www.calameo.com\/eibol-iberica\/read\/007079471d0895d33c710\">Descarregar<\/a><\/div>\n<\/div>\n<\/div><\/div>\n<\/div>\n<\/div>\n\n\n\n<p><\/p>\n","protected":false},"excerpt":{"rendered":"<p>Cat\u00e1logo FORTENUBOL Bioativador de crescimento vegetal FORTENUBOL \u00e9 uma solu\u00e7\u00e3o bioestimulante de origem vegetal, altamente ativa e com not\u00e1vel influ\u00eancia na rizog\u00eanese e nutri\u00e7\u00e3o das plantas, estimulando o crescimento e aumentando o rendimento das culturas. Cat\u00e1logo BODEN Regenerador de solo com microrganismos BODEN \u00e9 um biofertilizante regenerador do solo, formulado com os microrganismos Azotobacter chroococcum [&#8230;]<\/p>\n<p><a class=\"btn btn-secondary understrap-read-more-link\" href=\"https:\/\/www.eibol.com\/pt-pt\/downloads\/\">Continuar a ler&#8230;<span class=\"screen-reader-text\"> from Downloads<\/span><\/a><\/p>\n","protected":false},"author":3,"featured_media":0,"parent":0,"menu_order":0,"comment_status":"closed","ping_status":"open","template":"page-templates\/defaultpage-legal-boxed.php","meta":{"inline_featured_image":false,"footnotes":""},"class_list":["post-8974","page","type-page","status-publish","hentry"],"yoast_head":"<!-- This site is optimized with the Yoast SEO plugin v27.0 - https:\/\/yoast.com\/product\/yoast-seo-wordpress\/ -->\n<title>Downloads EIBOL<\/title>\n<meta name=\"robots\" content=\"index, follow, max-snippet:-1, max-image-preview:large, max-video-preview:-1\" \/>\n<link rel=\"canonical\" href=\"https:\/\/www.eibol.com\/pt-pt\/downloads\/\" \/>\n<meta property=\"og:locale\" content=\"pt_PT\" \/>\n<meta property=\"og:type\" content=\"article\" \/>\n<meta property=\"og:title\" content=\"Downloads EIBOL\" \/>\n<meta property=\"og:description\" content=\"Cat\u00e1logo FORTENUBOL Bioativador de crescimento vegetal FORTENUBOL \u00e9 uma solu\u00e7\u00e3o bioestimulante de origem vegetal, altamente ativa e com not\u00e1vel influ\u00eancia na rizog\u00eanese e nutri\u00e7\u00e3o das plantas, estimulando o crescimento e aumentando o rendimento das culturas. Cat\u00e1logo BODEN Regenerador de solo com microrganismos BODEN \u00e9 um biofertilizante regenerador do solo, formulado com os microrganismos Azotobacter chroococcum [...]Continuar a ler... from Downloads\" \/>\n<meta property=\"og:url\" content=\"https:\/\/www.eibol.com\/pt-pt\/downloads\/\" \/>\n<meta property=\"og:site_name\" content=\"EIBOL Ib\u00e9rica, S. L.\" \/>\n<meta property=\"article:modified_time\" content=\"2024-10-25T09:48:07+00:00\" \/>\n<meta property=\"og:image\" content=\"https:\/\/www.eibol.com\/wp-content\/uploads\/2023\/01\/portada-fortenubol-eibol_PT.jpg\" \/>\n<meta name=\"twitter:card\" content=\"summary_large_image\" \/>\n<meta name=\"twitter:label1\" content=\"Tempo estimado de leitura\" \/>\n\t<meta name=\"twitter:data1\" content=\"2 minutos\" \/>\n<script type=\"application\/ld+json\" class=\"yoast-schema-graph\">{\"@context\":\"https:\/\/schema.org\",\"@graph\":[{\"@type\":\"WebPage\",\"@id\":\"https:\/\/www.eibol.com\/pt-pt\/downloads\/\",\"url\":\"https:\/\/www.eibol.com\/pt-pt\/downloads\/\",\"name\":\"Downloads EIBOL\",\"isPartOf\":{\"@id\":\"https:\/\/www.eibol.com\/pt-pt\/#website\"},\"primaryImageOfPage\":{\"@id\":\"https:\/\/www.eibol.com\/pt-pt\/downloads\/#primaryimage\"},\"image\":{\"@id\":\"https:\/\/www.eibol.com\/pt-pt\/downloads\/#primaryimage\"},\"thumbnailUrl\":\"https:\/\/www.eibol.com\/wp-content\/uploads\/2023\/01\/portada-fortenubol-eibol_PT.jpg\",\"datePublished\":\"2022-07-04T12:27:21+00:00\",\"dateModified\":\"2024-10-25T09:48:07+00:00\",\"breadcrumb\":{\"@id\":\"https:\/\/www.eibol.com\/pt-pt\/downloads\/#breadcrumb\"},\"inLanguage\":\"pt-PT\",\"potentialAction\":[{\"@type\":\"ReadAction\",\"target\":[\"https:\/\/www.eibol.com\/pt-pt\/downloads\/\"]}]},{\"@type\":\"ImageObject\",\"inLanguage\":\"pt-PT\",\"@id\":\"https:\/\/www.eibol.com\/pt-pt\/downloads\/#primaryimage\",\"url\":\"https:\/\/www.eibol.com\/wp-content\/uploads\/2023\/01\/portada-fortenubol-eibol_PT.jpg\",\"contentUrl\":\"https:\/\/www.eibol.com\/wp-content\/uploads\/2023\/01\/portada-fortenubol-eibol_PT.jpg\"},{\"@type\":\"BreadcrumbList\",\"@id\":\"https:\/\/www.eibol.com\/pt-pt\/downloads\/#breadcrumb\",\"itemListElement\":[{\"@type\":\"ListItem\",\"position\":1,\"name\":\"Portada\",\"item\":\"https:\/\/www.eibol.com\/pt-pt\/\"},{\"@type\":\"ListItem\",\"position\":2,\"name\":\"Downloads\"}]},{\"@type\":\"WebSite\",\"@id\":\"https:\/\/www.eibol.com\/pt-pt\/#website\",\"url\":\"https:\/\/www.eibol.com\/pt-pt\/\",\"name\":\"EIBOL Ib\u00e9rica, S. L.\",\"description\":\"Bioestimulantes y productos ecol\u00f3gicos para la agricultura\",\"potentialAction\":[{\"@type\":\"SearchAction\",\"target\":{\"@type\":\"EntryPoint\",\"urlTemplate\":\"https:\/\/www.eibol.com\/pt-pt\/?s={search_term_string}\"},\"query-input\":{\"@type\":\"PropertyValueSpecification\",\"valueRequired\":true,\"valueName\":\"search_term_string\"}}],\"inLanguage\":\"pt-PT\"}]}<\/script>\n<!-- \/ Yoast SEO plugin. -->","yoast_head_json":{"title":"Downloads EIBOL","robots":{"index":"index","follow":"follow","max-snippet":"max-snippet:-1","max-image-preview":"max-image-preview:large","max-video-preview":"max-video-preview:-1"},"canonical":"https:\/\/www.eibol.com\/pt-pt\/downloads\/","og_locale":"pt_PT","og_type":"article","og_title":"Downloads EIBOL","og_description":"Cat\u00e1logo FORTENUBOL Bioativador de crescimento vegetal FORTENUBOL \u00e9 uma solu\u00e7\u00e3o bioestimulante de origem vegetal, altamente ativa e com not\u00e1vel influ\u00eancia na rizog\u00eanese e nutri\u00e7\u00e3o das plantas, estimulando o crescimento e aumentando o rendimento das culturas. Cat\u00e1logo BODEN Regenerador de solo com microrganismos BODEN \u00e9 um biofertilizante regenerador do solo, formulado com os microrganismos Azotobacter chroococcum [...]Continuar a ler... from Downloads","og_url":"https:\/\/www.eibol.com\/pt-pt\/downloads\/","og_site_name":"EIBOL Ib\u00e9rica, S. L.","article_modified_time":"2024-10-25T09:48:07+00:00","og_image":[{"url":"https:\/\/www.eibol.com\/wp-content\/uploads\/2023\/01\/portada-fortenubol-eibol_PT.jpg","type":"","width":"","height":""}],"twitter_card":"summary_large_image","twitter_misc":{"Tempo estimado de leitura":"2 minutos"},"schema":{"@context":"https:\/\/schema.org","@graph":[{"@type":"WebPage","@id":"https:\/\/www.eibol.com\/pt-pt\/downloads\/","url":"https:\/\/www.eibol.com\/pt-pt\/downloads\/","name":"Downloads EIBOL","isPartOf":{"@id":"https:\/\/www.eibol.com\/pt-pt\/#website"},"primaryImageOfPage":{"@id":"https:\/\/www.eibol.com\/pt-pt\/downloads\/#primaryimage"},"image":{"@id":"https:\/\/www.eibol.com\/pt-pt\/downloads\/#primaryimage"},"thumbnailUrl":"https:\/\/www.eibol.com\/wp-content\/uploads\/2023\/01\/portada-fortenubol-eibol_PT.jpg","datePublished":"2022-07-04T12:27:21+00:00","dateModified":"2024-10-25T09:48:07+00:00","breadcrumb":{"@id":"https:\/\/www.eibol.com\/pt-pt\/downloads\/#breadcrumb"},"inLanguage":"pt-PT","potentialAction":[{"@type":"ReadAction","target":["https:\/\/www.eibol.com\/pt-pt\/downloads\/"]}]},{"@type":"ImageObject","inLanguage":"pt-PT","@id":"https:\/\/www.eibol.com\/pt-pt\/downloads\/#primaryimage","url":"https:\/\/www.eibol.com\/wp-content\/uploads\/2023\/01\/portada-fortenubol-eibol_PT.jpg","contentUrl":"https:\/\/www.eibol.com\/wp-content\/uploads\/2023\/01\/portada-fortenubol-eibol_PT.jpg"},{"@type":"BreadcrumbList","@id":"https:\/\/www.eibol.com\/pt-pt\/downloads\/#breadcrumb","itemListElement":[{"@type":"ListItem","position":1,"name":"Portada","item":"https:\/\/www.eibol.com\/pt-pt\/"},{"@type":"ListItem","position":2,"name":"Downloads"}]},{"@type":"WebSite","@id":"https:\/\/www.eibol.com\/pt-pt\/#website","url":"https:\/\/www.eibol.com\/pt-pt\/","name":"EIBOL Ib\u00e9rica, S. L.","description":"Bioestimulantes y productos ecol\u00f3gicos para la agricultura","potentialAction":[{"@type":"SearchAction","target":{"@type":"EntryPoint","urlTemplate":"https:\/\/www.eibol.com\/pt-pt\/?s={search_term_string}"},"query-input":{"@type":"PropertyValueSpecification","valueRequired":true,"valueName":"search_term_string"}}],"inLanguage":"pt-PT"}]}},"_links":{"self":[{"href":"https:\/\/www.eibol.com\/pt-pt\/wp-json\/wp\/v2\/pages\/8974","targetHints":{"allow":["GET"]}}],"collection":[{"href":"https:\/\/www.eibol.com\/pt-pt\/wp-json\/wp\/v2\/pages"}],"about":[{"href":"https:\/\/www.eibol.com\/pt-pt\/wp-json\/wp\/v2\/types\/page"}],"author":[{"embeddable":true,"href":"https:\/\/www.eibol.com\/pt-pt\/wp-json\/wp\/v2\/users\/3"}],"replies":[{"embeddable":true,"href":"https:\/\/www.eibol.com\/pt-pt\/wp-json\/wp\/v2\/comments?post=8974"}],"version-history":[{"count":29,"href":"https:\/\/www.eibol.com\/pt-pt\/wp-json\/wp\/v2\/pages\/8974\/revisions"}],"predecessor-version":[{"id":22612,"href":"https:\/\/www.eibol.com\/pt-pt\/wp-json\/wp\/v2\/pages\/8974\/revisions\/22612"}],"wp:attachment":[{"href":"https:\/\/www.eibol.com\/pt-pt\/wp-json\/wp\/v2\/media?parent=8974"}],"curies":[{"name":"wp","href":"https:\/\/api.w.org\/{rel}","templated":true}]}}