{"id":2291,"date":"2020-11-23T15:13:41","date_gmt":"2020-11-23T15:13:41","guid":{"rendered":"https:\/\/www.eibol.com\/aviso-legal\/"},"modified":"2020-11-23T15:15:03","modified_gmt":"2020-11-23T15:15:03","slug":"aviso-legal","status":"publish","type":"page","link":"https:\/\/www.eibol.com\/pt-pt\/aviso-legal\/","title":{"rendered":"Aviso Legal"},"content":{"rendered":"\n<p>De acordo com a Lei 34\/2002, de 11 de julho, relativa aos servi\u00e7os da sociedade da informa\u00e7\u00e3o e de com\u00e9rcio eletr\u00f3nico indicamos a seguir os dados sociais da entidade:<\/p>\n\n<p><strong>EIBOL IB\u00c9RICA, S. L.<\/strong><\/p>\n\n<p><strong>N.I.F\/C.I.F<\/strong>.: <strong>B98453111<\/strong><\/p>\n\n<p><strong>Cl. Llauradors, 12 (Pol\u00edgono Industrial Campo Anibal), 46530 Puzol<\/strong><strong> (Valencia).<\/strong><\/p>\n\n<p><strong>Telefone: 96 146 55 18<\/strong><\/p>\n\n<p><strong>E-mail<\/strong><strong>: info@eibol.com<\/strong><\/p>\n\n<p><strong>Matriculada na Conservat\u00f3ria do Registo Comercial de Val\u00eancia, Tomo 6770, F\u00f3lio 20, Folha V-149122, Inscri\u00e7\u00e3o 1.\u00aa<\/strong><\/p>\n\n<p>As presentes condi\u00e7\u00f5es gerais regulam a utiliza\u00e7\u00e3o do servi\u00e7o do s\u00edtio www.eibol.com, cujo propriet\u00e1rio \u00e9 a <strong>EIBOL IB\u00c9RICA, S. L.<\/strong>, disponibilizado de forma gratuita aos utilizadores da Internet, sendo que a sua navega\u00e7\u00e3o n\u00e3o requer qualquer subscri\u00e7\u00e3o ou registo pr\u00e9vios. A utiliza\u00e7\u00e3o do nosso s\u00edtio Web atribui-lhe a condi\u00e7\u00e3o de utilizador e sup\u00f5e a sua aceita\u00e7\u00e3o de forma plena e sem reservas de todas as condi\u00e7\u00f5es gerais contidas na vers\u00e3o publicada pela <strong>EIBOL IB\u00c9RICA, S. L<\/strong>. no momento em que acede ao nosso s\u00edtio Web, assim como da nossa pol\u00edtica de privacidade e de tratamento de dados pessoais. O utilizador dever\u00e1 ler com aten\u00e7\u00e3o as condi\u00e7\u00f5es gerais sempre que visite o nosso s\u00edtio Web. Al\u00e9m disso, a utiliza\u00e7\u00e3o do servi\u00e7o fica igualmente sujeita a todos os avisos, regulamentos de uso e instru\u00e7\u00f5es, comunicados ao utilizador pela <strong>EIBOL IB\u00c9RICA, S. L<\/strong>., tal como previsto nestas condi\u00e7\u00f5es gerais, na medida em que n\u00e3o se oponham a elas.<\/p>\n\n<p>A <strong>EIBOL IB\u00c9RICA, S. L.<\/strong> reserva-se o direito a rejeitar ou a retirar o acesso ao seu s\u00edtio Web, em qualquer momento e sem necessidade de aviso pr\u00e9vio, aos utilizadores que incumpram as presentes condi\u00e7\u00f5es gerais, assim como as condi\u00e7\u00f5es particulares aplic\u00e1veis.<\/p>\n\n<p>Com car\u00e1ter geral, o utilizador obriga-se ao cumprimento das presentes condi\u00e7\u00f5es e termos de utiliza\u00e7\u00e3o, agindo sempre se acordo com a lei, as boas pr\u00e1ticas e as exig\u00eancias da boa f\u00e9, aplicando a dilig\u00eancia adequada \u00e0 natureza do servi\u00e7o que usufrui, abstendo-se de utilizar o s\u00edtio www.eibol.com de uma forma que possa obstaculizar, danificar ou deteriorar o seu funcionamento normal, os bens ou direitos da <strong>EIBOL IB\u00c9RICA, S. L<\/strong>., ou dos restantes utilizadores ou, em geral, de qualquer terceiro.<\/p>\n\n<p>O utilizador obriga-se, especialmente, no que respeita \u00e0 utiliza\u00e7\u00e3o do s\u00edtio www.eibol.com:<\/p>\n\n<ul class=\"wp-block-list\"><li>A n\u00e3o introduzir, armazenar ou difundir no s\u00edtio Web ou a partir dele, qualquer informa\u00e7\u00e3o ou material de car\u00e1ter difamat\u00f3rio, ofensivo, obsceno, amea\u00e7ador, xen\u00f3fobo, que incite \u00e0 viol\u00eancia, \u00e0 discrimina\u00e7\u00e3o em fun\u00e7\u00e3o da ra\u00e7a, sexo, ideologia, religi\u00e3o ou que, de qualquer forma, ameace a moral, a ordem p\u00fablica, os direitos fundamentais e as liberdades p\u00fablicas, a honra, a privacidade ou a imagem de terceiros e, em geral, a legisla\u00e7\u00e3o vigente.<\/li><li>A n\u00e3o introduzir, armazenar ou difundir, atrav\u00e9s do s\u00edtio web, nenhum programa de computador, dados, v\u00edrus, c\u00f3digos, equipamento de hardware ou de telecomunica\u00e7\u00f5es ou qualquer outro instrumento ou dispositivo eletr\u00f3nico ou f\u00edsico que possa causar danos no s\u00edtio Web, em quaisquer servi\u00e7os ou equipamentos, sistemas ou redes da <strong>EIBOL IB\u00c9RICA, S. L<\/strong>., de qualquer utilizador ou, em geral, de qualquer terceiro ou que, de alguma forma, produza qualquer altera\u00e7\u00e3o ou impe\u00e7a o seu normal funcionamento.<\/li><li>A n\u00e3o destruir, alterar, utilizar para o seu uso, inutilizar ou deteriorar os dados, informa\u00e7\u00f5es, programas ou documentos eletr\u00f3nicos da <strong>EIBOL IB\u00c9RICA, S. L<\/strong>. ou de terceiros.<\/li><li>O utilizador n\u00e3o obstaculizar\u00e1 a utiliza\u00e7\u00e3o do servi\u00e7o da <strong>EIBOL IB\u00c9RICA, S. L.<\/strong>, de outro utilizador, nem a utiliza\u00e7\u00e3o de servi\u00e7os similares por parte de outra entidade.<\/li><li>O utilizador, em particular, deve abster-se de qualquer ato contr\u00e1rio \u00e0s regras que regulam a prote\u00e7\u00e3o dos dados pessoais, o mercado, os consumidores, a propriedade intelectual, as regras fiscais, bem como a honra, a privacidade, a imagem e a reputa\u00e7\u00e3o de pessoas ou entidades.<\/li><li>\u00c9 proibido ao utilizador suprimir, iludir ou manipular o \u201ccopyright\u201d e outros dados identificativos dos direitos da <strong>EIBOL IB\u00c9RICA, S. L<\/strong>. ou dos seus titulares incorporados nos conte\u00fados, bem como os dispositivos t\u00e9cnicos de prote\u00e7\u00e3o e quaisquer mecanismos de informa\u00e7\u00e3o que possam estar inclu\u00eddos no conte\u00fado.<\/li><\/ul>\n<p>A <strong>EIBOL IB\u00c9RICA, S. L<\/strong>. pode, por sua pr\u00f3pria decis\u00e3o, considerar conclu\u00eddo o servi\u00e7o de forma imediata, caso a conduta do utilizador n\u00e3o for conforme aos termos e condi\u00e7\u00f5es indicados na presente.<\/p>\n\n<p>A <strong>EIBOL IB\u00c9RICA, S. L<\/strong>. pode, em qualquer momento e sem aviso pr\u00e9vio, alterar as presentes condi\u00e7\u00f5es gerais, assim como as condi\u00e7\u00f5es particulares que, dado o caso, se venham a incluir mediante a publica\u00e7\u00e3o dessas altera\u00e7\u00f5es no s\u00edtio Web, para que possam ser conhecidas pelos utilizadores.<\/p>\n\n<p>La estructura, dise\u00f1o y forma de presentaci\u00f3n de los elementos (gr\u00e1ficos, im\u00e1genes, ficheros, logotipos, combinaciones de colores y cualquier elemento susceptible de protecci\u00f3n) est\u00e1n protegidos por derechos de propiedad intelectual titularidad de <strong>EIBOL IB\u00c9RICA, S. L<\/strong>.<\/p>\n\n<p>A estrutura, o design e a forma de apresenta\u00e7\u00e3o dos elementos (gr\u00e1ficos, imagens, ficheiros, log\u00f3tipos, combina\u00e7\u00f5es de cores e qualquer outro elemento pass\u00edvel de prote\u00e7\u00e3o) s\u00e3o protegidos por direitos de propriedade intelectual, cujo propriet\u00e1rio \u00e9 a EIBOL IB\u00c9RICA, S. L. \u00c9 proibida a reprodu\u00e7\u00e3o, transforma\u00e7\u00e3o, distribui\u00e7\u00e3o, comunica\u00e7\u00e3o p\u00fablica, disponibiliza\u00e7\u00e3o ao p\u00fablico e, em geral, qualquer outra forma de explora\u00e7\u00e3o, parcial ou total dos elementos acima referidos. Estes atos de explora\u00e7\u00e3o s\u00f3 podem ser realizados com a autoriza\u00e7\u00e3o expressa da <strong>EIBOL IB\u00c9RICA, S. L<\/strong>. e que, em qualquer caso, devem fazer refer\u00eancia expl\u00edcita \u00e0 titularidade dos referidos direitos de propriedade intelectual da <strong>EIBOL IB\u00c9RICA, S. L<\/strong>.. Apenas \u00e9 autorizada a reprodu\u00e7\u00e3o (impress\u00e3o ou descarga) para uso privado dos conte\u00fados inseridos no s\u00edtio web.<\/p>\n\n<p>N\u00e3o \u00e9 permitida a utiliza\u00e7\u00e3o de sinais distintivos (marcas, nomes comerciais), salvo mediante autoriza\u00e7\u00e3o expressa dos leg\u00edtimos titulares.<\/p>\n\n<p>A <strong>EIBOL IB\u00c9RICA, S. L.<\/strong> n\u00e3o \u00e9 respons\u00e1vel:<\/p>\n\n<p>Pela utiliza\u00e7\u00e3o indevida do s\u00edtio Web, cujo propriet\u00e1rio \u00e9 a <strong>EIBOL IB\u00c9RICA, S. L<\/strong>.<\/p>\n\n<p>Pelas eventuais defici\u00eancias t\u00e9cnicas. N\u00e3o \u00e9 respons\u00e1vel, em nenhuma circunst\u00e2ncia, das altera\u00e7\u00f5es verificadas no servi\u00e7o, decorrentes de falhas na rede el\u00e9trica, na rede de liga\u00e7\u00e3o de dados e no servidor.<\/p>\n\n<p>No que diz respeito ao acesso de terceiros ao seu sistema a <strong>EIBOL IB\u00c9RICA, S. L<\/strong>. tomar\u00e1 as precau\u00e7\u00f5es t\u00e9cnicas necess\u00e1rias para proteger os dados e as informa\u00e7\u00f5es acedidos, mas n\u00e3o ser\u00e1 respons\u00e1vel pelas a\u00e7\u00f5es de terceiros que, violando as medidas de seguran\u00e7a estabelecidas, acedam aos referidos dados.<\/p>\n\n<p>Esta p\u00e1gina Web pode conter liga\u00e7\u00f5es a outras p\u00e1ginas de terceiros, cujo conte\u00fado n\u00e3o pode ser controlado pela <strong>EIBOL IB\u00c9RICA, S. L<\/strong>. . A sua inclus\u00e3o \u00e9 para fins informativos e n\u00e3o implica a aceita\u00e7\u00e3o ou garantia pela <strong>EIBOL IB\u00c9RICA, S. L<\/strong>. dos conte\u00fados das referidas p\u00e1ginas web. Por conseguinte, a <strong>EIBOL IB\u00c9RICA, S.L<\/strong>. rejeita qualquer responsabilidade relativa a esses conte\u00fados, assim como aos danos que possam causar ao seu sistema inform\u00e1tico.<\/p>\n\n<p>A <strong>EIBOL IB\u00c9RICA, S. L<\/strong>. fica exonerada de qualquer responsabilidade derivada de qualquer reclama\u00e7\u00e3o relativa aos direitos de propriedade intelectual dos artigos e imagens publicados no seu portal. N\u00e3o garante a exatid\u00e3o, veracidade e validade do conte\u00fado de terceiros, ou daqueles que podem ser ligados a outros s\u00edtios Web, estando totalmente exonerada de qualquer responsabilidade decorrente da utiliza\u00e7\u00e3o dos mesmos.<\/p>\n\n<p><strong>EIBOL IB\u00c9RICA, S. L. <\/strong>fica exonerada de qualquer responsabilidade derivada de qualquer reclama\u00e7\u00e3o, incluindo o pagamento de honor\u00e1rios a advogados, por processos e reclama\u00e7\u00f5es originados por terceiros devido ao n\u00e3o cumprimento pelo utilizador das nossas condi\u00e7\u00f5es de utiliza\u00e7\u00e3o, acesso e pol\u00edtica de privacidade, ou devido a qualquer outra reclama\u00e7\u00e3o pelo n\u00e3o cumprimento da legisla\u00e7\u00e3o em vigor.<\/p>\n\n<p>Em geral, as rela\u00e7\u00f5es entre a <strong>EIBOL IB\u00c9RICA, S. L<\/strong>. e os utilizadores dos seus servi\u00e7os inform\u00e1ticos, presentes neste s\u00edtio web, est\u00e3o sujeitas \u00e0 legisla\u00e7\u00e3o e jurisdi\u00e7\u00e3o espanholas, submetendo-se as partes, para qualquer quest\u00e3o litigiosa derivada deste acordo, aos Julgados e Tribunais da resid\u00eancia do utilizador (Espanha).<\/p>\n\n<p>Se qualquer disposi\u00e7\u00e3o ou disposi\u00e7\u00f5es do presente acordo forem consideradas por um tribunal competente como contr\u00e1rias \u00e0 lei, tal disposi\u00e7\u00e3o ou disposi\u00e7\u00f5es devem ser novamente redigidas para refletirem o mais fielmente poss\u00edvel as inten\u00e7\u00f5es das partes, enquanto as outras disposi\u00e7\u00f5es permanecer\u00e3o plenamente vigentes e aplic\u00e1veis.<\/p>\n\n<p>Caso qualquer disposi\u00e7\u00e3o deste acordo for considerada inv\u00e1lida ou inaplic\u00e1vel, a parte v\u00e1lida ou aplic\u00e1vel e as restantes disposi\u00e7\u00f5es do acordo permanecer\u00e3o plenamente vigentes e aplic\u00e1veis.<\/p>\n","protected":false},"excerpt":{"rendered":"<p>De acordo com a Lei 34\/2002, de 11 de julho, relativa aos servi\u00e7os da sociedade da informa\u00e7\u00e3o e de com\u00e9rcio eletr\u00f3nico indicamos a seguir os dados sociais da entidade: EIBOL IB\u00c9RICA, S. L. N.I.F\/C.I.F.: B98453111 Cl. Llauradors, 12 (Pol\u00edgono Industrial Campo Anibal), 46530 Puzol (Valencia). Telefone: 96 146 55 18 E-mail: info@eibol.com Matriculada na Conservat\u00f3ria [&#8230;]<\/p>\n<p><a class=\"btn btn-secondary understrap-read-more-link\" href=\"https:\/\/www.eibol.com\/pt-pt\/aviso-legal\/\">Continuar a ler&#8230;<span class=\"screen-reader-text\"> from Aviso Legal<\/span><\/a><\/p>\n","protected":false},"author":1,"featured_media":0,"parent":0,"menu_order":0,"comment_status":"closed","ping_status":"open","template":"page-templates\/defaultpage-legal-boxed.php","meta":{"inline_featured_image":false,"footnotes":""},"class_list":["post-2291","page","type-page","status-publish","hentry"],"yoast_head":"<!-- This site is optimized with the Yoast SEO plugin v27.0 - https:\/\/yoast.com\/product\/yoast-seo-wordpress\/ -->\n<title>Aviso legal EIBOL<\/title>\n<meta name=\"robots\" content=\"index, follow, max-snippet:-1, max-image-preview:large, max-video-preview:-1\" \/>\n<link rel=\"canonical\" href=\"https:\/\/www.eibol.com\/pt-pt\/aviso-legal\/\" \/>\n<meta property=\"og:locale\" content=\"pt_PT\" \/>\n<meta property=\"og:type\" content=\"article\" \/>\n<meta property=\"og:title\" content=\"Aviso legal EIBOL\" \/>\n<meta property=\"og:description\" content=\"De acordo com a Lei 34\/2002, de 11 de julho, relativa aos servi\u00e7os da sociedade da informa\u00e7\u00e3o e de com\u00e9rcio eletr\u00f3nico indicamos a seguir os dados sociais da entidade: EIBOL IB\u00c9RICA, S. L. N.I.F\/C.I.F.: B98453111 Cl. Llauradors, 12 (Pol\u00edgono Industrial Campo Anibal), 46530 Puzol (Valencia). Telefone: 96 146 55 18 E-mail: info@eibol.com Matriculada na Conservat\u00f3ria [...]Continuar a ler... from Aviso Legal\" \/>\n<meta property=\"og:url\" content=\"https:\/\/www.eibol.com\/pt-pt\/aviso-legal\/\" \/>\n<meta property=\"og:site_name\" content=\"EIBOL Ib\u00e9rica, S. L.\" \/>\n<meta property=\"article:modified_time\" content=\"2020-11-23T15:15:03+00:00\" \/>\n<meta name=\"twitter:card\" content=\"summary_large_image\" \/>\n<meta name=\"twitter:label1\" content=\"Tempo estimado de leitura\" \/>\n\t<meta name=\"twitter:data1\" content=\"8 minutos\" \/>\n<script type=\"application\/ld+json\" class=\"yoast-schema-graph\">{\"@context\":\"https:\/\/schema.org\",\"@graph\":[{\"@type\":\"WebPage\",\"@id\":\"https:\/\/www.eibol.com\/pt-pt\/aviso-legal\/\",\"url\":\"https:\/\/www.eibol.com\/pt-pt\/aviso-legal\/\",\"name\":\"Aviso legal EIBOL\",\"isPartOf\":{\"@id\":\"https:\/\/www.eibol.com\/pt-pt\/#website\"},\"datePublished\":\"2020-11-23T15:13:41+00:00\",\"dateModified\":\"2020-11-23T15:15:03+00:00\",\"breadcrumb\":{\"@id\":\"https:\/\/www.eibol.com\/pt-pt\/aviso-legal\/#breadcrumb\"},\"inLanguage\":\"pt-PT\",\"potentialAction\":[{\"@type\":\"ReadAction\",\"target\":[\"https:\/\/www.eibol.com\/pt-pt\/aviso-legal\/\"]}]},{\"@type\":\"BreadcrumbList\",\"@id\":\"https:\/\/www.eibol.com\/pt-pt\/aviso-legal\/#breadcrumb\",\"itemListElement\":[{\"@type\":\"ListItem\",\"position\":1,\"name\":\"Portada\",\"item\":\"https:\/\/www.eibol.com\/pt-pt\/\"},{\"@type\":\"ListItem\",\"position\":2,\"name\":\"Aviso Legal\"}]},{\"@type\":\"WebSite\",\"@id\":\"https:\/\/www.eibol.com\/pt-pt\/#website\",\"url\":\"https:\/\/www.eibol.com\/pt-pt\/\",\"name\":\"EIBOL Ib\u00e9rica, S. L.\",\"description\":\"Bioestimulantes y productos ecol\u00f3gicos para la agricultura\",\"potentialAction\":[{\"@type\":\"SearchAction\",\"target\":{\"@type\":\"EntryPoint\",\"urlTemplate\":\"https:\/\/www.eibol.com\/pt-pt\/?s={search_term_string}\"},\"query-input\":{\"@type\":\"PropertyValueSpecification\",\"valueRequired\":true,\"valueName\":\"search_term_string\"}}],\"inLanguage\":\"pt-PT\"}]}<\/script>\n<!-- \/ Yoast SEO plugin. -->","yoast_head_json":{"title":"Aviso legal EIBOL","robots":{"index":"index","follow":"follow","max-snippet":"max-snippet:-1","max-image-preview":"max-image-preview:large","max-video-preview":"max-video-preview:-1"},"canonical":"https:\/\/www.eibol.com\/pt-pt\/aviso-legal\/","og_locale":"pt_PT","og_type":"article","og_title":"Aviso legal EIBOL","og_description":"De acordo com a Lei 34\/2002, de 11 de julho, relativa aos servi\u00e7os da sociedade da informa\u00e7\u00e3o e de com\u00e9rcio eletr\u00f3nico indicamos a seguir os dados sociais da entidade: EIBOL IB\u00c9RICA, S. L. N.I.F\/C.I.F.: B98453111 Cl. Llauradors, 12 (Pol\u00edgono Industrial Campo Anibal), 46530 Puzol (Valencia). Telefone: 96 146 55 18 E-mail: info@eibol.com Matriculada na Conservat\u00f3ria [...]Continuar a ler... from Aviso Legal","og_url":"https:\/\/www.eibol.com\/pt-pt\/aviso-legal\/","og_site_name":"EIBOL Ib\u00e9rica, S. L.","article_modified_time":"2020-11-23T15:15:03+00:00","twitter_card":"summary_large_image","twitter_misc":{"Tempo estimado de leitura":"8 minutos"},"schema":{"@context":"https:\/\/schema.org","@graph":[{"@type":"WebPage","@id":"https:\/\/www.eibol.com\/pt-pt\/aviso-legal\/","url":"https:\/\/www.eibol.com\/pt-pt\/aviso-legal\/","name":"Aviso legal EIBOL","isPartOf":{"@id":"https:\/\/www.eibol.com\/pt-pt\/#website"},"datePublished":"2020-11-23T15:13:41+00:00","dateModified":"2020-11-23T15:15:03+00:00","breadcrumb":{"@id":"https:\/\/www.eibol.com\/pt-pt\/aviso-legal\/#breadcrumb"},"inLanguage":"pt-PT","potentialAction":[{"@type":"ReadAction","target":["https:\/\/www.eibol.com\/pt-pt\/aviso-legal\/"]}]},{"@type":"BreadcrumbList","@id":"https:\/\/www.eibol.com\/pt-pt\/aviso-legal\/#breadcrumb","itemListElement":[{"@type":"ListItem","position":1,"name":"Portada","item":"https:\/\/www.eibol.com\/pt-pt\/"},{"@type":"ListItem","position":2,"name":"Aviso Legal"}]},{"@type":"WebSite","@id":"https:\/\/www.eibol.com\/pt-pt\/#website","url":"https:\/\/www.eibol.com\/pt-pt\/","name":"EIBOL Ib\u00e9rica, S. L.","description":"Bioestimulantes y productos ecol\u00f3gicos para la agricultura","potentialAction":[{"@type":"SearchAction","target":{"@type":"EntryPoint","urlTemplate":"https:\/\/www.eibol.com\/pt-pt\/?s={search_term_string}"},"query-input":{"@type":"PropertyValueSpecification","valueRequired":true,"valueName":"search_term_string"}}],"inLanguage":"pt-PT"}]}},"_links":{"self":[{"href":"https:\/\/www.eibol.com\/pt-pt\/wp-json\/wp\/v2\/pages\/2291","targetHints":{"allow":["GET"]}}],"collection":[{"href":"https:\/\/www.eibol.com\/pt-pt\/wp-json\/wp\/v2\/pages"}],"about":[{"href":"https:\/\/www.eibol.com\/pt-pt\/wp-json\/wp\/v2\/types\/page"}],"author":[{"embeddable":true,"href":"https:\/\/www.eibol.com\/pt-pt\/wp-json\/wp\/v2\/users\/1"}],"replies":[{"embeddable":true,"href":"https:\/\/www.eibol.com\/pt-pt\/wp-json\/wp\/v2\/comments?post=2291"}],"version-history":[{"count":3,"href":"https:\/\/www.eibol.com\/pt-pt\/wp-json\/wp\/v2\/pages\/2291\/revisions"}],"predecessor-version":[{"id":2294,"href":"https:\/\/www.eibol.com\/pt-pt\/wp-json\/wp\/v2\/pages\/2291\/revisions\/2294"}],"wp:attachment":[{"href":"https:\/\/www.eibol.com\/pt-pt\/wp-json\/wp\/v2\/media?parent=2291"}],"curies":[{"name":"wp","href":"https:\/\/api.w.org\/{rel}","templated":true}]}}