{"id":2135,"date":"2020-02-26T12:20:38","date_gmt":"2020-02-26T12:20:38","guid":{"rendered":"https:\/\/www.eibol.com\/politica-de-privacidad-de-eibol\/"},"modified":"2024-10-22T06:39:54","modified_gmt":"2024-10-22T06:39:54","slug":"politica-de-privacidade-de-eibol","status":"publish","type":"page","link":"https:\/\/www.eibol.com\/pt-pt\/politica-de-privacidade-de-eibol\/","title":{"rendered":"Pol\u00edtica de privacidade"},"content":{"rendered":"\n<div id=\"pag-productos\" class=\"padding-large--top\">\n    <div class=\"container\">\n        <div class=\"row\">\n            <div class=\"col-md-12\">\n            \n<p>Em conformidade com o estabelecido nel Regulamento (UE) 2016\/679 do Parlamento Europeu e do Conselho de 27 de abril de 2016, sobre Prote\u00e7\u00e3o de Dados de Car\u00e1ter Pessoal, informamos que os dados pessoais obtidos na sequ\u00eancia do seu envio de dados pessoais ser\u00e3o inclu\u00eddos num ficheiro da propriedade de:<\/p>\n<p><strong>EIBOL Ib\u00e9rica, S. L.<\/strong>\n<strong>N.I.F\/C.I.F.: B98453111<br>\n Cl. Llauradors, 12 (Pol\u00edgono Industrial Campo Anibal), 46530 Puzol (Valencia).<br>\n Telefone: 96 146 55 18<br>\n E-mail: <a href=\"mailto:webmaster@eibol.com\" target=\"_blank\" rel=\"noopener noreferrer\">webmaster@eibol.com<\/a><\/strong><\/p>\n<p>Para efeitos de recolha e tratamento da sua informa\u00e7\u00e3o pessoal, seguimo-nos pelos princ\u00edpios pr\u00e1ticos subsequentes:<\/p>\n<ul><li>Os dados pessoais s\u00e3o tratados de uma forma imparcial, legal e transparente.<\/li>\n  <li>Os dados pessoais s\u00e3o recolhidos para fins espec\u00edficos, expl\u00edcitos e leg\u00edtimos e n\u00e3o s\u00e3o tratados de uma forma incompat\u00edvel com esses fins.<\/li>\n  <li>Os dados pessoais s\u00e3o adequados, pertinentes e limitados ao que \u00e9 necess\u00e1rio em rela\u00e7\u00e3o aos fins para os quais s\u00e3o tratados.<\/li>\n  <li>Os dados pessoais devem ser exatos e estarem atualizados. Os dados inexatos ser\u00e3o atualizados ou eliminados.<\/li>\n  <li>Os dados pessoais devem ser mantidos num formato identific\u00e1vel, mas somente com o necess\u00e1rio.<\/li>\n  <li>Os dados pessoais manter-se-\u00e3o seguros atrav\u00e9s de medidas t\u00e9cnicas e organizativas adequadas e eficazes no combate ao tratamento n\u00e3o autorizado ou il\u00edcito , assim como \u00e0 sua perda, destrui\u00e7\u00e3o ou dano acidental (\u201cintegridade e confidencialidade\u201d).<\/li>\n  <li>Estamos comprometidos com os princ\u00edpios de prote\u00e7\u00e3o de dados no que respeita \u00e0 conce\u00e7\u00e3o e prote\u00e7\u00e3o de dados, por defeito.<\/li>\n<\/ul><p>Pode visitar a nossa p\u00e1gina Web sem necessidade de identificar-se ou revelar qualquer informa\u00e7\u00e3o sobre a sua pessoa. Contudo, para que possamos proporcionar um servi\u00e7o completo normalmente recolhemos informa\u00e7\u00e3o pessoal quando \u00e9 solicitada informa\u00e7\u00e3o atrav\u00e9s dos formul\u00e1rios de contacto. Os dados que recolhemos podem incluir o endere\u00e7o de correio eletr\u00f3nico, o nome completo, a localidade e o n\u00famero de telefone.<\/p>\n<p>\u00c9 poss\u00edvel recolhermos igualmente informa\u00e7\u00e3o sobre \u201ccookies\u201d guardados no seu computador ou no seu dispositivo m\u00f3vel. Os cookies s\u00e3o pequenos arquivos de dados armazenados no disco r\u00edgido ou na mem\u00f3ria do dispositivo. Para mais informa\u00e7\u00f5es sobre a utiliza\u00e7\u00e3o e a finalidade dos cookies que utilizamos no s\u00edtio web www.eibol.com, consulte a nossa pol\u00edtica de cookies. Pode alterar as op\u00e7\u00f5es do seu navegador para deixar de aceitar cookies ou informar-se antes de aceitar um cookie dos s\u00edtios Web que visita. Por\u00e9m, em caso de n\u00e3o aceitar os cookies, \u00e9 poss\u00edvel que n\u00e3o possa utilizar integralmente os nossos servi\u00e7os.<\/p>\n<p>A <strong>EIBOL Ib\u00e9rica, S. L.<\/strong>, informa o utilizador que o tratamento dos dados destina-se aos seguintes fins:<\/p>\n<ul><li>Atender e responder \u00e0s comunica\u00e7\u00f5es ou pedidos rececionados, quer atrav\u00e9s do correio eletr\u00f3nico, quer do formul\u00e1rio do s\u00edtio Web.<\/li>\n  <li>Gerir os curr\u00edculos e processos de sele\u00e7\u00e3o dispon\u00edveis na bolsa de trabalho.<\/li>\n  <li>Gerir o apoio ao cliente e prestar servi\u00e7os de seguimento.<\/li>\n  <li>Manuten\u00e7\u00e3o do historial das rela\u00e7\u00f5es comerciais.<\/li>\n<\/ul><p>O presente s\u00edtio Web utiliza v\u00e1rios sistemas de recolha de dados pessoais que ser\u00e3o sempre tratados de uma forma l\u00edcita, leal e transparente, sob os seguintes supostos:<\/p>\n<ul><li>No caso dos formul\u00e1rios de contacto ou dos contactos realizados atrav\u00e9s de correio eletr\u00f3nico, a base que legitima o tratamento \u00e9 a aplica\u00e7\u00e3o de medidas pr\u00e9-contratuais por parte do interessado, de acordo com o interesse demonstrado em receber informa\u00e7\u00e3o sobre a empresa e os nossos produtos.<\/li>\n  <li>No que respeita aos formul\u00e1rios onde se registam dados pessoais para processos de sele\u00e7\u00e3o, a base legal do tratamento \u00e9 a aplica\u00e7\u00e3o de medidas pr\u00e9-contratuais por parte do interessado, de acordo com o pedido de emprego remetido.<\/li>\n<\/ul><p>Caso disponhamos do seu consentimento como base legal para processar os seus dados pessoais, tem direito a retirar esse consentimento em qualquer altura, contactando-nos atrav\u00e9s dos dados de contacto indicados na presente Pol\u00edtica de Privacidade.<\/p>\n<p>A <strong>EIBOL Ib\u00e9rica, S. L<\/strong>. n\u00e3o se dedica \u00e0 venda da sua informa\u00e7\u00e3o pessoal. Por\u00e9m, existem determinadas circunst\u00e2ncias em que podemos partilhar a sua informa\u00e7\u00e3o pessoal com terceiros, tal como se indica a seguir:<\/p>\n<ul><li>N\u00e3o partilharemos a sua informa\u00e7\u00e3o pessoal com empresas, organiza\u00e7\u00f5es ou pessoas que n\u00e3o sejam parceiras da <strong>EIBOL Ib\u00e9rica, S. L<\/strong>., salvo que tenhamos o seu consentimento para o efeito.<\/li>\n  <li>No suposto de encontrarmo-nos em processo de fus\u00e3o, aquisi\u00e7\u00e3o, venda da totalidade ou de uma parte substancial dos nossos ativos ou em outra transa\u00e7\u00e3o de venda similar, a sua informa\u00e7\u00e3o pode ser transferida como parte dessa transa\u00e7\u00e3o. nform\u00e1-lo-emos relativamente a essa transfer\u00eancia, bem como sobre qualquer poss\u00edvel decis\u00e3o relacionada com a sua informa\u00e7\u00e3o.<\/li>\n  <li>Quando a divulga\u00e7\u00e3o \u00e9 necess\u00e1ria para dar cumprimento \u00e0s nossas obriga\u00e7\u00f5es relativas a leis, regulamentos, processos legais ou despachos governamentais que nos afetem.<\/li>\n  <li>Em determinadas circunst\u00e2ncias, a divulga\u00e7\u00e3o dos dados pessoais pode ser obrigat\u00f3ria visto estar sujeita a um requerimento, ordem ou cita\u00e7\u00e3o judicial.<\/li>\n  <li>Celebramos ocasionalmente contratos com terceiros, criteriosamente selecionados, para que nos apoiem na presta\u00e7\u00e3o dos servi\u00e7os do s\u00edtio Web, tais como:\n    <ul><li><strong>Hosting<\/strong>: para realizar os seus servi\u00e7os de hosting e correio eletr\u00f3nico.<\/li>\n      <li><strong>Plataforma Web<\/strong>: para oferecer suporte t\u00e9cnico sobre o c\u00f3digo criado para o s\u00edtio Web.<\/li>\n    <\/ul><\/li>\n<\/ul><p>Conservaremos a sua informa\u00e7\u00e3o pessoal na medida em que seja necess\u00e1ria para cumprir a finalidade do tratamento para a qual foi recolhida.<\/p>\n<p>Conservaremos os seus dados pessoais na medida em que sejam necess\u00e1rios para cumprir os nossos requisitos comerciais ou contratuais, as obriga\u00e7\u00f5es legais, resolver disputas, proteger os nossos ativos e cumprir os nossos acordos.<\/p>\n<p>A <strong>EIBOL Ib\u00e9rica, S. L<\/strong>. informa que implementa e aplica mecanismos e medidas de seguran\u00e7a, tanto t\u00e9cnicas como organizativas, apropriadas para garantir um n\u00edvel de seguran\u00e7a do tratamento face ao risco.<\/p>\n<p>Nesse sentido, a <strong>EIBOL Ib\u00e9rica, S. L<\/strong>., a partir de uma avalia\u00e7\u00e3o objetiva, identificou, analisou e avaliou os riscos de probabilidade e gravidade vari\u00e1veis para os direitos e liberdades das pessoas singulares (fase de avalia\u00e7\u00e3o de riscos) e, por conseguinte, a <strong>EIBOL Ib\u00e9rica, S. L<\/strong>. , na fase de tratamento dos riscos, aplicou mecanismos e medidas de seguran\u00e7a oportunas e eficazes para eliminar ou mitigar os riscos identificados na fase de avalia\u00e7\u00e3o de riscos, tais como, riscos de destrui\u00e7\u00e3o, perda ou altera\u00e7\u00e3o acidental ou il\u00edcita de dados pessoais transmitidos, conservados ou tratados de outra forma, ou a comunica\u00e7\u00e3o ou o acesso n\u00e3o autorizados a esses dados.<\/p>\n<p>Al\u00e9m disso, a <strong>EIBOL Ib\u00e9rica, S. L<\/strong>. garante ao utilizador o cumprimento do dever do sigilo profissional e da confidencialidade, relativamente aos dados pessoais dos utilizadores, bem como o dever da sua manuten\u00e7\u00e3o.<\/p>\n<p>Na qualidade de utilizador, pode dirigir as suas comunica\u00e7\u00f5es e exercer os seus direitos ARCO (Acesso, Retifica\u00e7\u00e3o, Cancelamento e Oposi\u00e7\u00e3o), em conformidade com os procedimentos imposto pelo REGULAMENTO (UE) 2016\/679 DO PARLAMENTO EUROPEU E DO CONSELHO, de 27 de abril de 2016, relativo \u00e0 prote\u00e7\u00e3o das pessoas singulares, designadamente ao tratamento de dados pessoais e \u00e0 livre circula\u00e7\u00e3o desses dados.<\/p>\n<p>O Regulamento atual enumera uma s\u00e9rie de direitos que o interessado pode exercer, tais como:<\/p>\n<ul><li>O direito a que a informa\u00e7\u00e3o lhe seja apresentada de uma forma concisa, transparente, intelig\u00edvel e facilmente acess\u00edvel, utilizando uma linguagem clara.<\/li>\n  <li>O direito a aceder aos seus dados pessoais, assim como a solicitar a retifica\u00e7\u00e3o dos dados inexatos ou, dado o caso, a solicitar a sua elimina\u00e7\u00e3o quando, entre outros motivos, os dados j\u00e1 n\u00e3o sejam necess\u00e1rios para a finalidade para a qual foram recolhidos.<\/li>\n  <li>O direito a ser informado sobre os seus dados, incluindo os dados processados e a finalidade desse processamento.<\/li>\n  <li>O direito de retirar o consentimento em qualquer altura, sem afetar a legalidade do tratamento baseado no consentimento pr\u00e9vio a essa retirada.<\/li>\n  <li>O direito de objetar.<\/li>\n  <li>O direito de apagamento ou direito a ser esquecido.<\/li>\n  <li>Em determinadas circunst\u00e2ncias, na qualidade de interessado, pode solicitar a limita\u00e7\u00e3o do tratamento dos seus dados, sendo que neste caso apenas os conservaremos para o exerc\u00edcio ou a defesa de reclama\u00e7\u00f5es.<\/li>\n  <li>De igual forma, tem direito a receber os dados pessoais que nos proporcionou para poder transmiti-los a outro respons\u00e1vel do tratamento.<\/li>\n  <li>Em determinadas circunst\u00e2ncias, e por motivos relacionados com a sua situa\u00e7\u00e3o particular, enquanto interessado, poder\u00e1 opor-se ao tratamento dos seus dados; nesse caso, deixaremos de proceder a esse tratamento, exceto por motivos leg\u00edtimos imperativos, ou para o exerc\u00edcio ou defesa de eventuais reclama\u00e7\u00f5es.<\/li>\n  <li>Al\u00e9m disso, caso n\u00e3o tenha obtido um resultado satisfat\u00f3rio relativamente ao exerc\u00edcio dos seus direitos ou \u00e0 forma de exerc\u00ea-los, pode apresentar uma reclama\u00e7\u00e3o junto da Autoridade de Controlo. Caso deseje mais informa\u00e7\u00f5es sobre este direito e a forma de exerc\u00ea-lo pode contactar a AGPD: http:\/\/www.agpd.es\/, 901 100 099 e 91 266 3517, C\/ Jorge Juan,6 28001-Madrid.<\/li>\n<\/ul><p>Declara igualmente, pela presente, que foi informado de que pode exercer gratuitamente os seus direitos em qualquer momento, anexando fotoc\u00f3pia do Documento de Identidade, para o seguinte endere\u00e7o: <strong>Cl. Llauradors, 12 (Pol\u00edgono Industrial Campo Anibal), 46530 Puzol (Valencia)<\/strong>ou atrav\u00e9s do endere\u00e7o de correio eletr\u00f3nico <strong>webmaster@eibol.com<\/strong>, indicando no assunto \u201cLOPD Valencia\u201d.<\/p>\n<p>No preenchimento dos campos de texto livre n\u00e3o \u00e9 permitida a introdu\u00e7\u00e3o de informa\u00e7\u00e3o pessoal relativa a dados pessoais que revelem a origem \u00e9tnica ou racial, as opini\u00f5es pol\u00edticas, as convic\u00e7\u00f5es religiosas ou filos\u00f3ficas, ou a filia\u00e7\u00e3o sindical, bem como o tratamento de dados gen\u00e9ticos, dados biom\u00e9tricos destinados a identificar de forma un\u00edvoca uma pessoa singular, dados relativos \u00e0 sa\u00fade ou \u00e0 vida sexual ou \u00e0s orienta\u00e7\u00f5es sexuais de uma pessoa singular, assim como dados pessoais relativos a condena\u00e7\u00f5es e infra\u00e7\u00f5es penais. No caso de introduzir alguma informa\u00e7\u00e3o relativa aos aspetos anteriormente mencionados em qualquer um dos nossos formul\u00e1rios ou atrav\u00e9s do correio eletr\u00f3nico, esses elementos ser\u00e3o imediatamente apagados dos nossos sistemas de informa\u00e7\u00e3o sem que seja poss\u00edvel responder ao pedido formulado, dado que esses dados n\u00e3o s\u00e3o necess\u00e1rios ou pertinentes para os fins determinados nos tratamentos deste s\u00edtio Web.<\/p>\n<p>Facilitamos-lhe liga\u00e7\u00f5es a outros s\u00edtios Web, que n\u00e3o s\u00e3o geridos por n\u00f3s. Por conseguinte, n\u00e3o assumiremos a responsabilidade de quaisquer problemas que possam derivar da utiliza\u00e7\u00e3o dos seus dados pessoais, do conte\u00fado do s\u00edtio ou dos servi\u00e7os prestados por esses s\u00edtios Web. Recomendamos-lhe consultar a pol\u00edtica de privacidade, assim como os termos e condi\u00e7\u00f5es de cada s\u00edtio Web para obter mais informa\u00e7\u00f5es sobre como cada fornecedor pode tratar a sua informa\u00e7\u00e3o.<\/p>\n<p>A fim de cumprir os princ\u00edpios de privacidade, em particular, no que respeita \u00e0 qualidade dos dados da <strong>EIBOL Ib\u00e9rica, S. L.<\/strong>, deve facilitar-nos unicamente os seus pr\u00f3prios dados pessoais e n\u00e3o os dados de outra pessoa, salvo que se trate do seu represente legal. Al\u00e9m disso, para otimizar a qualidade da informa\u00e7\u00e3o \u00e9 preciso que os dados proporcionados sejam corretos, atuais, exatos e verdadeiros.<\/p>\n<p>Caso os dados proporcionados sejam de outra pessoa que n\u00e3o \u00e9 sua representada ou que os seus pr\u00f3prios dados ou os da outra pessoa que representa sejam falsos, err\u00f3neos, n\u00e3o atuais, ou inadequados, o utilizador ser\u00e1 respons\u00e1vel por qualquer dano, direto e\/ou indireto que cause a terceiros ou \u00e0 <strong>EIBOL Ib\u00e9rica, S. L.<\/strong><\/p>\n<p>Os dados solicitados ao utilizador assinalados com um asterisco (*) ser\u00e3o os estritamente necess\u00e1rios para poder contactar o Utilizador. Em nenhuma circunst\u00e2ncia, o facto de n\u00e3o proporcionar mais dados dos que os estritamente necess\u00e1rios significar\u00e1 uma diminui\u00e7\u00e3o da qualidade do servi\u00e7o.<\/p>\n<p>A utiliza\u00e7\u00e3o do Servi\u00e7o n\u00e3o \u00e9 permitida a menores de idade. Quando se trate de um menor, o tratamento apenas pode ser efetuado com a autoriza\u00e7\u00e3o do titular do poder paternal ou de quem exercer a tutela do menor.<\/p>\n<p>A <strong>EIBOL Ib\u00e9rica, S. L.<\/strong> pode solicitar informa\u00e7\u00e3o ou documenta\u00e7\u00e3o adicional para atestar se o consentimento foi prestado, de acordo com a tecnologia dispon\u00edvel.<\/p>\n<p>O utilizador \u00e9 a \u00fanica fonte de informa\u00e7\u00e3o dos seus dados pessoais e, como tal, a <strong>EIBOL Ib\u00e9rica, S. L<\/strong>.solicita-lhe que, para efeitos de manter os seus dados sempre atualizados de acordo com os princ\u00edpios da LOPD, comunique, para o endere\u00e7o indicado para o exerc\u00edcio dos direitos de acesso, retifica\u00e7\u00e3o, cancelamento e oposi\u00e7\u00e3o, qualquer altera\u00e7\u00e3o desses dados, assim como a cessa\u00e7\u00e3o da sua atividade na entidade que representa, se for o caso, para podermos proceder ao seu cancelamento e\/ou tratamento do seu historial.<\/p>\n<p>A <strong>EIBOL Ib\u00e9rica, S. L<\/strong>. reserva-se o direito de alterar a presente pol\u00edtica para adapt\u00e1-la a futuras novidades legislativas ou jurisprudenciais, bem como a pr\u00e1ticas industriais, informando previamente os utilizadores das altera\u00e7\u00f5es efetuadas.<\/p>\n\n            \n            <\/div>\n         <\/div>\n    <\/div>\n <\/div>\n\n\n\n<p><\/p>\n","protected":false},"excerpt":{"rendered":"<p>Em conformidade com o estabelecido nel Regulamento (UE) 2016\/679 do Parlamento Europeu e do Conselho de 27 de abril de 2016, sobre Prote\u00e7\u00e3o de Dados de Car\u00e1ter Pessoal, informamos que os dados pessoais obtidos na sequ\u00eancia do seu envio de dados pessoais ser\u00e3o inclu\u00eddos num ficheiro da propriedade de: EIBOL Ib\u00e9rica, S. L. N.I.F\/C.I.F.: B98453111 [&#8230;]<\/p>\n<p><a class=\"btn btn-secondary understrap-read-more-link\" href=\"https:\/\/www.eibol.com\/pt-pt\/politica-de-privacidade-de-eibol\/\">Continuar a ler&#8230;<span class=\"screen-reader-text\"> from Pol\u00edtica de privacidade<\/span><\/a><\/p>\n","protected":false},"author":1,"featured_media":0,"parent":0,"menu_order":0,"comment_status":"closed","ping_status":"open","template":"page-templates\/defaultpage-legal-boxed.php","meta":{"inline_featured_image":false,"footnotes":""},"class_list":["post-2135","page","type-page","status-publish","hentry"],"yoast_head":"<!-- This site is optimized with the Yoast SEO plugin v27.0 - https:\/\/yoast.com\/product\/yoast-seo-wordpress\/ -->\n<title>Pol\u00edtica de privacidade<\/title>\n<meta name=\"robots\" content=\"index, follow, max-snippet:-1, max-image-preview:large, max-video-preview:-1\" \/>\n<link rel=\"canonical\" href=\"https:\/\/www.eibol.com\/pt-pt\/politica-de-privacidade-de-eibol\/\" \/>\n<meta property=\"og:locale\" content=\"pt_PT\" \/>\n<meta property=\"og:type\" content=\"article\" \/>\n<meta property=\"og:title\" content=\"Pol\u00edtica de privacidade\" \/>\n<meta property=\"og:description\" content=\"Em conformidade com o estabelecido nel Regulamento (UE) 2016\/679 do Parlamento Europeu e do Conselho de 27 de abril de 2016, sobre Prote\u00e7\u00e3o de Dados de Car\u00e1ter Pessoal, informamos que os dados pessoais obtidos na sequ\u00eancia do seu envio de dados pessoais ser\u00e3o inclu\u00eddos num ficheiro da propriedade de: EIBOL Ib\u00e9rica, S. L. N.I.F\/C.I.F.: B98453111 [...]Continuar a ler... from Pol\u00edtica de privacidade\" \/>\n<meta property=\"og:url\" content=\"https:\/\/www.eibol.com\/pt-pt\/politica-de-privacidade-de-eibol\/\" \/>\n<meta property=\"og:site_name\" content=\"EIBOL Ib\u00e9rica, S. L.\" \/>\n<meta property=\"article:modified_time\" content=\"2024-10-22T06:39:54+00:00\" \/>\n<meta name=\"twitter:card\" content=\"summary_large_image\" \/>\n<meta name=\"twitter:label1\" content=\"Tempo estimado de leitura\" \/>\n\t<meta name=\"twitter:data1\" content=\"10 minutos\" \/>\n<script type=\"application\/ld+json\" class=\"yoast-schema-graph\">{\"@context\":\"https:\/\/schema.org\",\"@graph\":[{\"@type\":\"WebPage\",\"@id\":\"https:\/\/www.eibol.com\/pt-pt\/politica-de-privacidade-de-eibol\/\",\"url\":\"https:\/\/www.eibol.com\/pt-pt\/politica-de-privacidade-de-eibol\/\",\"name\":\"Pol\u00edtica de privacidade\",\"isPartOf\":{\"@id\":\"https:\/\/www.eibol.com\/pt-pt\/#website\"},\"datePublished\":\"2020-02-26T12:20:38+00:00\",\"dateModified\":\"2024-10-22T06:39:54+00:00\",\"breadcrumb\":{\"@id\":\"https:\/\/www.eibol.com\/pt-pt\/politica-de-privacidade-de-eibol\/#breadcrumb\"},\"inLanguage\":\"pt-PT\",\"potentialAction\":[{\"@type\":\"ReadAction\",\"target\":[\"https:\/\/www.eibol.com\/pt-pt\/politica-de-privacidade-de-eibol\/\"]}]},{\"@type\":\"BreadcrumbList\",\"@id\":\"https:\/\/www.eibol.com\/pt-pt\/politica-de-privacidade-de-eibol\/#breadcrumb\",\"itemListElement\":[{\"@type\":\"ListItem\",\"position\":1,\"name\":\"Portada\",\"item\":\"https:\/\/www.eibol.com\/pt-pt\/\"},{\"@type\":\"ListItem\",\"position\":2,\"name\":\"Pol\u00edtica de privacidade\"}]},{\"@type\":\"WebSite\",\"@id\":\"https:\/\/www.eibol.com\/pt-pt\/#website\",\"url\":\"https:\/\/www.eibol.com\/pt-pt\/\",\"name\":\"EIBOL Ib\u00e9rica, S. L.\",\"description\":\"Bioestimulantes y productos ecol\u00f3gicos para la agricultura\",\"potentialAction\":[{\"@type\":\"SearchAction\",\"target\":{\"@type\":\"EntryPoint\",\"urlTemplate\":\"https:\/\/www.eibol.com\/pt-pt\/?s={search_term_string}\"},\"query-input\":{\"@type\":\"PropertyValueSpecification\",\"valueRequired\":true,\"valueName\":\"search_term_string\"}}],\"inLanguage\":\"pt-PT\"}]}<\/script>\n<!-- \/ Yoast SEO plugin. -->","yoast_head_json":{"title":"Pol\u00edtica de privacidade","robots":{"index":"index","follow":"follow","max-snippet":"max-snippet:-1","max-image-preview":"max-image-preview:large","max-video-preview":"max-video-preview:-1"},"canonical":"https:\/\/www.eibol.com\/pt-pt\/politica-de-privacidade-de-eibol\/","og_locale":"pt_PT","og_type":"article","og_title":"Pol\u00edtica de privacidade","og_description":"Em conformidade com o estabelecido nel Regulamento (UE) 2016\/679 do Parlamento Europeu e do Conselho de 27 de abril de 2016, sobre Prote\u00e7\u00e3o de Dados de Car\u00e1ter Pessoal, informamos que os dados pessoais obtidos na sequ\u00eancia do seu envio de dados pessoais ser\u00e3o inclu\u00eddos num ficheiro da propriedade de: EIBOL Ib\u00e9rica, S. L. N.I.F\/C.I.F.: B98453111 [...]Continuar a ler... from Pol\u00edtica de privacidade","og_url":"https:\/\/www.eibol.com\/pt-pt\/politica-de-privacidade-de-eibol\/","og_site_name":"EIBOL Ib\u00e9rica, S. L.","article_modified_time":"2024-10-22T06:39:54+00:00","twitter_card":"summary_large_image","twitter_misc":{"Tempo estimado de leitura":"10 minutos"},"schema":{"@context":"https:\/\/schema.org","@graph":[{"@type":"WebPage","@id":"https:\/\/www.eibol.com\/pt-pt\/politica-de-privacidade-de-eibol\/","url":"https:\/\/www.eibol.com\/pt-pt\/politica-de-privacidade-de-eibol\/","name":"Pol\u00edtica de privacidade","isPartOf":{"@id":"https:\/\/www.eibol.com\/pt-pt\/#website"},"datePublished":"2020-02-26T12:20:38+00:00","dateModified":"2024-10-22T06:39:54+00:00","breadcrumb":{"@id":"https:\/\/www.eibol.com\/pt-pt\/politica-de-privacidade-de-eibol\/#breadcrumb"},"inLanguage":"pt-PT","potentialAction":[{"@type":"ReadAction","target":["https:\/\/www.eibol.com\/pt-pt\/politica-de-privacidade-de-eibol\/"]}]},{"@type":"BreadcrumbList","@id":"https:\/\/www.eibol.com\/pt-pt\/politica-de-privacidade-de-eibol\/#breadcrumb","itemListElement":[{"@type":"ListItem","position":1,"name":"Portada","item":"https:\/\/www.eibol.com\/pt-pt\/"},{"@type":"ListItem","position":2,"name":"Pol\u00edtica de privacidade"}]},{"@type":"WebSite","@id":"https:\/\/www.eibol.com\/pt-pt\/#website","url":"https:\/\/www.eibol.com\/pt-pt\/","name":"EIBOL Ib\u00e9rica, S. L.","description":"Bioestimulantes y productos ecol\u00f3gicos para la agricultura","potentialAction":[{"@type":"SearchAction","target":{"@type":"EntryPoint","urlTemplate":"https:\/\/www.eibol.com\/pt-pt\/?s={search_term_string}"},"query-input":{"@type":"PropertyValueSpecification","valueRequired":true,"valueName":"search_term_string"}}],"inLanguage":"pt-PT"}]}},"_links":{"self":[{"href":"https:\/\/www.eibol.com\/pt-pt\/wp-json\/wp\/v2\/pages\/2135","targetHints":{"allow":["GET"]}}],"collection":[{"href":"https:\/\/www.eibol.com\/pt-pt\/wp-json\/wp\/v2\/pages"}],"about":[{"href":"https:\/\/www.eibol.com\/pt-pt\/wp-json\/wp\/v2\/types\/page"}],"author":[{"embeddable":true,"href":"https:\/\/www.eibol.com\/pt-pt\/wp-json\/wp\/v2\/users\/1"}],"replies":[{"embeddable":true,"href":"https:\/\/www.eibol.com\/pt-pt\/wp-json\/wp\/v2\/comments?post=2135"}],"version-history":[{"count":8,"href":"https:\/\/www.eibol.com\/pt-pt\/wp-json\/wp\/v2\/pages\/2135\/revisions"}],"predecessor-version":[{"id":22469,"href":"https:\/\/www.eibol.com\/pt-pt\/wp-json\/wp\/v2\/pages\/2135\/revisions\/22469"}],"wp:attachment":[{"href":"https:\/\/www.eibol.com\/pt-pt\/wp-json\/wp\/v2\/media?parent=2135"}],"curies":[{"name":"wp","href":"https:\/\/api.w.org\/{rel}","templated":true}]}}