{"id":2134,"date":"2020-04-14T11:15:48","date_gmt":"2020-04-14T11:15:48","guid":{"rendered":"https:\/\/www.eibol.com\/politica-de-cookies-de-eibol\/"},"modified":"2023-10-19T10:11:12","modified_gmt":"2023-10-19T10:11:12","slug":"politica-de-cookies-de-eibol","status":"publish","type":"page","link":"https:\/\/www.eibol.com\/pt-pt\/politica-de-cookies-de-eibol\/","title":{"rendered":"Pol\u00edtica de Cookies"},"content":{"rendered":"\n<p>Os cookies s\u00e3o pequenos arquivos. Permitem que o propriet\u00e1rio do s\u00edtio Web os distinga dos restantes utilizadores do s\u00edtio. Os cookies n\u00e3o podem ser executados como c\u00f3digo e n\u00e3o cont\u00eam v\u00edrus. Por conseguinte, no podemos aceder \u00e0 informa\u00e7\u00e3o do seu disco r\u00edgido.<\/p>\n\n\n\n<p>Os cookies que utilizamos n\u00e3o armazenam dados pessoais, nem qualquer outro tipo de informa\u00e7\u00e3o que o possa identificar. Os cookies servem para melhorar os servi\u00e7os que disponibilizamos. Alguns s\u00e3o estritamente necess\u00e1rios para melhorar os servi\u00e7os que prestamos. Outros s\u00e3o estritamente necess\u00e1rios para que o s\u00edtio posa funcionar em \u00f3timas condi\u00e7\u00f5es e outros servem para melhorar o rendimento e a sua experi\u00eancia como utilizador.<\/p>\n\n\n\n<p>Esta s\u00edtio Web utiliza \u2018cookies\u2019 pr\u00f3prios e de terceiros para oferecer-lhe uma melhor experi\u00eancia e servi\u00e7o.<\/p>\n\n\n\n<p>Cookies pr\u00f3prios: os que s\u00e3o enviados para o equipamento terminal do utilizador, a partir de um equipamento ou dom\u00ednio gerido pelo pr\u00f3prio editor e do qual \u00e9 prestado o servi\u00e7o solicitado pelo utilizador.<\/p>\n\n\n\n<p>Cookies de terceiros: os que s\u00e3o enviados para o equipamento terminal do utilizador, a partir de um equipamento ou dom\u00ednio que n\u00e3o \u00e9 gerido pelo editor, mas sim por outra entidade que efetua o tratamento dos dados obtidos atrav\u00e9s dos cookies.<\/p>\n\n\n\n<p>Ao navegar pelo s\u00edtio Web ou quando utiliza os nossos servi\u00e7os, est\u00e1 a aceitar o uso que fazemos deles. Pode alterar a configura\u00e7\u00e3o de \u2018cookies\u2019 em qualquer momento.<\/p>\n\n\n\n<p><strong>Tipos de cookies utilizados<\/strong><\/p>\n\n\n\n<p>Este s\u00edtio Web utiliza cookies tempor\u00e1rios de sess\u00e3o e cookies permanentes. Os cookies de sess\u00e3o armazenam os dados apenas enquanto o utilizador acede ao s\u00edtio Web; os cookies permanentes armazenam os dados no equipamento terminal para serem acedidos e utilizados em mais do que uma sess\u00e3o.<\/p>\n\n\n\n<p>Em fun\u00e7\u00e3o da finalidade dos dados obtidos atrav\u00e9s dos cookies, o s\u00edtio Web pode utilizar:<\/p>\n\n\n\n<p>Cookies t\u00e9cnicos.<\/p>\n\n\n\n<p>S\u00e3o aqueles que permitem ao utilizador navegar atrav\u00e9s do s\u00edtio Web ou a aplica\u00e7\u00e3o e utiliza\u00e7\u00e3o das diferentes op\u00e7\u00f5es ou servi\u00e7os nele existentes.<\/p>\n\n\n\n<p>Cookies de personaliza\u00e7\u00e3o.<\/p>\n\n\n\n<p>S\u00e3o aqueles que permitem ao utilizador aceder ao servi\u00e7o com algumas caracter\u00edsticas de car\u00e1ter geral predefinidas no seu equipamento terminal ou aquelas que o pr\u00f3prio utilizador defina. Por exemplo, o idioma ou o tipo de navegador atrav\u00e9s do qual acede ao servi\u00e7o.<\/p>\n\n\n\n<p>Cookies publicit\u00e1rios<\/p>\n\n\n\n<p>S\u00e3o aqueles que permitem a gest\u00e3o eficaz dos espa\u00e7os publicit\u00e1rios inclu\u00eddos no s\u00edtio Web ou na aplica\u00e7\u00e3o a partir da qual se presta o servi\u00e7o.<\/p>\n\n\n\n<p>Cookies de an\u00e1lise estat\u00edstica:<\/p>\n\n\n\n<p>S\u00e3o aqueles que permitem realizar o seguimento e an\u00e1lise do comportamento dos utilizadores nos s\u00edtios Web.<\/p>\n\n\n\n<p>Cookies de terceiros.<\/p>\n\n\n\n<p>S\u00e3o aqueles que podem ser instalados por terceiros e que permitem a gest\u00e3o e a melhoria dos servi\u00e7os oferecidos. Por exemplo, os servi\u00e7os estat\u00edsticos do Google Analytics.<\/p>\n\n\n\n<p>N\u00e3o permitimos an\u00fancios de terceiros no nosso s\u00edtio Web, contudo n\u00e3o podemos impedir que os anunciantes permitidos pelos fornecedores de servi\u00e7os de Internet se publicitem durante a navega\u00e7\u00e3o.<\/p>\n\n\n\n<h2 class=\"wp-block-heading\"><strong>Os cookies utilizados em www.eibol.com s\u00e3o:<\/strong><\/h2>\n\n\n\n<p>Com base na escolha que fizer sobre a utiliza\u00e7\u00e3o de cookies neste website, ser-lhe-\u00e1 enviado um cookie adicional para salvaguardar a sua escolha para que n\u00e3o tenha que aceitar a utiliza\u00e7\u00e3o de cookies cada vez que aceder ao nosso website. O objetivo desta lista de cookies \u00e9 ajud\u00e1-lo a reconhecer os cookies armazenados no seu navegador quando visita o nosso website ou quando v\u00ea os nossos an\u00fancios noutros sites. Tent\u00e1mos incluir todos os cookies utilizados por n\u00f3s e pelos nossos parceiros tecnol\u00f3gicos, mas tenha em aten\u00e7\u00e3o que, por vezes, poderemos atrasar a atualiza\u00e7\u00e3o da lista. Se voc\u00ea notar alguma discrep\u00e2ncia ou achar que falta um cookie, n\u00e3o hesite em nos informar.<\/p>\n\n\n\n<p><strong>Cookies estritamente necess\u00e1rios<\/strong><\/p>\n\n\n\n<p>Alguns cookies s\u00e3o essenciais para fornecer funcionalidades b\u00e1sicas. Este site n\u00e3o poder\u00e1 funcionar corretamente sem que estes cookies estejam ativados. Estes cookies est\u00e3o ativados por padr\u00e3o e n\u00e3o podem ser desativados.<\/p>\n\n\n\n<figure class=\"wp-block-table\"><table><thead><tr><th>nome<\/th><th>url<\/th><th>ruta<\/th><th>rota<\/th><th>Tag<\/th><\/tr><\/thead><tbody><tr><td>cookiehub<\/td><td>.eibol.com<\/td><td>\/<\/td><td>365 d\u00edas<\/td><td><\/td><\/tr><tr><td colspan=\"5\">Usado pelo CookieHub para armazenar informa\u00e7\u00f5es sobre se os visitantes optaram por participar ou n\u00e3o das categorias de cookies usadas no site.<\/td><\/tr><tr><td>lastExternalReferrerTime<\/td><td><\/td><td><\/td><td>Persistent<\/td><td><\/td><\/tr><tr><td>lastExternalReferrer<\/td><td><\/td><td><\/td><td>Persistent<\/td><td><\/td><\/tr><tr><td>wpEmojiSettingsSupports<\/td><td><\/td><td><\/td><td>Sesi\u00f3n<\/td><td><\/td><\/tr><\/tbody><\/table><\/figure>\n\n\n\n<p><strong>Cookies de an\u00e1lise ou medi\u00e7\u00e3o<\/strong><\/p>\n\n\n\n<p>Os cookies anal\u00edticos ajudam-nos a melhorar o nosso site, recolhendo e reportando informa\u00e7\u00f5es sobre a sua utiliza\u00e7\u00e3o.<\/p>\n\n\n\n<figure class=\"wp-block-table\"><table><thead><tr><th>nome<\/th><th>url<\/th><th>ruta<\/th><th>rota<\/th><th>Tag<\/th><\/tr><\/thead><tbody><tr><td>_ga<\/td><td>.eibol.com<\/td><td>\/<\/td><td>730 d\u00edas<\/td><td><\/td><\/tr><tr><td colspan=\"5\">Cont\u00e9m um identificador exclusivo que o Google Analytics usa para determinar se dois hits diferentes pertencem ao mesmo usu\u00e1rio em sess\u00f5es de navega\u00e7\u00e3o.<\/td><\/tr><tr><td>_gid<\/td><td>.eibol.com<\/td><td>\/<\/td><td>1 d\u00eda<\/td><td><\/td><\/tr><tr><td colspan=\"5\">Cont\u00e9m um identificador exclusivo que o Google Analytics usa para determinar se dois hits diferentes pertencem ao mesmo usu\u00e1rio em sess\u00f5es de navega\u00e7\u00e3o.<\/td><\/tr><tr><td>_gat_*<\/td><td>.eibol.com<\/td><td>\/<\/td><td>1 hora<\/td><td><\/td><\/tr><tr><td colspan=\"5\">Cont\u00e9m um identificador exclusivo que o Google Analytics usa para determinar se dois hits diferentes pertencem ao mesmo usu\u00e1rio em sess\u00f5es de navega\u00e7\u00e3o.<\/td><\/tr><tr><td>_ga_*<\/td><td>.eibol.com<\/td><td>\/<\/td><td>730 d\u00edas<\/td><td><\/td><\/tr><tr><td colspan=\"5\">Cont\u00e9m um identificador exclusivo usado pelo Google Analytics 4 para determinar se dois hits distintos pertencem ao mesmo usu\u00e1rio nas sess\u00f5es de navega\u00e7\u00e3o.<\/td><\/tr><\/tbody><\/table><\/figure>\n\n\n\n<p><strong>Cookies de publicidade comportamental<\/strong><\/p>\n\n\n\n<p>Cookies de publicidade comportamental s\u00e3o usados \u200b\u200bpara rastrear visitantes em diferentes sites. Isto permite que os fornecedores de publicidade exibam publicidade relevante e interessante para cada utilizador do nosso website.<\/p>\n\n\n\n<figure class=\"wp-block-table\"><table><thead><tr><th>nome<\/th><th>url<\/th><th>ruta<\/th><th>rota<\/th><th>Tag<\/th><\/tr><\/thead><tbody><tr><td>_fbp<\/td><td>.eibol.com<\/td><td>\/<\/td><td>90 d\u00edas<\/td><td><\/td><\/tr><tr><td colspan=\"5\">O cookie de publicidade do pr\u00f3prio Facebook Pixel. Usado pelo Facebook para rastrear visitas em sites para fornecer uma variedade de produtos publicit\u00e1rios, como lances em tempo real de anunciantes terceiros. \u00cdcone validado pela comunidade<\/td><\/tr><\/tbody><\/table><\/figure>\n\n\n\n\n\n<p><\/p>\n\n\n\n<p><strong>Administrar os cookies<\/strong><strong>:<\/strong><\/p>\n\n\n\n<p>O utilizador tem a op\u00e7\u00e3o de permitir, bloquear ou eliminar os cookies instalados no seu equipamento, atrav\u00e9s da configura\u00e7\u00e3o de op\u00e7\u00f5es do navegador instalado no seu dispositivo terminal.<\/p>\n\n\n\n<p>Indicamos-lhe a seguir algumas liga\u00e7\u00f5es onde pode encontrar mais informa\u00e7\u00f5es sobre a forma de ativar as suas prefer\u00eancias nos principais navegadores:<\/p>\n\n\n\n<p><a href=\"https:\/\/support.google.com\/chrome\/answer\/95647?hl=es\">Google Chrome<\/a><br><a href=\"http:\/\/support.mozilla.org\/es\/kb\/cookies-informacion-que-los-sitios-web-guardan-en-?redirectlocale=en-US&amp;redirectslug=Cookies\">Mozilla Firefox<\/a><br><a href=\"http:\/\/support.microsoft.com\/kb\/196955\/es\">Internet Explorer<\/a><br><a href=\"http:\/\/www.apple.com\/es\/privacy\/use-of-cookies\/\">Safari<\/a><br><a href=\"http:\/\/www.apple.com\/es\/privacy\/use-of-cookies\/\">Safari para IOS (iPhone, iPad)<\/a><br><a href=\"http:\/\/www.macromedia.com\/support\/documentation\/es\/flashplayer\/help\/settings_manager07.html\">Cookies Flash<\/a><br><a href=\"http:\/\/help.opera.com\/Windows\/12.00\/es-ES\/cookies.html\">Opera<\/a><br><a href=\"https:\/\/support.google.com\/chrome\/answer\/2392971?hl=es\">Chrome para Android<\/a><\/p>\n\n\n\n<p>Em alguns navegadores, regras espec\u00edficas podem ser configuradas para gerenciar cookies por site, o que oferece um controle mais preciso sobre a privacidade. Isso significa que os cookies podem ser desabilitados em todos os sites, exceto aqueles que s\u00e3o confi\u00e1veis. <\/p>\n","protected":false},"excerpt":{"rendered":"<p>Os cookies s\u00e3o pequenos arquivos. Permitem que o propriet\u00e1rio do s\u00edtio Web os distinga dos restantes utilizadores do s\u00edtio. Os cookies n\u00e3o podem ser executados como c\u00f3digo e n\u00e3o cont\u00eam v\u00edrus. Por conseguinte, no podemos aceder \u00e0 informa\u00e7\u00e3o do seu disco r\u00edgido. Os cookies que utilizamos n\u00e3o armazenam dados pessoais, nem qualquer outro tipo de [&#8230;]<\/p>\n<p><a class=\"btn btn-secondary understrap-read-more-link\" href=\"https:\/\/www.eibol.com\/pt-pt\/politica-de-cookies-de-eibol\/\">Continuar a ler&#8230;<span class=\"screen-reader-text\"> from Pol\u00edtica de Cookies<\/span><\/a><\/p>\n","protected":false},"author":1,"featured_media":0,"parent":0,"menu_order":0,"comment_status":"closed","ping_status":"open","template":"page-templates\/defaultpage-legal-boxed.php","meta":{"inline_featured_image":false,"footnotes":""},"class_list":["post-2134","page","type-page","status-publish","hentry"],"yoast_head":"<!-- This site is optimized with the Yoast SEO plugin v27.0 - https:\/\/yoast.com\/product\/yoast-seo-wordpress\/ -->\n<title>Pol\u00edtica de cookies de EIBOL<\/title>\n<meta name=\"robots\" content=\"index, follow, max-snippet:-1, max-image-preview:large, max-video-preview:-1\" \/>\n<link rel=\"canonical\" href=\"https:\/\/www.eibol.com\/pt-pt\/politica-de-cookies-de-eibol\/\" \/>\n<meta property=\"og:locale\" content=\"pt_PT\" \/>\n<meta property=\"og:type\" content=\"article\" \/>\n<meta property=\"og:title\" content=\"Pol\u00edtica de cookies de EIBOL\" \/>\n<meta property=\"og:description\" content=\"Os cookies s\u00e3o pequenos arquivos. Permitem que o propriet\u00e1rio do s\u00edtio Web os distinga dos restantes utilizadores do s\u00edtio. Os cookies n\u00e3o podem ser executados como c\u00f3digo e n\u00e3o cont\u00eam v\u00edrus. Por conseguinte, no podemos aceder \u00e0 informa\u00e7\u00e3o do seu disco r\u00edgido. Os cookies que utilizamos n\u00e3o armazenam dados pessoais, nem qualquer outro tipo de [...]Continuar a ler... from Pol\u00edtica de Cookies\" \/>\n<meta property=\"og:url\" content=\"https:\/\/www.eibol.com\/pt-pt\/politica-de-cookies-de-eibol\/\" \/>\n<meta property=\"og:site_name\" content=\"EIBOL Ib\u00e9rica, S. L.\" \/>\n<meta property=\"article:modified_time\" content=\"2023-10-19T10:11:12+00:00\" \/>\n<meta name=\"twitter:card\" content=\"summary_large_image\" \/>\n<meta name=\"twitter:label1\" content=\"Tempo estimado de leitura\" \/>\n\t<meta name=\"twitter:data1\" content=\"5 minutos\" \/>\n<script type=\"application\/ld+json\" class=\"yoast-schema-graph\">{\"@context\":\"https:\/\/schema.org\",\"@graph\":[{\"@type\":\"WebPage\",\"@id\":\"https:\/\/www.eibol.com\/pt-pt\/politica-de-cookies-de-eibol\/\",\"url\":\"https:\/\/www.eibol.com\/pt-pt\/politica-de-cookies-de-eibol\/\",\"name\":\"Pol\u00edtica de cookies de EIBOL\",\"isPartOf\":{\"@id\":\"https:\/\/www.eibol.com\/pt-pt\/#website\"},\"datePublished\":\"2020-04-14T11:15:48+00:00\",\"dateModified\":\"2023-10-19T10:11:12+00:00\",\"breadcrumb\":{\"@id\":\"https:\/\/www.eibol.com\/pt-pt\/politica-de-cookies-de-eibol\/#breadcrumb\"},\"inLanguage\":\"pt-PT\",\"potentialAction\":[{\"@type\":\"ReadAction\",\"target\":[\"https:\/\/www.eibol.com\/pt-pt\/politica-de-cookies-de-eibol\/\"]}]},{\"@type\":\"BreadcrumbList\",\"@id\":\"https:\/\/www.eibol.com\/pt-pt\/politica-de-cookies-de-eibol\/#breadcrumb\",\"itemListElement\":[{\"@type\":\"ListItem\",\"position\":1,\"name\":\"Portada\",\"item\":\"https:\/\/www.eibol.com\/pt-pt\/\"},{\"@type\":\"ListItem\",\"position\":2,\"name\":\"Pol\u00edtica de Cookies\"}]},{\"@type\":\"WebSite\",\"@id\":\"https:\/\/www.eibol.com\/pt-pt\/#website\",\"url\":\"https:\/\/www.eibol.com\/pt-pt\/\",\"name\":\"EIBOL Ib\u00e9rica, S. L.\",\"description\":\"Bioestimulantes y productos ecol\u00f3gicos para la agricultura\",\"potentialAction\":[{\"@type\":\"SearchAction\",\"target\":{\"@type\":\"EntryPoint\",\"urlTemplate\":\"https:\/\/www.eibol.com\/pt-pt\/?s={search_term_string}\"},\"query-input\":{\"@type\":\"PropertyValueSpecification\",\"valueRequired\":true,\"valueName\":\"search_term_string\"}}],\"inLanguage\":\"pt-PT\"}]}<\/script>\n<!-- \/ Yoast SEO plugin. -->","yoast_head_json":{"title":"Pol\u00edtica de cookies de EIBOL","robots":{"index":"index","follow":"follow","max-snippet":"max-snippet:-1","max-image-preview":"max-image-preview:large","max-video-preview":"max-video-preview:-1"},"canonical":"https:\/\/www.eibol.com\/pt-pt\/politica-de-cookies-de-eibol\/","og_locale":"pt_PT","og_type":"article","og_title":"Pol\u00edtica de cookies de EIBOL","og_description":"Os cookies s\u00e3o pequenos arquivos. Permitem que o propriet\u00e1rio do s\u00edtio Web os distinga dos restantes utilizadores do s\u00edtio. Os cookies n\u00e3o podem ser executados como c\u00f3digo e n\u00e3o cont\u00eam v\u00edrus. Por conseguinte, no podemos aceder \u00e0 informa\u00e7\u00e3o do seu disco r\u00edgido. Os cookies que utilizamos n\u00e3o armazenam dados pessoais, nem qualquer outro tipo de [...]Continuar a ler... from Pol\u00edtica de Cookies","og_url":"https:\/\/www.eibol.com\/pt-pt\/politica-de-cookies-de-eibol\/","og_site_name":"EIBOL Ib\u00e9rica, S. L.","article_modified_time":"2023-10-19T10:11:12+00:00","twitter_card":"summary_large_image","twitter_misc":{"Tempo estimado de leitura":"5 minutos"},"schema":{"@context":"https:\/\/schema.org","@graph":[{"@type":"WebPage","@id":"https:\/\/www.eibol.com\/pt-pt\/politica-de-cookies-de-eibol\/","url":"https:\/\/www.eibol.com\/pt-pt\/politica-de-cookies-de-eibol\/","name":"Pol\u00edtica de cookies de EIBOL","isPartOf":{"@id":"https:\/\/www.eibol.com\/pt-pt\/#website"},"datePublished":"2020-04-14T11:15:48+00:00","dateModified":"2023-10-19T10:11:12+00:00","breadcrumb":{"@id":"https:\/\/www.eibol.com\/pt-pt\/politica-de-cookies-de-eibol\/#breadcrumb"},"inLanguage":"pt-PT","potentialAction":[{"@type":"ReadAction","target":["https:\/\/www.eibol.com\/pt-pt\/politica-de-cookies-de-eibol\/"]}]},{"@type":"BreadcrumbList","@id":"https:\/\/www.eibol.com\/pt-pt\/politica-de-cookies-de-eibol\/#breadcrumb","itemListElement":[{"@type":"ListItem","position":1,"name":"Portada","item":"https:\/\/www.eibol.com\/pt-pt\/"},{"@type":"ListItem","position":2,"name":"Pol\u00edtica de Cookies"}]},{"@type":"WebSite","@id":"https:\/\/www.eibol.com\/pt-pt\/#website","url":"https:\/\/www.eibol.com\/pt-pt\/","name":"EIBOL Ib\u00e9rica, S. L.","description":"Bioestimulantes y productos ecol\u00f3gicos para la agricultura","potentialAction":[{"@type":"SearchAction","target":{"@type":"EntryPoint","urlTemplate":"https:\/\/www.eibol.com\/pt-pt\/?s={search_term_string}"},"query-input":{"@type":"PropertyValueSpecification","valueRequired":true,"valueName":"search_term_string"}}],"inLanguage":"pt-PT"}]}},"_links":{"self":[{"href":"https:\/\/www.eibol.com\/pt-pt\/wp-json\/wp\/v2\/pages\/2134","targetHints":{"allow":["GET"]}}],"collection":[{"href":"https:\/\/www.eibol.com\/pt-pt\/wp-json\/wp\/v2\/pages"}],"about":[{"href":"https:\/\/www.eibol.com\/pt-pt\/wp-json\/wp\/v2\/types\/page"}],"author":[{"embeddable":true,"href":"https:\/\/www.eibol.com\/pt-pt\/wp-json\/wp\/v2\/users\/1"}],"replies":[{"embeddable":true,"href":"https:\/\/www.eibol.com\/pt-pt\/wp-json\/wp\/v2\/comments?post=2134"}],"version-history":[{"count":8,"href":"https:\/\/www.eibol.com\/pt-pt\/wp-json\/wp\/v2\/pages\/2134\/revisions"}],"predecessor-version":[{"id":14611,"href":"https:\/\/www.eibol.com\/pt-pt\/wp-json\/wp\/v2\/pages\/2134\/revisions\/14611"}],"wp:attachment":[{"href":"https:\/\/www.eibol.com\/pt-pt\/wp-json\/wp\/v2\/media?parent=2134"}],"curies":[{"name":"wp","href":"https:\/\/api.w.org\/{rel}","templated":true}]}}