{"id":4761,"date":"2020-04-14T11:15:48","date_gmt":"2020-04-14T11:15:48","guid":{"rendered":"https:\/\/www.eibol.com\/politica-de-cookies-de-eibol\/"},"modified":"2023-10-19T09:32:18","modified_gmt":"2023-10-19T09:32:18","slug":"politique-de-cookies-eibol","status":"publish","type":"page","link":"https:\/\/www.eibol.com\/fr\/politique-de-cookies-eibol\/","title":{"rendered":"Politique de Cookies"},"content":{"rendered":"\n<p>Les cookies sont des petits fichiers qui permettent au propri\u00e9taire du site web de vous distinguer du reste des utilisateurs du site. Les cookies ne peuvent pas \u00eatre ex\u00e9cut\u00e9s comme code et ne contiennent pas de virus. Ainsi, il ne nous est pas possible d\u2019acc\u00e9der \u00e0 l\u2019information de votre disque dur.<\/p>\n\n\n\n<p>Les cookies que nous utilisons ne stockent aucune donn\u00e9e personnelle, ni aucun type d\u2019information susceptible de vous identifier. Les cookies servent \u00e0 am\u00e9liorer les services que nous vous proposons. Certains sont strictement n\u00e9cessaires au bon fonctionnement du site web et d\u2019autres servent \u00e0 am\u00e9liorer le rendement et votre exp\u00e9rience d\u2019utilisateur.<\/p>\n\n\n\n<p>Ce site web utilise des \u2018cookies\u2019 propres et de tiers pour vous offrir une meilleure exp\u00e9rience et un meilleur service.<\/p>\n\n\n\n<p>Cookies propres&nbsp;: ce sont ceux qui sont envoy\u00e9s au terminal de l\u2019utilisateur depuis un \u00e9quipement ou domaine g\u00e9r\u00e9 par le propre \u00e9diteur et depuis lequel est pr\u00eat\u00e9 le service demand\u00e9 par l\u2019utilisateur.<\/p>\n\n\n\n<p>Cookies de tiers : ce sont ceux qui sont envoy\u00e9s au terminal de l\u2019utilisateur depuis un \u00e9quipement ou domaine qui n\u2019est pas g\u00e9r\u00e9 par l\u2019\u00e9diteur mais par un autre organisme, qui traite les donn\u00e9es collect\u00e9es \u00e0 travers les cookies.<\/p>\n\n\n\n<p>En naviguant sur notre site ou en utilisant nos services, vous acceptez l\u2019utilisation que nous faisons des cookies. Vous pouvez modifier les param\u00e8tres des \u2018cookies\u2019 \u00e0 tout moment.<\/p>\n\n\n\n<p><strong>Types de cookies utilis\u00e9s<\/strong><\/p>\n\n\n\n<p>Ce site web utilise des cookies de session temporaires de m\u00eame que des cookies persistants. Les cookies de session stockent des donn\u00e9es uniquement pendant l\u2019acc\u00e8s de l\u2019utilisateur au site et les cookies persistants stockent les donn\u00e9es dans le terminal de l\u2019utilisateur pour qu\u2019elles puissent \u00eatre accessibles et utilis\u00e9es dans d\u2019autres sessions.<\/p>\n\n\n\n<p>Suivant la finalit\u00e9 du traitement des donn\u00e9es collect\u00e9es \u00e0 travers les cookies, le site web peut utiliser&nbsp;: <\/p>\n\n\n\n<p><strong>Cookies techniques<\/strong><br>Ce sont ceux qui permettent \u00e0 l\u2019utilisateur de naviguer sur un site web ou une application et d\u2019utiliser les diff\u00e9rentes options ou services qui y sont propos\u00e9s.<\/p>\n\n\n\n<p><\/p>\n\n\n\n<p><strong>Cookies de personnalisation.<\/strong><br>Ce sont ceux qui permettent \u00e0 l\u2019utilisateur d\u2019acc\u00e9der au service avec certaines caract\u00e9ristiques de caract\u00e8re g\u00e9n\u00e9ral pr\u00e9d\u00e9finies sur son terminal ou d\u00e9finies par le propre utilisateur. Par exemple, la langue ou le type de navigateur utilis\u00e9 pour acc\u00e9der au service.<\/p>\n\n\n\n<p><\/p>\n\n\n\n<p><strong>Cookies publicitaires.<\/strong><br>Ce sont ceux qui permettent la gestion efficace des espaces publicitaires inclus sur le site web ou application depuis lequel est pr\u00eat\u00e9 le service.<\/p>\n\n\n\n<p><\/p>\n\n\n\n<p><strong>Cookies d\u2019analyse :<\/strong><br>Ce sont ceux qui permettent de r\u00e9aliser le suivi et l&rsquo;analyse du comportement des utilisateurs sur les sites web.<\/p>\n\n\n\n<p><\/p>\n\n\n\n<p><strong>Cookies de tiers.<\/strong><\/p>\n\n\n\n<p>Ce sont ceux qui peuvent \u00eatre install\u00e9s par des tiers et qui permettent de g\u00e9rer et d\u2019am\u00e9liorer les services offerts. Comme par exemple les services statistiques de Google Analytics.<\/p>\n\n\n\n<p>Nous ne permettons pas \u00e0 des tiers d\u2019afficher de la publicit\u00e9 sur notre site web, mais nous ne pouvons pas contr\u00f4ler les annonceurs qui sont autoris\u00e9s par les op\u00e9rateurs de services Internet \u00e0 afficher de la publicit\u00e9 pendant que vous naviguez.<\/p>\n\n\n\n<p><\/p>\n\n\n\n<h2 class=\"wp-block-heading\"><strong>Les cookies utilis\u00e9s sur www.eibol.com sont :<\/strong><\/h2>\n\n\n\n<p>En fonction du choix que vous faites concernant l&rsquo;utilisation des cookies sur ce site Web, un cookie suppl\u00e9mentaire vous sera envoy\u00e9 pour enregistrer votre choix afin que vous n&rsquo;ayez pas \u00e0 accepter l&rsquo;utilisation de cookies \u00e0 chaque fois que vous acc\u00e9dez \u00e0 notre site Web. Cette liste de cookies a pour but de vous aider \u00e0 reconna\u00eetre les cookies stock\u00e9s dans votre navigateur lorsque vous visitez notre site Internet ou lorsque vous voyez nos publicit\u00e9s sur d&rsquo;autres sites. Nous avons essay\u00e9 d&rsquo;inclure tous les cookies utilis\u00e9s par nous et nos partenaires technologiques, mais veuillez noter que nous pouvons parfois \u00eatre retard\u00e9s dans la mise \u00e0 jour de la liste. Si vous remarquez des divergences ou pensez qu&rsquo;un cookie est manquant, n&rsquo;h\u00e9sitez pas \u00e0 nous le faire savoir.<\/p>\n\n\n\n<p><strong>Cookies strictement n\u00e9cessaires<\/strong><\/p>\n\n\n\n<p>Certains cookies sont essentiels pour fournir des fonctionnalit\u00e9s de base. Ce site Web ne pourra pas fonctionner correctement sans l&rsquo;activation de ces cookies. Ces cookies sont activ\u00e9s par d\u00e9faut et ne peuvent pas \u00eatre d\u00e9sactiv\u00e9s.<\/p>\n\n\n\n<figure class=\"wp-block-table\"><table><thead><tr><th>nom<\/th><th>Nom de l&rsquo;\u00e9quipe<\/th><th>itin\u00e9raire<\/th><th>expiration<\/th><th>Etiquetas<\/th><\/tr><\/thead><tbody><tr><td>cookiehub<\/td><td>.eibol.com<\/td><td>\/<\/td><td>365 d\u00edas<\/td><td><\/td><\/tr><tr><td colspan=\"5\">Utilis\u00e9 par CookieHub pour stocker des informations indiquant si les visiteurs ont accept\u00e9 ou non les cat\u00e9gories de cookies utilis\u00e9s sur le site.<\/td><\/tr><tr><td>lastExternalReferrerTime<\/td><td><\/td><td><\/td><td>Persistent<\/td><td><\/td><\/tr><tr><td>lastExternalReferrer<\/td><td><\/td><td><\/td><td>Persistent<\/td><td><\/td><\/tr><tr><td>wpEmojiSettingsSupports<\/td><td><\/td><td><\/td><td>Sesi\u00f3n<\/td><td><\/td><\/tr><\/tbody><\/table><\/figure>\n\n\n\n<p><strong>Cookies d&rsquo;analyse ou de mesure<\/strong><\/p>\n\n\n\n<p>Les cookies analytiques nous aident \u00e0 am\u00e9liorer notre site Web en collectant et en rapportant des informations sur son utilisation.<\/p>\n\n\n\n<figure class=\"wp-block-table\"><table><thead><tr><th>nom<\/th><th>Nom de l&rsquo;\u00e9quipe<\/th><th>itin\u00e9raire<\/th><th>expiration<\/th><th>Etiquetas<\/th><\/tr><\/thead><tbody><tr><td>_ga<\/td><td>.eibol.com<\/td><td>\/<\/td><td>730 d\u00edas<\/td><td><\/td><\/tr><tr><td colspan=\"5\">Contient un identifiant unique que Google Analytics utilise pour d\u00e9terminer que deux appels diff\u00e9rents appartiennent au m\u00eame utilisateur lors des sessions de navigation.<\/td><\/tr><tr><td>_gid<\/td><td>.eibol.com<\/td><td>\/<\/td><td>1 d\u00eda<\/td><td><\/td><\/tr><tr><td colspan=\"5\">Contient un identifiant unique que Google Analytics utilise pour d\u00e9terminer que deux appels diff\u00e9rents appartiennent au m\u00eame utilisateur lors des sessions de navigation.<\/td><\/tr><tr><td>_gat_*<\/td><td>.eibol.com<\/td><td>\/<\/td><td>1 hora<\/td><td><\/td><\/tr><tr><td colspan=\"5\">Contient un identifiant unique que Google Analytics utilise pour d\u00e9terminer que deux appels diff\u00e9rents appartiennent au m\u00eame utilisateur lors des sessions de navigation.<\/td><\/tr><tr><td>_ga_*<\/td><td>.eibol.com<\/td><td>\/<\/td><td>730 d\u00edas<\/td><td><\/td><\/tr><tr><td colspan=\"5\">Contient un identifiant unique utilis\u00e9 par Google Analytics 4 pour d\u00e9terminer que deux appels distincts appartiennent au m\u00eame utilisateur au cours des sessions de navigation.<\/td><\/tr><\/tbody><\/table><\/figure>\n\n\n\n<p><strong>Cookies de publicit\u00e9 comportementale<\/strong><\/p>\n\n\n\n<p>Les cookies de publicit\u00e9 comportementale sont utilis\u00e9s pour suivre les visiteurs sur diff\u00e9rents sites Web. Cela permet aux prestataires publicitaires d&rsquo;afficher des publicit\u00e9s pertinentes et int\u00e9ressantes pour chaque utilisateur de notre site Internet.<\/p>\n\n\n\n<figure class=\"wp-block-table\"><table><thead><tr><th>nom<\/th><th>Nom de l&rsquo;\u00e9quipe<\/th><th>itin\u00e9raire<\/th><th>expiration<\/th><th>Etiquetas<\/th><\/tr><\/thead><tbody><tr><td>_fbp<\/td><td>.eibol.com<\/td><td>\/<\/td><td>90 d\u00edas<\/td><td><\/td><\/tr><tr><td colspan=\"5\">Cookie publicitaire propre \u00e0 Facebook Pixel. Utilis\u00e9 par Facebook pour suivre les visites sur des sites Web afin de proposer une gamme de produits publicitaires, tels que les ench\u00e8res en temps r\u00e9el d&rsquo;annonceurs tiers. Ic\u00f4ne valid\u00e9e par la communaut\u00e9<\/td><\/tr><\/tbody><\/table><\/figure>\n\n\n\n\n\n<p><\/p>\n\n\n\n<p><strong>G\u00e9rer les cookies&nbsp;:<\/strong><\/p>\n\n\n\n<p>Pour permettre, bloquer ou \u00e9liminer les cookies install\u00e9s sur son \u00e9quipement, l\u2019utilisateur peut configurer les options du navigateur install\u00e9 sur son terminal.<\/p>\n\n\n\n<p>Nous vous indiquons ci-apr\u00e8s des liens o\u00f9 vous pourrez trouver des informations sur la fa\u00e7on d\u2019activer vos pr\u00e9f\u00e9rences sur les principaux navigateurs :<\/p>\n\n\n\n<p><a href=\"https:\/\/support.google.com\/chrome\/answer\/95647?hl=es\">Google Chrome<\/a><br><a href=\"http:\/\/support.mozilla.org\/es\/kb\/cookies-informacion-que-los-sitios-web-guardan-en-?redirectlocale=en-US&amp;redirectslug=Cookies\">Mozilla Firefox<\/a><br><a href=\"http:\/\/support.microsoft.com\/kb\/196955\/es\">Internet Explorer<\/a><br><a href=\"http:\/\/www.apple.com\/es\/privacy\/use-of-cookies\/\">Safari<\/a><br><a href=\"http:\/\/www.apple.com\/es\/privacy\/use-of-cookies\/\">Safari pour IOS (iPhone, iPad)<\/a><br><a href=\"http:\/\/www.macromedia.com\/support\/documentation\/es\/flashplayer\/help\/settings_manager07.html\">Cookies Flash<\/a><br><a href=\"http:\/\/help.opera.com\/Windows\/12.00\/es-ES\/cookies.html\">Opera<\/a><br><a href=\"https:\/\/support.google.com\/chrome\/answer\/2392971?hl=es\">Chrome pour Android<\/a><\/p>\n\n\n\n<p>Sur certains navigateurs, il est possible de param\u00e9trer des r\u00e8gles sp\u00e9cifiques pour g\u00e9rer les cookies suivant le site web, ce qui permet un contr\u00f4le plus pr\u00e9cis de la vie priv\u00e9e. Cela signifie qu\u2019il est possible de d\u00e9sactiver les cookies de tous les sites sauf ceux des sites de confiance.<\/p>\n","protected":false},"excerpt":{"rendered":"<p>Les cookies sont des petits fichiers qui permettent au propri\u00e9taire du site web de vous distinguer du reste des utilisateurs du site. Les cookies ne peuvent pas \u00eatre ex\u00e9cut\u00e9s comme code et ne contiennent pas de virus. Ainsi, il ne nous est pas possible d\u2019acc\u00e9der \u00e0 l\u2019information de votre disque dur. Les cookies que nous [&#8230;]<\/p>\n<p><a class=\"btn btn-secondary understrap-read-more-link\" href=\"https:\/\/www.eibol.com\/fr\/politique-de-cookies-eibol\/\">Lire la suite\u2026<span class=\"screen-reader-text\"> from Politique de Cookies<\/span><\/a><\/p>\n","protected":false},"author":1,"featured_media":0,"parent":0,"menu_order":0,"comment_status":"closed","ping_status":"open","template":"page-templates\/defaultpage-legal-boxed.php","meta":{"inline_featured_image":false,"footnotes":""},"class_list":["post-4761","page","type-page","status-publish","hentry"],"yoast_head":"<!-- This site is optimized with the Yoast SEO plugin v27.0 - https:\/\/yoast.com\/product\/yoast-seo-wordpress\/ -->\n<title>Pol\u00edtica de cookies de EIBOL<\/title>\n<meta name=\"robots\" content=\"index, follow, max-snippet:-1, max-image-preview:large, max-video-preview:-1\" \/>\n<link rel=\"canonical\" href=\"https:\/\/www.eibol.com\/fr\/politique-de-cookies-eibol\/\" \/>\n<meta property=\"og:locale\" content=\"fr_FR\" \/>\n<meta property=\"og:type\" content=\"article\" \/>\n<meta property=\"og:title\" content=\"Pol\u00edtica de cookies de EIBOL\" \/>\n<meta property=\"og:description\" content=\"Les cookies sont des petits fichiers qui permettent au propri\u00e9taire du site web de vous distinguer du reste des utilisateurs du site. Les cookies ne peuvent pas \u00eatre ex\u00e9cut\u00e9s comme code et ne contiennent pas de virus. Ainsi, il ne nous est pas possible d\u2019acc\u00e9der \u00e0 l\u2019information de votre disque dur. Les cookies que nous [...]Lire la suite\u2026 from Politique de Cookies\" \/>\n<meta property=\"og:url\" content=\"https:\/\/www.eibol.com\/fr\/politique-de-cookies-eibol\/\" \/>\n<meta property=\"og:site_name\" content=\"EIBOL Ib\u00e9rica, S. L.\" \/>\n<meta property=\"article:modified_time\" content=\"2023-10-19T09:32:18+00:00\" \/>\n<meta name=\"twitter:card\" content=\"summary_large_image\" \/>\n<meta name=\"twitter:label1\" content=\"Dur\u00e9e de lecture estim\u00e9e\" \/>\n\t<meta name=\"twitter:data1\" content=\"5 minutes\" \/>\n<script type=\"application\/ld+json\" class=\"yoast-schema-graph\">{\"@context\":\"https:\/\/schema.org\",\"@graph\":[{\"@type\":\"WebPage\",\"@id\":\"https:\/\/www.eibol.com\/fr\/politique-de-cookies-eibol\/\",\"url\":\"https:\/\/www.eibol.com\/fr\/politique-de-cookies-eibol\/\",\"name\":\"Pol\u00edtica de cookies de EIBOL\",\"isPartOf\":{\"@id\":\"https:\/\/www.eibol.com\/fr\/#website\"},\"datePublished\":\"2020-04-14T11:15:48+00:00\",\"dateModified\":\"2023-10-19T09:32:18+00:00\",\"breadcrumb\":{\"@id\":\"https:\/\/www.eibol.com\/fr\/politique-de-cookies-eibol\/#breadcrumb\"},\"inLanguage\":\"fr-FR\",\"potentialAction\":[{\"@type\":\"ReadAction\",\"target\":[\"https:\/\/www.eibol.com\/fr\/politique-de-cookies-eibol\/\"]}]},{\"@type\":\"BreadcrumbList\",\"@id\":\"https:\/\/www.eibol.com\/fr\/politique-de-cookies-eibol\/#breadcrumb\",\"itemListElement\":[{\"@type\":\"ListItem\",\"position\":1,\"name\":\"Portada\",\"item\":\"https:\/\/www.eibol.com\/fr\/\"},{\"@type\":\"ListItem\",\"position\":2,\"name\":\"Politique de Cookies\"}]},{\"@type\":\"WebSite\",\"@id\":\"https:\/\/www.eibol.com\/fr\/#website\",\"url\":\"https:\/\/www.eibol.com\/fr\/\",\"name\":\"EIBOL Ib\u00e9rica, S. L.\",\"description\":\"Bioestimulantes y productos ecol\u00f3gicos para la agricultura\",\"potentialAction\":[{\"@type\":\"SearchAction\",\"target\":{\"@type\":\"EntryPoint\",\"urlTemplate\":\"https:\/\/www.eibol.com\/fr\/?s={search_term_string}\"},\"query-input\":{\"@type\":\"PropertyValueSpecification\",\"valueRequired\":true,\"valueName\":\"search_term_string\"}}],\"inLanguage\":\"fr-FR\"}]}<\/script>\n<!-- \/ Yoast SEO plugin. -->","yoast_head_json":{"title":"Pol\u00edtica de cookies de EIBOL","robots":{"index":"index","follow":"follow","max-snippet":"max-snippet:-1","max-image-preview":"max-image-preview:large","max-video-preview":"max-video-preview:-1"},"canonical":"https:\/\/www.eibol.com\/fr\/politique-de-cookies-eibol\/","og_locale":"fr_FR","og_type":"article","og_title":"Pol\u00edtica de cookies de EIBOL","og_description":"Les cookies sont des petits fichiers qui permettent au propri\u00e9taire du site web de vous distinguer du reste des utilisateurs du site. Les cookies ne peuvent pas \u00eatre ex\u00e9cut\u00e9s comme code et ne contiennent pas de virus. Ainsi, il ne nous est pas possible d\u2019acc\u00e9der \u00e0 l\u2019information de votre disque dur. Les cookies que nous [...]Lire la suite\u2026 from Politique de Cookies","og_url":"https:\/\/www.eibol.com\/fr\/politique-de-cookies-eibol\/","og_site_name":"EIBOL Ib\u00e9rica, S. L.","article_modified_time":"2023-10-19T09:32:18+00:00","twitter_card":"summary_large_image","twitter_misc":{"Dur\u00e9e de lecture estim\u00e9e":"5 minutes"},"schema":{"@context":"https:\/\/schema.org","@graph":[{"@type":"WebPage","@id":"https:\/\/www.eibol.com\/fr\/politique-de-cookies-eibol\/","url":"https:\/\/www.eibol.com\/fr\/politique-de-cookies-eibol\/","name":"Pol\u00edtica de cookies de EIBOL","isPartOf":{"@id":"https:\/\/www.eibol.com\/fr\/#website"},"datePublished":"2020-04-14T11:15:48+00:00","dateModified":"2023-10-19T09:32:18+00:00","breadcrumb":{"@id":"https:\/\/www.eibol.com\/fr\/politique-de-cookies-eibol\/#breadcrumb"},"inLanguage":"fr-FR","potentialAction":[{"@type":"ReadAction","target":["https:\/\/www.eibol.com\/fr\/politique-de-cookies-eibol\/"]}]},{"@type":"BreadcrumbList","@id":"https:\/\/www.eibol.com\/fr\/politique-de-cookies-eibol\/#breadcrumb","itemListElement":[{"@type":"ListItem","position":1,"name":"Portada","item":"https:\/\/www.eibol.com\/fr\/"},{"@type":"ListItem","position":2,"name":"Politique de Cookies"}]},{"@type":"WebSite","@id":"https:\/\/www.eibol.com\/fr\/#website","url":"https:\/\/www.eibol.com\/fr\/","name":"EIBOL Ib\u00e9rica, S. L.","description":"Bioestimulantes y productos ecol\u00f3gicos para la agricultura","potentialAction":[{"@type":"SearchAction","target":{"@type":"EntryPoint","urlTemplate":"https:\/\/www.eibol.com\/fr\/?s={search_term_string}"},"query-input":{"@type":"PropertyValueSpecification","valueRequired":true,"valueName":"search_term_string"}}],"inLanguage":"fr-FR"}]}},"_links":{"self":[{"href":"https:\/\/www.eibol.com\/fr\/wp-json\/wp\/v2\/pages\/4761","targetHints":{"allow":["GET"]}}],"collection":[{"href":"https:\/\/www.eibol.com\/fr\/wp-json\/wp\/v2\/pages"}],"about":[{"href":"https:\/\/www.eibol.com\/fr\/wp-json\/wp\/v2\/types\/page"}],"author":[{"embeddable":true,"href":"https:\/\/www.eibol.com\/fr\/wp-json\/wp\/v2\/users\/1"}],"replies":[{"embeddable":true,"href":"https:\/\/www.eibol.com\/fr\/wp-json\/wp\/v2\/comments?post=4761"}],"version-history":[{"count":15,"href":"https:\/\/www.eibol.com\/fr\/wp-json\/wp\/v2\/pages\/4761\/revisions"}],"predecessor-version":[{"id":14602,"href":"https:\/\/www.eibol.com\/fr\/wp-json\/wp\/v2\/pages\/4761\/revisions\/14602"}],"wp:attachment":[{"href":"https:\/\/www.eibol.com\/fr\/wp-json\/wp\/v2\/media?parent=4761"}],"curies":[{"name":"wp","href":"https:\/\/api.w.org\/{rel}","templated":true}]}}