{"id":4743,"date":"2020-04-14T15:17:56","date_gmt":"2020-04-14T15:17:56","guid":{"rendered":"https:\/\/www.eibol.com\/formula-productos-biologicos-para-cultivos\/"},"modified":"2021-12-03T11:46:03","modified_gmt":"2021-12-03T11:46:03","slug":"formula-productos-biologicos-para-cultivos","status":"publish","type":"page","link":"https:\/\/www.eibol.com\/fr\/formula-productos-biologicos-para-cultivos\/","title":{"rendered":"Eibol"},"content":{"rendered":"<div id=\"pag-eibol\" class=\"padding-large--top\">\n<div class=\"container\">\n<div class=\"row\">\n<div class=\"col-md-12\">\n<h3>EIBOL est une soci\u00e9t\u00e9 de biotechnologie qui d\u00e9veloppe ses activit\u00e9s dans le secteur agricole.<\/h3>\n<\/div>\n<div class=\"col-md-6\">\n<p class=\"lead\">Elle poss\u00e8de sa propre collection de souches de micro-organismes pour le d\u00e9veloppement de ses solutions biologiques de stimulation, de nutrition et d&rsquo;am\u00e9lioration des cultures.<\/p>\n<p>L&rsquo;importance croissante d&rsquo;obtenir des cultures de production et de qualit\u00e9 maximales rend n\u00e9cessaire le d\u00e9veloppement de produits capables de r\u00e9g\u00e9n\u00e9rer les sols, d&rsquo;obtenir une fertilisation ad\u00e9quate et de produire des cultures saines, tout en respectant l&rsquo;environnement.<\/p>\n<\/div>\n<div class=\"col-md-6\"><img decoding=\"async\" style=\"width: 100%;\" src=\"https:\/\/www.eibol.com\/wp-content\/uploads\/2020\/04\/eibol-empresa-biotecnologica-cultivos.jpg\" alt=\"EIBOL empresa biotecnol\u00f3gica\"><\/div>\n<\/div>\n<\/div>\n<\/div>\n<div id=\"pag-eibol-columnas\" class=\"padding-large--top\">\n<div class=\"container\">\n<div class=\"row\">\n<div class=\"grid-eibol--home\">\n<div class=\"grid-eibol--home__item\">\n<div class=\"modulo1\"><\/div>\n<div class=\"text-item\">L&rsquo;objectif d&rsquo;<strong>EIBOL<\/strong> est de rechercher, d\u00e9velopper, produire et commercialiser des engrais et des solutions biologiques qui nourrissent les cultures et augmentent leur rentabilit\u00e9. Pour cette raison, <strong>nous continuons \u00e0 travailler pour vous proposer de nouveaux produits qui vous aident, jour apr\u00e8s jour, \u00e0 optimiser votre production tout en respectant l&rsquo;environnement.<\/strong><\/div>\n<div class=\"imagen-drid\"><img decoding=\"async\" style=\"width: 100%;\" src=\"https:\/\/www.eibol.com\/wp-content\/uploads\/2020\/04\/eibol-empresa-biotecnologica-cultivos-01.jpg\" alt=\"investigar, desarrollar, producir\"><\/div>\n<\/div>\n<div class=\"grid-eibol--home__item\">\n<div class=\"modulo2\"><\/div>\n<div class=\"text-item\"><strong>EIBOL<\/strong> est conscient de l&rsquo;effort que cela repr\u00e9sente aujourd&rsquo;hui pour l&rsquo;agriculteur de r\u00e9pondre aux exigences de l&rsquo;agriculture moderne et, en m\u00eame temps, de <strong>promouvoir la protection et la conservation de l&rsquo;environnement<\/strong>.<\/div>\n<div class=\"imagen-drid\"><img decoding=\"async\" style=\"width: 100%;\" src=\"https:\/\/www.eibol.com\/wp-content\/uploads\/2020\/04\/eibol-empresa-biotecnologica-cultivos-02.jpg\" alt=\"agricultura moderna\"><\/div>\n<\/div>\n<div class=\"grid-eibol--home__item\">\n<div class=\"modulo3\"><\/div>\n<div class=\"text-item\">Pour cette raison, <strong>EIBOL d\u00e9veloppe des produits qui contribuent \u00e0 am\u00e9liorer la qualit\u00e9 des cultures<\/strong>, en respectant les conditions biologiques des sols et la faune utile, avec une efficacit\u00e9 maximale au moment de son application.<\/div>\n<div class=\"imagen-drid\"><img decoding=\"async\" style=\"width: 100%;\" src=\"https:\/\/www.eibol.com\/wp-content\/uploads\/2020\/04\/eibol-empresa-biotecnologica-cultivos-03.jpg\" alt=\"aumentar la calidad de las cosechas\"><\/div>\n<\/div>\n<\/div>\n<\/div>\n<\/div>\n<\/div>\n","protected":false},"excerpt":{"rendered":"<p>EIBOL est une soci\u00e9t\u00e9 de biotechnologie qui d\u00e9veloppe ses activit\u00e9s dans le secteur agricole. Elle poss\u00e8de sa propre collection de souches de micro-organismes pour le d\u00e9veloppement de ses solutions biologiques de stimulation, de nutrition et d&rsquo;am\u00e9lioration des cultures. L&rsquo;importance croissante d&rsquo;obtenir des cultures de production et de qualit\u00e9 maximales rend n\u00e9cessaire le d\u00e9veloppement de produits [&#8230;]<\/p>\n<p><a class=\"btn btn-secondary understrap-read-more-link\" href=\"https:\/\/www.eibol.com\/fr\/formula-productos-biologicos-para-cultivos\/\">Lire la suite\u2026<span class=\"screen-reader-text\"> from Eibol<\/span><\/a><\/p>\n","protected":false},"author":1,"featured_media":1193,"parent":0,"menu_order":0,"comment_status":"closed","ping_status":"closed","template":"page-templates\/fullwidthpage.php","meta":{"inline_featured_image":false,"footnotes":""},"class_list":["post-4743","page","type-page","status-publish","has-post-thumbnail","hentry"],"yoast_head":"<!-- This site is optimized with the Yoast SEO plugin v27.0 - https:\/\/yoast.com\/product\/yoast-seo-wordpress\/ -->\n<title>EIBOL. Formula productos biol\u00f3gicos para cultivos<\/title>\n<meta name=\"description\" content=\"Desarrollo y comercializaci\u00f3n de productos para la agricultura que ayudan a aumentar la producci\u00f3n agr\u00edcola y su calidad, respetando el medio ambiente.\" \/>\n<meta name=\"robots\" content=\"index, follow, max-snippet:-1, max-image-preview:large, max-video-preview:-1\" \/>\n<link rel=\"canonical\" href=\"https:\/\/www.eibol.com\/fr\/formula-productos-biologicos-para-cultivos\/\" \/>\n<meta property=\"og:locale\" content=\"fr_FR\" \/>\n<meta property=\"og:type\" content=\"article\" \/>\n<meta property=\"og:title\" content=\"EIBOL. Formula productos biol\u00f3gicos para cultivos\" \/>\n<meta property=\"og:description\" content=\"Desarrollo y comercializaci\u00f3n de productos para la agricultura que ayudan a aumentar la producci\u00f3n agr\u00edcola y su calidad, respetando el medio ambiente.\" \/>\n<meta property=\"og:url\" content=\"https:\/\/www.eibol.com\/fr\/formula-productos-biologicos-para-cultivos\/\" \/>\n<meta property=\"og:site_name\" content=\"EIBOL Ib\u00e9rica, S. L.\" \/>\n<meta property=\"article:modified_time\" content=\"2021-12-03T11:46:03+00:00\" \/>\n<meta property=\"og:image\" content=\"https:\/\/www.eibol.com\/wp-content\/uploads\/2020\/06\/EIBOL-2068-small-1024x484.jpg\" \/>\n\t<meta property=\"og:image:width\" content=\"1024\" \/>\n\t<meta property=\"og:image:height\" content=\"484\" \/>\n\t<meta property=\"og:image:type\" content=\"image\/jpeg\" \/>\n<meta name=\"twitter:card\" content=\"summary_large_image\" \/>\n<meta name=\"twitter:label1\" content=\"Dur\u00e9e de lecture estim\u00e9e\" \/>\n\t<meta name=\"twitter:data1\" content=\"2 minutes\" \/>\n<script type=\"application\/ld+json\" class=\"yoast-schema-graph\">{\"@context\":\"https:\/\/schema.org\",\"@graph\":[{\"@type\":\"WebPage\",\"@id\":\"https:\/\/www.eibol.com\/fr\/formula-productos-biologicos-para-cultivos\/\",\"url\":\"https:\/\/www.eibol.com\/fr\/formula-productos-biologicos-para-cultivos\/\",\"name\":\"EIBOL. Formula productos biol\u00f3gicos para cultivos\",\"isPartOf\":{\"@id\":\"https:\/\/www.eibol.com\/fr\/#website\"},\"primaryImageOfPage\":{\"@id\":\"https:\/\/www.eibol.com\/fr\/formula-productos-biologicos-para-cultivos\/#primaryimage\"},\"image\":{\"@id\":\"https:\/\/www.eibol.com\/fr\/formula-productos-biologicos-para-cultivos\/#primaryimage\"},\"thumbnailUrl\":\"https:\/\/www.eibol.com\/wp-content\/uploads\/2020\/06\/EIBOL-2068-small.jpg\",\"datePublished\":\"2020-04-14T15:17:56+00:00\",\"dateModified\":\"2021-12-03T11:46:03+00:00\",\"description\":\"Desarrollo y comercializaci\u00f3n de productos para la agricultura que ayudan a aumentar la producci\u00f3n agr\u00edcola y su calidad, respetando el medio ambiente.\",\"breadcrumb\":{\"@id\":\"https:\/\/www.eibol.com\/fr\/formula-productos-biologicos-para-cultivos\/#breadcrumb\"},\"inLanguage\":\"fr-FR\",\"potentialAction\":[{\"@type\":\"ReadAction\",\"target\":[\"https:\/\/www.eibol.com\/fr\/formula-productos-biologicos-para-cultivos\/\"]}]},{\"@type\":\"ImageObject\",\"inLanguage\":\"fr-FR\",\"@id\":\"https:\/\/www.eibol.com\/fr\/formula-productos-biologicos-para-cultivos\/#primaryimage\",\"url\":\"https:\/\/www.eibol.com\/wp-content\/uploads\/2020\/06\/EIBOL-2068-small.jpg\",\"contentUrl\":\"https:\/\/www.eibol.com\/wp-content\/uploads\/2020\/06\/EIBOL-2068-small.jpg\",\"width\":2560,\"height\":1211,\"caption\":\"EIBOL\"},{\"@type\":\"BreadcrumbList\",\"@id\":\"https:\/\/www.eibol.com\/fr\/formula-productos-biologicos-para-cultivos\/#breadcrumb\",\"itemListElement\":[{\"@type\":\"ListItem\",\"position\":1,\"name\":\"Portada\",\"item\":\"https:\/\/www.eibol.com\/fr\/\"},{\"@type\":\"ListItem\",\"position\":2,\"name\":\"Eibol\"}]},{\"@type\":\"WebSite\",\"@id\":\"https:\/\/www.eibol.com\/fr\/#website\",\"url\":\"https:\/\/www.eibol.com\/fr\/\",\"name\":\"EIBOL Ib\u00e9rica, S. L.\",\"description\":\"Bioestimulantes y productos ecol\u00f3gicos para la agricultura\",\"potentialAction\":[{\"@type\":\"SearchAction\",\"target\":{\"@type\":\"EntryPoint\",\"urlTemplate\":\"https:\/\/www.eibol.com\/fr\/?s={search_term_string}\"},\"query-input\":{\"@type\":\"PropertyValueSpecification\",\"valueRequired\":true,\"valueName\":\"search_term_string\"}}],\"inLanguage\":\"fr-FR\"}]}<\/script>\n<!-- \/ Yoast SEO plugin. -->","yoast_head_json":{"title":"EIBOL. Formula productos biol\u00f3gicos para cultivos","description":"Desarrollo y comercializaci\u00f3n de productos para la agricultura que ayudan a aumentar la producci\u00f3n agr\u00edcola y su calidad, respetando el medio ambiente.","robots":{"index":"index","follow":"follow","max-snippet":"max-snippet:-1","max-image-preview":"max-image-preview:large","max-video-preview":"max-video-preview:-1"},"canonical":"https:\/\/www.eibol.com\/fr\/formula-productos-biologicos-para-cultivos\/","og_locale":"fr_FR","og_type":"article","og_title":"EIBOL. Formula productos biol\u00f3gicos para cultivos","og_description":"Desarrollo y comercializaci\u00f3n de productos para la agricultura que ayudan a aumentar la producci\u00f3n agr\u00edcola y su calidad, respetando el medio ambiente.","og_url":"https:\/\/www.eibol.com\/fr\/formula-productos-biologicos-para-cultivos\/","og_site_name":"EIBOL Ib\u00e9rica, S. L.","article_modified_time":"2021-12-03T11:46:03+00:00","og_image":[{"width":1024,"height":484,"url":"https:\/\/www.eibol.com\/wp-content\/uploads\/2020\/06\/EIBOL-2068-small-1024x484.jpg","type":"image\/jpeg"}],"twitter_card":"summary_large_image","twitter_misc":{"Dur\u00e9e de lecture estim\u00e9e":"2 minutes"},"schema":{"@context":"https:\/\/schema.org","@graph":[{"@type":"WebPage","@id":"https:\/\/www.eibol.com\/fr\/formula-productos-biologicos-para-cultivos\/","url":"https:\/\/www.eibol.com\/fr\/formula-productos-biologicos-para-cultivos\/","name":"EIBOL. Formula productos biol\u00f3gicos para cultivos","isPartOf":{"@id":"https:\/\/www.eibol.com\/fr\/#website"},"primaryImageOfPage":{"@id":"https:\/\/www.eibol.com\/fr\/formula-productos-biologicos-para-cultivos\/#primaryimage"},"image":{"@id":"https:\/\/www.eibol.com\/fr\/formula-productos-biologicos-para-cultivos\/#primaryimage"},"thumbnailUrl":"https:\/\/www.eibol.com\/wp-content\/uploads\/2020\/06\/EIBOL-2068-small.jpg","datePublished":"2020-04-14T15:17:56+00:00","dateModified":"2021-12-03T11:46:03+00:00","description":"Desarrollo y comercializaci\u00f3n de productos para la agricultura que ayudan a aumentar la producci\u00f3n agr\u00edcola y su calidad, respetando el medio ambiente.","breadcrumb":{"@id":"https:\/\/www.eibol.com\/fr\/formula-productos-biologicos-para-cultivos\/#breadcrumb"},"inLanguage":"fr-FR","potentialAction":[{"@type":"ReadAction","target":["https:\/\/www.eibol.com\/fr\/formula-productos-biologicos-para-cultivos\/"]}]},{"@type":"ImageObject","inLanguage":"fr-FR","@id":"https:\/\/www.eibol.com\/fr\/formula-productos-biologicos-para-cultivos\/#primaryimage","url":"https:\/\/www.eibol.com\/wp-content\/uploads\/2020\/06\/EIBOL-2068-small.jpg","contentUrl":"https:\/\/www.eibol.com\/wp-content\/uploads\/2020\/06\/EIBOL-2068-small.jpg","width":2560,"height":1211,"caption":"EIBOL"},{"@type":"BreadcrumbList","@id":"https:\/\/www.eibol.com\/fr\/formula-productos-biologicos-para-cultivos\/#breadcrumb","itemListElement":[{"@type":"ListItem","position":1,"name":"Portada","item":"https:\/\/www.eibol.com\/fr\/"},{"@type":"ListItem","position":2,"name":"Eibol"}]},{"@type":"WebSite","@id":"https:\/\/www.eibol.com\/fr\/#website","url":"https:\/\/www.eibol.com\/fr\/","name":"EIBOL Ib\u00e9rica, S. L.","description":"Bioestimulantes y productos ecol\u00f3gicos para la agricultura","potentialAction":[{"@type":"SearchAction","target":{"@type":"EntryPoint","urlTemplate":"https:\/\/www.eibol.com\/fr\/?s={search_term_string}"},"query-input":{"@type":"PropertyValueSpecification","valueRequired":true,"valueName":"search_term_string"}}],"inLanguage":"fr-FR"}]}},"_links":{"self":[{"href":"https:\/\/www.eibol.com\/fr\/wp-json\/wp\/v2\/pages\/4743","targetHints":{"allow":["GET"]}}],"collection":[{"href":"https:\/\/www.eibol.com\/fr\/wp-json\/wp\/v2\/pages"}],"about":[{"href":"https:\/\/www.eibol.com\/fr\/wp-json\/wp\/v2\/types\/page"}],"author":[{"embeddable":true,"href":"https:\/\/www.eibol.com\/fr\/wp-json\/wp\/v2\/users\/1"}],"replies":[{"embeddable":true,"href":"https:\/\/www.eibol.com\/fr\/wp-json\/wp\/v2\/comments?post=4743"}],"version-history":[{"count":6,"href":"https:\/\/www.eibol.com\/fr\/wp-json\/wp\/v2\/pages\/4743\/revisions"}],"predecessor-version":[{"id":7132,"href":"https:\/\/www.eibol.com\/fr\/wp-json\/wp\/v2\/pages\/4743\/revisions\/7132"}],"wp:featuredmedia":[{"embeddable":true,"href":"https:\/\/www.eibol.com\/fr\/wp-json\/wp\/v2\/media\/1193"}],"wp:attachment":[{"href":"https:\/\/www.eibol.com\/fr\/wp-json\/wp\/v2\/media?parent=4743"}],"curies":[{"name":"wp","href":"https:\/\/api.w.org\/{rel}","templated":true}]}}