{"id":4739,"date":"2020-04-28T07:55:11","date_gmt":"2020-04-28T07:55:11","guid":{"rendered":"https:\/\/www.eibol.com\/contacto-fabricante-soluciones-biologicas-agricultura\/"},"modified":"2021-12-03T11:44:48","modified_gmt":"2021-12-03T11:44:48","slug":"contacto-fabricante-soluciones-biologicas-agricultura","status":"publish","type":"page","link":"https:\/\/www.eibol.com\/fr\/contacto-fabricante-soluciones-biologicas-agricultura\/","title":{"rendered":"Contact"},"content":{"rendered":"<div id=\"pag-productos\" class=\"padding-large--top\">\n<div class=\"container\">\n<div style=\"max-width: 600px; margin: 0 auto !important;\">\n<div class=\"row\">\n<div class=\"col-md-6\">\n<div class=\"widget_text card-address\">\n<h5 class=\"card-address-title\">Espagne<\/h5>\n<div class=\"textwidget custom-html-widget\">\n<h6 style=\"color: #333333;\">EIBOL Ib\u00e9rica, S.L.<\/h6>\n<address style=\"color: #333333;\">C\/ Llauradors, 12<br \/>\nPol. Ind. Campo Anibal 46530 Puzol (Valencia)<\/address>\n<p><a style=\"color: rgba(151,192,37,1);\" href=\"tel:+3496146551\">+34 96 146 55 18<\/a><\/p>\n<p class=\"mapa\"><a style=\"color: rgba(151,192,37,1);\" href=\"https:\/\/www.google.com\/maps\/place\/EIBOL+IBERICA+S.L.\/@39.6085956,-0.3269121,2689m\/data=!3m1!1e3!4m8!1m2!2m1!1sEIBOL!3m4!1s0xd604076f0e2f40f:0x2de3e3b63cd48534!8m2!3d39.61274!4d-0.32199\" target=\"_blank\" rel=\"noopener noreferrer\">Voir sur Google Maps<\/a><\/p>\n<\/div>\n<\/div>\n<\/div>\n<div class=\"col-md-6\">\n<div class=\"widget_text card-address\">\n<h5 class=\"card-address-title\">Portugal<\/h5>\n<div class=\"textwidget custom-html-widget\">\n<h6 style=\"color: #333333;\">EIBOL Portugal, LDA.<\/h6>\n<address style=\"color: #333333;\">Rua do Caramelo, CCI 2521 Valdera<br \/>\n2955-293 PINHAL NOVO<\/address>\n<p><a style=\"color: rgba(151,192,37,1);\" href=\"tel:+351212380777\">+351 21 238 07 77<\/a><br \/>\n<a style=\"color: rgba(151,192,37,1);\" href=\"mailto:portugal@eibol.com\" target=\"_blank\" rel=\"noopener noreferrer\">portugal@eibol.com<\/a><\/p>\n<p class=\"mapa\"><a style=\"color: rgba(151,192,37,1);\" href=\"https:\/\/www.google.com\/maps\/place\/EIBOL+Portugal\/@38.6258396,-8.8516217,15z\/data=!4m5!3m4!1s0x0:0x8fe54e7454dd3668!8m2!3d38.6258396!4d-8.8516217\" target=\"_blank\" rel=\"noopener noreferrer\">Voir sur Google Maps<\/a><\/p>\n<\/div>\n<\/div>\n<\/div>\n<div class=\"col-md-12\">\n<h4 class=\"mt-3\" style=\"max-width: 600px; margin: 0 auto !important; margin-top: 40px!Important; margin-bottom: 20px!Important; font-size: 19px;\">Si vous avez des questions, veuillez remplir ce formulaire.<\/h4>\n\n<div class=\"wpcf7 no-js\" id=\"wpcf7-f6100-o1\" lang=\"fr-FR\" dir=\"ltr\" data-wpcf7-id=\"6100\">\n<div class=\"screen-reader-response\"><p role=\"status\" aria-live=\"polite\" aria-atomic=\"true\"><\/p> <ul><\/ul><\/div>\n<form action=\"\/fr\/wp-json\/wp\/v2\/pages\/4739#wpcf7-f6100-o1\" method=\"post\" class=\"wpcf7-form init wpcf7-acceptance-as-validation\" aria-label=\"Formulaire de contact\" novalidate=\"novalidate\" data-status=\"init\">\n<fieldset class=\"hidden-fields-container\"><input type=\"hidden\" name=\"_wpcf7\" value=\"6100\" \/><input type=\"hidden\" name=\"_wpcf7_version\" value=\"6.1.5\" \/><input type=\"hidden\" name=\"_wpcf7_locale\" value=\"fr_FR\" \/><input type=\"hidden\" name=\"_wpcf7_unit_tag\" value=\"wpcf7-f6100-o1\" \/><input type=\"hidden\" name=\"_wpcf7_container_post\" value=\"0\" \/><input type=\"hidden\" name=\"_wpcf7_posted_data_hash\" value=\"\" \/>\n<\/fieldset>\n<div class=\"form-group\">\n\t<p><label class=\"label-control\">Nom<\/label><span class=\"wpcf7-form-control-wrap\" data-name=\"your-name\"><input size=\"40\" maxlength=\"400\" class=\"wpcf7-form-control wpcf7-text wpcf7-validates-as-required form-control\" aria-required=\"true\" aria-invalid=\"false\" value=\"\" type=\"text\" name=\"your-name\" \/><\/span>\n\t<\/p>\n<\/div>\n<div class=\"form-row\">\n\t<div class=\"form-group col-md-6\">\n\t\t<p><label class=\"label-control\">Email<\/label><span class=\"wpcf7-form-control-wrap\" data-name=\"your-email\"><input size=\"40\" maxlength=\"400\" class=\"wpcf7-form-control wpcf7-email wpcf7-validates-as-required wpcf7-text wpcf7-validates-as-email form-control\" aria-required=\"true\" aria-invalid=\"false\" value=\"\" type=\"email\" name=\"your-email\" \/><\/span>\n\t\t<\/p>\n\t<\/div>\n\t<div class=\"form-group col-md-6\">\n\t\t<p><label class=\"label-control\">T\u00e9l\u00e9phone<\/label><span class=\"wpcf7-form-control-wrap\" data-name=\"tel-746\"><input size=\"40\" maxlength=\"400\" class=\"wpcf7-form-control wpcf7-tel wpcf7-text wpcf7-validates-as-tel form-control\" aria-invalid=\"false\" value=\"\" type=\"tel\" name=\"tel-746\" \/><\/span>\n\t\t<\/p>\n\t<\/div>\n<\/div>\n<div class=\"form-group\">\n\t<p><label class=\"label-control\">Soci\u00e9t\u00e9<\/label><span class=\"wpcf7-form-control-wrap\" data-name=\"your-empresa\"><input size=\"40\" maxlength=\"400\" class=\"wpcf7-form-control wpcf7-text form-control\" aria-invalid=\"false\" value=\"\" type=\"text\" name=\"your-empresa\" \/><\/span>\n\t<\/p>\n<\/div>\n<div class=\"form-group\">\n\t<p><label class=\"label-control\">Un message<\/label><span class=\"wpcf7-form-control-wrap\" data-name=\"your-message\"><textarea cols=\"40\" rows=\"10\" maxlength=\"2000\" class=\"wpcf7-form-control wpcf7-textarea form-control\" aria-invalid=\"false\" name=\"your-message\"><\/textarea><\/span>\n\t<\/p>\n<\/div>\n<div class=\"form-group\">\n\t<div class=\"textlegalform\">\n\t\t<p><span class=\"wpcf7-form-control-wrap\" data-name=\"acceptance-454\"><span class=\"wpcf7-form-control wpcf7-acceptance\"><span class=\"wpcf7-list-item\"><input type=\"checkbox\" name=\"acceptance-454\" value=\"1\" aria-invalid=\"false\" \/><\/span><\/span><\/span> J'ai lu et j'accepte la <a href=\"..\/fr\/politique-confidentialite-eibol\/\" target=\"_blank\" class=\"enlacelegal\">politique de confidentialit\u00e9<\/a>\n\t\t<\/p>\n\t<\/div>\n<\/div>\n<div class=\"form-group\">\n\t<p class=\"textlegalform02\">En utilisant ce formulaire pour contacter EIBOL IB\u00c9RICA, S. L., j\u2019accepte la POLITIQUE DE CONFIDENTIALIT\u00c9 et les MENTIONS L\u00c9GALES du site web www.eibol.com et je suis inform\u00e9 que mes donn\u00e9es personnelles seront incorpor\u00e9es \u00e0 un fichier afin que l\u2019entreprise puisse m\u2019envoyer des communications par diff\u00e9rents moyens pour \u00e9tablir des relations commerciales. Je suis inform\u00e9 que je peux exercer, facilement et gratuitement, mes droits d'acc\u00e8s, de rectification, d'annulation et d'opposition \u00e0 tout moment \u00e0 travers l'une des adresses ou num\u00e9ros de t\u00e9l\u00e9phone indiqu\u00e9s sur ce site web. NOUS NE TRANSF\u00c9RONS PAS VOS DONN\u00c9ES \u00c0 DES TIERS.\n\t<\/p>\n\t<p class=\"textlegalform02\"><strong>Termes et conditions et politique de confidentialit\u00e9.<\/strong><br \/>\nAfin de r\u00e9pondre et de r\u00e9pondre aux communications ou demandes entrantes, nous avons besoin de vos donn\u00e9es personnelles. Lisez attentivement et acceptez notre politique de confidentialit\u00e9 et nos conditions g\u00e9n\u00e9rales.\n\t<\/p>\n<\/div>\n<div class=\"form-group\">\n\t<p><input class=\"wpcf7-form-control wpcf7-submit has-spinner\" type=\"submit\" value=\"Soumettre\" \/>\n\t<\/p>\n<\/div>\n<p><script>\ndocument.addEventListener( 'wpcf7mailsent', function( event ) {\n location = 'https:\/\/www.eibol.com\/fr\/contact-succes';\n}, false );\n<\/script>\n<\/p><div class=\"wpcf7-response-output\" aria-hidden=\"true\"><\/div>\n<\/form>\n<\/div>\n\n<\/div>\n<\/div>\n<\/div>\n<\/div>\n<\/div>\n","protected":false},"excerpt":{"rendered":"<p>Espagne EIBOL Ib\u00e9rica, S.L. C\/ Llauradors, 12 Pol. Ind. Campo Anibal 46530 Puzol (Valencia) +34 96 146 55 18 Voir sur Google Maps Portugal EIBOL Portugal, LDA. Rua do Caramelo, CCI 2521 Valdera 2955-293 PINHAL NOVO +351 21 238 07 77 portugal@eibol.com Voir sur Google Maps Si vous avez des questions, veuillez remplir ce formulaire. [&#8230;]<\/p>\n<p><a class=\"btn btn-secondary understrap-read-more-link\" href=\"https:\/\/www.eibol.com\/fr\/contacto-fabricante-soluciones-biologicas-agricultura\/\">Lire la suite\u2026<span class=\"screen-reader-text\"> from Contact<\/span><\/a><\/p>\n","protected":false},"author":1,"featured_media":0,"parent":0,"menu_order":0,"comment_status":"closed","ping_status":"closed","template":"page-templates\/fullwidthpage.php","meta":{"inline_featured_image":false,"footnotes":""},"class_list":["post-4739","page","type-page","status-publish","hentry"],"yoast_head":"<!-- This site is optimized with the Yoast SEO plugin v27.0 - https:\/\/yoast.com\/product\/yoast-seo-wordpress\/ -->\n<title>Contacto con el fabricante de soluciones biol\u00f3gicas para la agricultura<\/title>\n<meta name=\"description\" content=\"Datos de contacto con EIBOL, expertos en el desarrollo y comercializaci\u00f3n de soluciones biol\u00f3gicos para la agricultura que ayudan a aumentar la producci\u00f3n.\" \/>\n<meta name=\"robots\" content=\"index, follow, max-snippet:-1, max-image-preview:large, max-video-preview:-1\" \/>\n<link rel=\"canonical\" href=\"https:\/\/www.eibol.com\/fr\/contacto-fabricante-soluciones-biologicas-agricultura\/\" \/>\n<meta property=\"og:locale\" content=\"fr_FR\" \/>\n<meta property=\"og:type\" content=\"article\" \/>\n<meta property=\"og:title\" content=\"Contacto con el fabricante de soluciones biol\u00f3gicas para la agricultura\" \/>\n<meta property=\"og:description\" content=\"Datos de contacto con EIBOL, expertos en el desarrollo y comercializaci\u00f3n de soluciones biol\u00f3gicos para la agricultura que ayudan a aumentar la producci\u00f3n.\" \/>\n<meta property=\"og:url\" content=\"https:\/\/www.eibol.com\/fr\/contacto-fabricante-soluciones-biologicas-agricultura\/\" \/>\n<meta property=\"og:site_name\" content=\"EIBOL Ib\u00e9rica, S. L.\" \/>\n<meta property=\"article:modified_time\" content=\"2021-12-03T11:44:48+00:00\" \/>\n<meta name=\"twitter:card\" content=\"summary_large_image\" \/>\n<meta name=\"twitter:label1\" content=\"Dur\u00e9e de lecture estim\u00e9e\" \/>\n\t<meta name=\"twitter:data1\" content=\"1 minute\" \/>\n<script type=\"application\/ld+json\" class=\"yoast-schema-graph\">{\"@context\":\"https:\/\/schema.org\",\"@graph\":[{\"@type\":\"WebPage\",\"@id\":\"https:\/\/www.eibol.com\/fr\/contacto-fabricante-soluciones-biologicas-agricultura\/\",\"url\":\"https:\/\/www.eibol.com\/fr\/contacto-fabricante-soluciones-biologicas-agricultura\/\",\"name\":\"Contacto con el fabricante de soluciones biol\u00f3gicas para la agricultura\",\"isPartOf\":{\"@id\":\"https:\/\/www.eibol.com\/fr\/#website\"},\"datePublished\":\"2020-04-28T07:55:11+00:00\",\"dateModified\":\"2021-12-03T11:44:48+00:00\",\"description\":\"Datos de contacto con EIBOL, expertos en el desarrollo y comercializaci\u00f3n de soluciones biol\u00f3gicos para la agricultura que ayudan a aumentar la producci\u00f3n.\",\"breadcrumb\":{\"@id\":\"https:\/\/www.eibol.com\/fr\/contacto-fabricante-soluciones-biologicas-agricultura\/#breadcrumb\"},\"inLanguage\":\"fr-FR\",\"potentialAction\":[{\"@type\":\"ReadAction\",\"target\":[\"https:\/\/www.eibol.com\/fr\/contacto-fabricante-soluciones-biologicas-agricultura\/\"]}]},{\"@type\":\"BreadcrumbList\",\"@id\":\"https:\/\/www.eibol.com\/fr\/contacto-fabricante-soluciones-biologicas-agricultura\/#breadcrumb\",\"itemListElement\":[{\"@type\":\"ListItem\",\"position\":1,\"name\":\"Portada\",\"item\":\"https:\/\/www.eibol.com\/fr\/\"},{\"@type\":\"ListItem\",\"position\":2,\"name\":\"Contact\"}]},{\"@type\":\"WebSite\",\"@id\":\"https:\/\/www.eibol.com\/fr\/#website\",\"url\":\"https:\/\/www.eibol.com\/fr\/\",\"name\":\"EIBOL Ib\u00e9rica, S. L.\",\"description\":\"Bioestimulantes y productos ecol\u00f3gicos para la agricultura\",\"potentialAction\":[{\"@type\":\"SearchAction\",\"target\":{\"@type\":\"EntryPoint\",\"urlTemplate\":\"https:\/\/www.eibol.com\/fr\/?s={search_term_string}\"},\"query-input\":{\"@type\":\"PropertyValueSpecification\",\"valueRequired\":true,\"valueName\":\"search_term_string\"}}],\"inLanguage\":\"fr-FR\"}]}<\/script>\n<!-- \/ Yoast SEO plugin. -->","yoast_head_json":{"title":"Contacto con el fabricante de soluciones biol\u00f3gicas para la agricultura","description":"Datos de contacto con EIBOL, expertos en el desarrollo y comercializaci\u00f3n de soluciones biol\u00f3gicos para la agricultura que ayudan a aumentar la producci\u00f3n.","robots":{"index":"index","follow":"follow","max-snippet":"max-snippet:-1","max-image-preview":"max-image-preview:large","max-video-preview":"max-video-preview:-1"},"canonical":"https:\/\/www.eibol.com\/fr\/contacto-fabricante-soluciones-biologicas-agricultura\/","og_locale":"fr_FR","og_type":"article","og_title":"Contacto con el fabricante de soluciones biol\u00f3gicas para la agricultura","og_description":"Datos de contacto con EIBOL, expertos en el desarrollo y comercializaci\u00f3n de soluciones biol\u00f3gicos para la agricultura que ayudan a aumentar la producci\u00f3n.","og_url":"https:\/\/www.eibol.com\/fr\/contacto-fabricante-soluciones-biologicas-agricultura\/","og_site_name":"EIBOL Ib\u00e9rica, S. L.","article_modified_time":"2021-12-03T11:44:48+00:00","twitter_card":"summary_large_image","twitter_misc":{"Dur\u00e9e de lecture estim\u00e9e":"1 minute"},"schema":{"@context":"https:\/\/schema.org","@graph":[{"@type":"WebPage","@id":"https:\/\/www.eibol.com\/fr\/contacto-fabricante-soluciones-biologicas-agricultura\/","url":"https:\/\/www.eibol.com\/fr\/contacto-fabricante-soluciones-biologicas-agricultura\/","name":"Contacto con el fabricante de soluciones biol\u00f3gicas para la agricultura","isPartOf":{"@id":"https:\/\/www.eibol.com\/fr\/#website"},"datePublished":"2020-04-28T07:55:11+00:00","dateModified":"2021-12-03T11:44:48+00:00","description":"Datos de contacto con EIBOL, expertos en el desarrollo y comercializaci\u00f3n de soluciones biol\u00f3gicos para la agricultura que ayudan a aumentar la producci\u00f3n.","breadcrumb":{"@id":"https:\/\/www.eibol.com\/fr\/contacto-fabricante-soluciones-biologicas-agricultura\/#breadcrumb"},"inLanguage":"fr-FR","potentialAction":[{"@type":"ReadAction","target":["https:\/\/www.eibol.com\/fr\/contacto-fabricante-soluciones-biologicas-agricultura\/"]}]},{"@type":"BreadcrumbList","@id":"https:\/\/www.eibol.com\/fr\/contacto-fabricante-soluciones-biologicas-agricultura\/#breadcrumb","itemListElement":[{"@type":"ListItem","position":1,"name":"Portada","item":"https:\/\/www.eibol.com\/fr\/"},{"@type":"ListItem","position":2,"name":"Contact"}]},{"@type":"WebSite","@id":"https:\/\/www.eibol.com\/fr\/#website","url":"https:\/\/www.eibol.com\/fr\/","name":"EIBOL Ib\u00e9rica, S. L.","description":"Bioestimulantes y productos ecol\u00f3gicos para la agricultura","potentialAction":[{"@type":"SearchAction","target":{"@type":"EntryPoint","urlTemplate":"https:\/\/www.eibol.com\/fr\/?s={search_term_string}"},"query-input":{"@type":"PropertyValueSpecification","valueRequired":true,"valueName":"search_term_string"}}],"inLanguage":"fr-FR"}]}},"_links":{"self":[{"href":"https:\/\/www.eibol.com\/fr\/wp-json\/wp\/v2\/pages\/4739","targetHints":{"allow":["GET"]}}],"collection":[{"href":"https:\/\/www.eibol.com\/fr\/wp-json\/wp\/v2\/pages"}],"about":[{"href":"https:\/\/www.eibol.com\/fr\/wp-json\/wp\/v2\/types\/page"}],"author":[{"embeddable":true,"href":"https:\/\/www.eibol.com\/fr\/wp-json\/wp\/v2\/users\/1"}],"replies":[{"embeddable":true,"href":"https:\/\/www.eibol.com\/fr\/wp-json\/wp\/v2\/comments?post=4739"}],"version-history":[{"count":3,"href":"https:\/\/www.eibol.com\/fr\/wp-json\/wp\/v2\/pages\/4739\/revisions"}],"predecessor-version":[{"id":6102,"href":"https:\/\/www.eibol.com\/fr\/wp-json\/wp\/v2\/pages\/4739\/revisions\/6102"}],"wp:attachment":[{"href":"https:\/\/www.eibol.com\/fr\/wp-json\/wp\/v2\/media?parent=4739"}],"curies":[{"name":"wp","href":"https:\/\/api.w.org\/{rel}","templated":true}]}}