{"id":4730,"date":"2020-04-14T11:14:53","date_gmt":"2020-04-14T11:14:53","guid":{"rendered":"https:\/\/www.eibol.com\/aviso-legal-de-eibol\/"},"modified":"2021-12-03T10:32:29","modified_gmt":"2021-12-03T10:32:29","slug":"mentions-legales-eibol","status":"publish","type":"page","link":"https:\/\/www.eibol.com\/fr\/mentions-legales-eibol\/","title":{"rendered":"Mentions L\u00e9gales"},"content":{"rendered":"\n<p>En vertu de la loi 34\/2002 du 11 juillet sur les services de la soci\u00e9t\u00e9 de l\u2019information et le commerce \u00e9lectronique, nous portons \u00e0 votre connaissance les informations d\u2019identification de notre entreprise\u00a0:<\/p>\n\n\n\n<p><strong>EIBOL IB\u00c9RICA, S. L.<\/strong><\/p>\n\n\n\n<p><strong>N\u00ba d\u2019identification fiscal (N.I.F\/C.I.F<\/strong>.)\u00a0: <strong>B98453111<\/strong><\/p>\n\n\n\n<p><strong>Cl. Llauradors, 12 (Pol\u00edgono Industrial Campo Anibal), 46530 Puzol (Valencia). Espagne.<\/strong><\/p>\n\n\n\n<p><strong>T\u00e9l\u00e9phone\u00a0:<\/strong> <strong>+34<\/strong> <strong>96 146 55 18<\/strong><\/p>\n\n\n\n<p><strong>Courrier \u00e9lectronique\u00a0: webmaster@eibol.com<\/strong><\/p>\n\n\n\n<p><strong>Cette soci\u00e9t\u00e9 est immatricul\u00e9e au Registre du Commerce de Valencia, au tome 6770, feuille 20, page V-149122, 1<sup>\u00e8re<\/sup> inscription.<\/strong><\/p>\n\n\n\n<p>Ces conditions g\u00e9n\u00e9rales fixent les normes d\u2019utilisation du service du site web www.eibol.com dont le titulaire est <strong>EIBOL IB\u00c9RICA, S. L.<\/strong>, mis \u00e0 disposition gratuitement pour les utilisateurs d\u2019Internet et dont la visualisation ne requiert aucune inscription ou enregistrement pr\u00e9alable. L\u2019utilisation de notre site web vous conf\u00e8re le statut d\u2019utilisateur et impliquent l\u2019acceptation totale et sans r\u00e9serves de votre part de toutes les conditions g\u00e9n\u00e9rales de la version publi\u00e9e par <strong>EIBOL IB\u00c9RICA, S.L.<\/strong> d\u00e8s l\u2019instant o\u00f9 vous acc\u00e9dez \u00e0 notre site, de m\u00eame que notre politique de confidentialit\u00e9 et de traitement des donn\u00e9es personnelles. L\u2019utilisateur doit lire attentivement les conditions g\u00e9n\u00e9rales lorsqu\u2019il utilise notre site web. De m\u00eame, l\u2019utilisation du service est \u00e9galement soumise \u00e0 tous les avertissements, r\u00e8glements d\u2019utilisation et instructions port\u00e9s \u00e0 la connaissance de l\u2019utilisateur par <strong>EIBOL IB\u00c9RICA, S.L.<\/strong> et pr\u00e9vus dans ces conditions g\u00e9n\u00e9rales d\u00e8s lors qu\u2019il ne s\u2019y oppose pas.<\/p>\n\n\n\n<p><strong><strong>EIBOL IB\u00c9RICA, S. L. <\/strong><\/strong>se r\u00e9serve le droit de refuser ou retirer l\u2019acc\u00e8s \u00e0 son site web \u00e0 tout moment et sans obligation d\u2019avis pr\u00e9alable, \u00e0 tout utilisateur qui enfreindrait les conditions g\u00e9n\u00e9rales pr\u00e9sentes et autres conditions particuli\u00e8res \u00e9ventuellement applicables.<\/p>\n\n\n\n<p>De mani\u00e8re g\u00e9n\u00e9rale, l\u2019utilisateur s\u2019engage \u00e0 respecter les conditions d\u2019utilisation pr\u00e9sentes et \u00e0 agir en toutes circonstances conform\u00e9ment \u00e0 la loi, aux bons usages et aux exigences de la bonne foi, en employant toutes les pr\u00e9cautions appropri\u00e9es \u00e0 la nature du service qui lui est pr\u00eat\u00e9, et en s\u2019abstenant d\u2019utiliser le site www.eibol.com de toute mani\u00e8re qui pourrait emp\u00eacher, endommager ou d\u00e9t\u00e9riorer son fonctionnement normal, les biens ou les droits d\u2019<strong>EIBOL IB\u00c9RICA, S.L.<\/strong>, du reste des utilisateurs ou de tout autre tiers en g\u00e9n\u00e9ral.<\/p>\n\n\n\n<p>Notamment, l\u2019utilisateur s\u2019engage, en utilisant le site web www.eibol.com, \u00e0\u00a0:<\/p>\n\n\n\n<ul class=\"wp-block-list\"><li>Ne pas introduire, stocker ou diffuser sur ou depuis le site web, toute information ou mat\u00e9riel diffamatoire, injurieux, obsc\u00e8ne, mena\u00e7ant, x\u00e9nophobe, qui inciterait \u00e0 la violence, \u00e0 la discrimination pour des raisons de race, sexe, id\u00e9ologie, religion ou qui porterait atteinte de toute autre mani\u00e8re \u00e0 la morale, \u00e0 l\u2019ordre public, aux droits fondamentaux et aux libert\u00e9s publiques, \u00e0 l\u2019honneur, \u00e0 l\u2019intimit\u00e9 ou \u00e0 l\u2019image de tiers, et aux normes en vigueur en g\u00e9n\u00e9ral.<\/li><li>Ne pas introduire, stocker ou diffuser \u00e0 travers le site web des programmes d\u2019ordinateur, donn\u00e9es, virus, code, \u00e9quipement informatique ou de t\u00e9l\u00e9communications, ou tout autre instrument ou dispositif \u00e9lectronique ou physique qui serait susceptible de causer des dommages sur le site, \u00e0 l\u2019un ou l\u2019autre des services ou des \u00e9quipements, syst\u00e8mes ou r\u00e9seaux d\u2019<strong>EIBOL IB\u00c9RICA, S. L.<\/strong>, de tout autre utilisateur ou de tout autre tiers en g\u00e9n\u00e9ral. Ou qui, d\u2019une toute autre mani\u00e8re, serait capable de leur causer tout type d\u2019alt\u00e9ration ou d\u2019entraver leur fonctionnement normal.<\/li><li>Ne pas d\u00e9truire, alt\u00e9rer, utiliser pour son propre usage, rendre inutilisable ou endommager les donn\u00e9es, informations, programmes ou documents \u00e9lectroniques d\u2019<strong>EIBOL IB\u00c9RICA, S.L.<\/strong> ou de tiers.<\/li><li>L\u2019utilisateur n\u2019entravera pas l\u2019utilisation du service <strong>EIBOL IB\u00c9RICA, S. L.<\/strong> par un autre utilisateur ni l\u2019utilisation de services similaires de la part d\u2019un autre organisme.<\/li><li>Et notamment, l\u2019utilisateur devra s\u2019abstenir de r\u00e9aliser tout acte contraire aux normes qui r\u00e9glementent la protection des donn\u00e9es \u00e0 caract\u00e8re personnel, le march\u00e9 et les consommateurs et la propri\u00e9t\u00e9 intellectuelle, et aux normes de caract\u00e8re fiscal, ou qui porterait atteinte \u00e0 l\u2019honneur, \u00e0 l\u2019intimit\u00e9 et \u00e0 l\u2019image, ainsi qu\u2019\u00e0 la r\u00e9putation de personnes ou d\u2019organismes.<\/li><li>Il est interdit \u00e0 l\u2019utilisateur de supprimer, \u00e9luder ou manipuler le \u00ab\u00a0copyright\u00a0\u00bb et autres donn\u00e9es d\u2019identification des droits d\u2019<strong>EIBOL IB\u00c9RICA, S. L.<\/strong> ou de leurs titulaires incorpor\u00e9s aux contenus, de m\u00eame que les dispositifs techniques de protection et tout autre m\u00e9canisme d\u2019information \u00e9ventuellement incorpor\u00e9s aux contenus.aci\u00f3n que pudieren contener los contenidos.<\/li><\/ul>\n\n\n\n<p><strong>EIBOL IB\u00c9RICA, S. L. <\/strong> pourra mettre fin au service de mani\u00e8re unilat\u00e9rale et imm\u00e9diate si la conduite de l\u2019utilisateur n\u2019\u00e9tait pas conforme aux conditions expos\u00e9es ici.<\/p>\n\n\n\n<p><strong>EIBOL IB\u00c9RICA, S. L. <\/strong>pourra \u00e0 tout moment et sans avis pr\u00e9alable modifier les conditions g\u00e9n\u00e9rales pr\u00e9sentes, de m\u00eame que les conditions particuli\u00e8res incluses le cas \u00e9ch\u00e9ant, en publiant ces modifications sur le site web de mani\u00e8re \u00e0 ce que les utilisateurs puissent en prendre connaissance<strong>.<\/strong><\/p>\n\n\n\n<p>La structure, la conception et la forme de pr\u00e9sentation des \u00e9l\u00e9ments (graphiques, images, fichiers, logos, combinaisons de couleurs et autres \u00e9l\u00e9ments susceptibles de protection) sont prot\u00e9g\u00e9s par des droits de propri\u00e9t\u00e9 intellectuelle appartenant \u00e0 <strong>EIBOL IB\u00c9RICA, S.L.<\/strong><\/p>\n\n\n\n<p>La reproduction, la transformation, la distribution, la communication publique, la mise \u00e0 disposition du public et, en g\u00e9n\u00e9ral, toute autre forme d\u2019exploitation, partielle ou totale des \u00e9l\u00e9ments \u00e9nonc\u00e9s au paragraphe pr\u00e9c\u00e9dent, sont strictement interdites. Ces actes d\u2019exploitation ne pourront \u00eatre r\u00e9alis\u00e9s qu\u2019en vertu d\u2019une autorisation expresse d\u2019<strong>EIBOL IB\u00c9RICA, S.L.<\/strong> et devront dans tous les cas faire r\u00e9f\u00e9rence de mani\u00e8re explicite aux droits de propri\u00e9t\u00e9 intellectuelle d\u2019<strong>EIBOL IB\u00c9RICA, S.L.<\/strong> La reproduction (impression ou t\u00e9l\u00e9chargement) des contenus mis \u00e0 disposition sur le site web ne sera autoris\u00e9e qu\u2019\u00e0 des fins d\u2019utilisation priv\u00e9e.<\/p>\n\n\n\n<p>L\u2019utilisation des signes distinctifs (marques, noms commerciaux) est interdite, sauf autorisation expresse de leurs titulaires l\u00e9gitimes.<\/p>\n\n\n\n<p><strong>EIBOL IB\u00c9RICA, S. L.\u00a0<\/strong>ne sera pas tenue pour responsable\u00a0:<\/p>\n\n\n\n<p>\u00c0 l\u2019\u00e9gard de l\u2019utilisation inappropri\u00e9e du site web appartenant \u00e0 <strong>EIBOL IB\u00c9RICA, S.L.<\/strong><\/p>\n\n\n\n<p>\u00c0 l\u2019\u00e9gard d\u2019\u00e9ventuelles d\u00e9faillances techniques. Elle ne sera en aucun cas responsable des alt\u00e9rations du service produites par des pannes de courant, des d\u00e9faillances dans le r\u00e9seau de connexion des donn\u00e9es et dans le serveur.<\/p>\n\n\n\n<p>\u00c0 l\u2019\u00e9gard de l&rsquo;acc\u00e8s \u00e0 son syst\u00e8me de la part de tiers. <strong>EIBOL IB\u00c9RICA, S. L.<\/strong> adoptera les pr\u00e9cautions techniques n\u00e9cessaires \u00e0 la protection des donn\u00e9es et de l\u2019information accessibles \u00e0 l\u2019utilisateur, mais sans que sa responsabilit\u00e9 ne soit engag\u00e9e \u00e0 l\u2019\u00e9gard d\u2019actions de tiers qui acc\u00e8deraient aux donn\u00e9es cit\u00e9es en violant les mesures de s\u00e9curit\u00e9 \u00e9tablies.<\/p>\n\n\n\n<p>Ce site web peut contenir des liens vers d\u2019autres sites de tiers dont le contenu ne peut \u00eatre contr\u00f4l\u00e9 par <strong>EIBOL IB\u00c9RICA, S. L. <\/strong>\u00a0Ces liens sont inclus \u00e0 des fins d\u2019information et n\u2019impliquent pas l\u2019acceptation ou la garantie de la part d\u2019<strong>EIBOL IB\u00c9RICA, S. L. <\/strong>des contenus des sites web auxquels ils conduisent. C&rsquo;est pourquoi <strong>EIBOL IB\u00c9RICA, S. L. <\/strong>se d\u00e9gage de toute responsabilit\u00e9 les concernant, ainsi qu\u2019\u00e0 l\u2019\u00e9gard des dommages qui pourraient se produire sur le syst\u00e8me informatique de l\u2019utilisateur.<\/p>\n\n\n\n<p><strong>EIBOL IB\u00c9RICA, S. L.\u00a0<\/strong>sera exon\u00e9r\u00e9e de toute responsabilit\u00e9 en cas de r\u00e9clamation concernant les droits de propri\u00e9t\u00e9 intellectuelle des articles et images publi\u00e9s sur son portail. L\u2019entreprise ne garantit pas l\u2019exactitude, ni la v\u00e9racit\u00e9 ni la validit\u00e9 des contenus de tiers, ou des liens conduisant \u00e0 d\u2019autres sites web, et sera par cons\u00e9quent exon\u00e9r\u00e9e de toute responsabilit\u00e9 \u00e0 l\u2019\u00e9gard de leur utilisation.<\/p>\n\n\n\n<p><strong>EIBOL IB\u00c9RICA, S. L.\u00a0<\/strong>sera exon\u00e9r\u00e9e de toute responsabilit\u00e9 issue de toute r\u00e9clamation, y compris le paiement d\u2019honoraires \u00e0 des avocats, pour les demandes et r\u00e9clamations r\u00e9sultant de tiers dues au non-respect par l\u2019utilisateur de nos conditions d\u2019utilisation et d\u2019acc\u00e8s et de notre politique de confidentialit\u00e9, ou pour toute autre r\u00e9clamation pour infraction \u00e0 la l\u00e9gislation en vigueur.<\/p>\n\n\n\n<p>De mani\u00e8re g\u00e9n\u00e9rale, les relations entre <strong>EIBOL IB\u00c9RICA, S. L. <\/strong>et les utilisateurs de ses services t\u00e9l\u00e9matiques offerts sur ce site web seront soumises \u00e0 la l\u00e9gislation et \u00e0 la juridiction espagnoles. En cas de litige r\u00e9sultant du pr\u00e9sent accord, les parties saisiront les Cours et Tribunaux du lieu de r\u00e9sidence de l\u2019utilisateur (Espagne).<\/p>\n\n\n\n<p>Si un tribunal comp\u00e9tent consid\u00e9rait qu\u2019une ou plusieurs clauses de cet accord \u00e9tait contraire \u00e0 la loi, la clause- ou les clauses- feront d\u2019objet d\u2019une nouvelle r\u00e9daction de mani\u00e8re \u00e0 ce qu\u2019elles traduisent le plus fid\u00e8lement possible les intentions des parties, sans que cela n&rsquo;affecte \u00e0 la validit\u00e9 ou \u00e0 l\u2019applicabilit\u00e9 du reste des clauses.<\/p>\n\n\n\n<p>Si l\u2019une des clauses de cet accord \u00e9tait r\u00e9put\u00e9e invalide ou inapplicable, la partie valide ou applicable et les clauses restantes de l\u2019accord demeureront en vigueur et applicables.<\/p>\n","protected":false},"excerpt":{"rendered":"<p>En vertu de la loi 34\/2002 du 11 juillet sur les services de la soci\u00e9t\u00e9 de l\u2019information et le commerce \u00e9lectronique, nous portons \u00e0 votre connaissance les informations d\u2019identification de notre entreprise\u00a0: EIBOL IB\u00c9RICA, S. L. N\u00ba d\u2019identification fiscal (N.I.F\/C.I.F.)\u00a0: B98453111 Cl. Llauradors, 12 (Pol\u00edgono Industrial Campo Anibal), 46530 Puzol (Valencia). Espagne. T\u00e9l\u00e9phone\u00a0: +34 96 [&#8230;]<\/p>\n<p><a class=\"btn btn-secondary understrap-read-more-link\" href=\"https:\/\/www.eibol.com\/fr\/mentions-legales-eibol\/\">Lire la suite\u2026<span class=\"screen-reader-text\"> from Mentions L\u00e9gales<\/span><\/a><\/p>\n","protected":false},"author":1,"featured_media":0,"parent":0,"menu_order":0,"comment_status":"closed","ping_status":"open","template":"page-templates\/defaultpage-legal-boxed.php","meta":{"inline_featured_image":false,"footnotes":""},"class_list":["post-4730","page","type-page","status-publish","hentry"],"yoast_head":"<!-- This site is optimized with the Yoast SEO plugin v27.0 - https:\/\/yoast.com\/product\/yoast-seo-wordpress\/ -->\n<title>Aviso legal de EIBOL<\/title>\n<meta name=\"robots\" content=\"index, follow, max-snippet:-1, max-image-preview:large, max-video-preview:-1\" \/>\n<link rel=\"canonical\" href=\"https:\/\/www.eibol.com\/fr\/mentions-legales-eibol\/\" \/>\n<meta property=\"og:locale\" content=\"fr_FR\" \/>\n<meta property=\"og:type\" content=\"article\" \/>\n<meta property=\"og:title\" content=\"Aviso legal de EIBOL\" \/>\n<meta property=\"og:description\" content=\"En vertu de la loi 34\/2002 du 11 juillet sur les services de la soci\u00e9t\u00e9 de l\u2019information et le commerce \u00e9lectronique, nous portons \u00e0 votre connaissance les informations d\u2019identification de notre entreprise\u00a0: EIBOL IB\u00c9RICA, S. L. N\u00ba d\u2019identification fiscal (N.I.F\/C.I.F.)\u00a0: B98453111 Cl. Llauradors, 12 (Pol\u00edgono Industrial Campo Anibal), 46530 Puzol (Valencia). Espagne. T\u00e9l\u00e9phone\u00a0: +34 96 [...]Lire la suite\u2026 from Mentions L\u00e9gales\" \/>\n<meta property=\"og:url\" content=\"https:\/\/www.eibol.com\/fr\/mentions-legales-eibol\/\" \/>\n<meta property=\"og:site_name\" content=\"EIBOL Ib\u00e9rica, S. L.\" \/>\n<meta property=\"article:modified_time\" content=\"2021-12-03T10:32:29+00:00\" \/>\n<meta name=\"twitter:card\" content=\"summary_large_image\" \/>\n<meta name=\"twitter:label1\" content=\"Dur\u00e9e de lecture estim\u00e9e\" \/>\n\t<meta name=\"twitter:data1\" content=\"6 minutes\" \/>\n<script type=\"application\/ld+json\" class=\"yoast-schema-graph\">{\"@context\":\"https:\/\/schema.org\",\"@graph\":[{\"@type\":\"WebPage\",\"@id\":\"https:\/\/www.eibol.com\/fr\/mentions-legales-eibol\/\",\"url\":\"https:\/\/www.eibol.com\/fr\/mentions-legales-eibol\/\",\"name\":\"Aviso legal de EIBOL\",\"isPartOf\":{\"@id\":\"https:\/\/www.eibol.com\/fr\/#website\"},\"datePublished\":\"2020-04-14T11:14:53+00:00\",\"dateModified\":\"2021-12-03T10:32:29+00:00\",\"breadcrumb\":{\"@id\":\"https:\/\/www.eibol.com\/fr\/mentions-legales-eibol\/#breadcrumb\"},\"inLanguage\":\"fr-FR\",\"potentialAction\":[{\"@type\":\"ReadAction\",\"target\":[\"https:\/\/www.eibol.com\/fr\/mentions-legales-eibol\/\"]}]},{\"@type\":\"BreadcrumbList\",\"@id\":\"https:\/\/www.eibol.com\/fr\/mentions-legales-eibol\/#breadcrumb\",\"itemListElement\":[{\"@type\":\"ListItem\",\"position\":1,\"name\":\"Portada\",\"item\":\"https:\/\/www.eibol.com\/fr\/\"},{\"@type\":\"ListItem\",\"position\":2,\"name\":\"Mentions L\u00e9gales\"}]},{\"@type\":\"WebSite\",\"@id\":\"https:\/\/www.eibol.com\/fr\/#website\",\"url\":\"https:\/\/www.eibol.com\/fr\/\",\"name\":\"EIBOL Ib\u00e9rica, S. L.\",\"description\":\"Bioestimulantes y productos ecol\u00f3gicos para la agricultura\",\"potentialAction\":[{\"@type\":\"SearchAction\",\"target\":{\"@type\":\"EntryPoint\",\"urlTemplate\":\"https:\/\/www.eibol.com\/fr\/?s={search_term_string}\"},\"query-input\":{\"@type\":\"PropertyValueSpecification\",\"valueRequired\":true,\"valueName\":\"search_term_string\"}}],\"inLanguage\":\"fr-FR\"}]}<\/script>\n<!-- \/ Yoast SEO plugin. -->","yoast_head_json":{"title":"Aviso legal de EIBOL","robots":{"index":"index","follow":"follow","max-snippet":"max-snippet:-1","max-image-preview":"max-image-preview:large","max-video-preview":"max-video-preview:-1"},"canonical":"https:\/\/www.eibol.com\/fr\/mentions-legales-eibol\/","og_locale":"fr_FR","og_type":"article","og_title":"Aviso legal de EIBOL","og_description":"En vertu de la loi 34\/2002 du 11 juillet sur les services de la soci\u00e9t\u00e9 de l\u2019information et le commerce \u00e9lectronique, nous portons \u00e0 votre connaissance les informations d\u2019identification de notre entreprise\u00a0: EIBOL IB\u00c9RICA, S. L. N\u00ba d\u2019identification fiscal (N.I.F\/C.I.F.)\u00a0: B98453111 Cl. Llauradors, 12 (Pol\u00edgono Industrial Campo Anibal), 46530 Puzol (Valencia). Espagne. T\u00e9l\u00e9phone\u00a0: +34 96 [...]Lire la suite\u2026 from Mentions L\u00e9gales","og_url":"https:\/\/www.eibol.com\/fr\/mentions-legales-eibol\/","og_site_name":"EIBOL Ib\u00e9rica, S. L.","article_modified_time":"2021-12-03T10:32:29+00:00","twitter_card":"summary_large_image","twitter_misc":{"Dur\u00e9e de lecture estim\u00e9e":"6 minutes"},"schema":{"@context":"https:\/\/schema.org","@graph":[{"@type":"WebPage","@id":"https:\/\/www.eibol.com\/fr\/mentions-legales-eibol\/","url":"https:\/\/www.eibol.com\/fr\/mentions-legales-eibol\/","name":"Aviso legal de EIBOL","isPartOf":{"@id":"https:\/\/www.eibol.com\/fr\/#website"},"datePublished":"2020-04-14T11:14:53+00:00","dateModified":"2021-12-03T10:32:29+00:00","breadcrumb":{"@id":"https:\/\/www.eibol.com\/fr\/mentions-legales-eibol\/#breadcrumb"},"inLanguage":"fr-FR","potentialAction":[{"@type":"ReadAction","target":["https:\/\/www.eibol.com\/fr\/mentions-legales-eibol\/"]}]},{"@type":"BreadcrumbList","@id":"https:\/\/www.eibol.com\/fr\/mentions-legales-eibol\/#breadcrumb","itemListElement":[{"@type":"ListItem","position":1,"name":"Portada","item":"https:\/\/www.eibol.com\/fr\/"},{"@type":"ListItem","position":2,"name":"Mentions L\u00e9gales"}]},{"@type":"WebSite","@id":"https:\/\/www.eibol.com\/fr\/#website","url":"https:\/\/www.eibol.com\/fr\/","name":"EIBOL Ib\u00e9rica, S. L.","description":"Bioestimulantes y productos ecol\u00f3gicos para la agricultura","potentialAction":[{"@type":"SearchAction","target":{"@type":"EntryPoint","urlTemplate":"https:\/\/www.eibol.com\/fr\/?s={search_term_string}"},"query-input":{"@type":"PropertyValueSpecification","valueRequired":true,"valueName":"search_term_string"}}],"inLanguage":"fr-FR"}]}},"_links":{"self":[{"href":"https:\/\/www.eibol.com\/fr\/wp-json\/wp\/v2\/pages\/4730","targetHints":{"allow":["GET"]}}],"collection":[{"href":"https:\/\/www.eibol.com\/fr\/wp-json\/wp\/v2\/pages"}],"about":[{"href":"https:\/\/www.eibol.com\/fr\/wp-json\/wp\/v2\/types\/page"}],"author":[{"embeddable":true,"href":"https:\/\/www.eibol.com\/fr\/wp-json\/wp\/v2\/users\/1"}],"replies":[{"embeddable":true,"href":"https:\/\/www.eibol.com\/fr\/wp-json\/wp\/v2\/comments?post=4730"}],"version-history":[{"count":8,"href":"https:\/\/www.eibol.com\/fr\/wp-json\/wp\/v2\/pages\/4730\/revisions"}],"predecessor-version":[{"id":6874,"href":"https:\/\/www.eibol.com\/fr\/wp-json\/wp\/v2\/pages\/4730\/revisions\/6874"}],"wp:attachment":[{"href":"https:\/\/www.eibol.com\/fr\/wp-json\/wp\/v2\/media?parent=4730"}],"curies":[{"name":"wp","href":"https:\/\/api.w.org\/{rel}","templated":true}]}}