{"id":4579,"date":"2020-03-18T15:57:47","date_gmt":"2020-03-18T15:57:47","guid":{"rendered":"https:\/\/www.eibol.com\/index\/"},"modified":"2021-12-21T09:15:36","modified_gmt":"2021-12-21T09:15:36","slug":"index","status":"publish","type":"page","link":"https:\/\/www.eibol.com\/fr\/","title":{"rendered":"HOME"},"content":{"rendered":"\n<div id=\"introduccion\" class=\"padding-large--top\">\n<div class=\"container\">\n<div class=\"row\">\n<div class=\"col-md-12\">\n<div class=\"grid-courses--home\">\n<div class=\"grid-courses--home__item mode1\">\n<h2>Depuis <strong>plus de 30 ans<\/strong><\/h2>\n<p class=\"lead\">Chez EIBOL, nous recherchons, d\u00e9veloppons, formulons et commercialisons des solutions biologiques efficaces pour l&rsquo;agriculture, de haute qualit\u00e9 et respectueuses de l&rsquo;environnement.<\/p>\n<p><a class=\"btn btn-secondary hidden-mobile\" href=\"https:\/\/www.eibol.com\/fr\/formula-productos-biologicos-para-cultivos\/\">\u00c0 propos d&rsquo;EIBOL<\/a><\/p>\n<\/div>\n<div class=\"grid-courses--home__item mode2\">\n<h2>Produits \u00e0 <strong>haute valeur ajout\u00e9e<\/strong><\/h2>\n<p class=\"lead\">Chez EIBOL, nous d\u00e9veloppons des produits de haute valeur scientifico-technique qui contribuent \u00e0 augmenter la production et la qualit\u00e9 des cultures, en pr\u00e9servant les conditions biologiques du sol et sa faune utile.<\/p>\n<p><a class=\"btn btn-secondary hidden-mobile\" href=\"https:\/\/www.eibol.com\/fr\/developpement-solutions-biologiques-pour-lagriculture\/\">D\u00e9couvrez nos produits<\/a><\/p>\n<\/div>\n<div class=\"grid-courses--home__item mode3\">\n<h2>Engagement en faveur de <strong>l&rsquo;innovation<\/strong><\/h2>\n<p class=\"lead\">Nous misons sur l&rsquo;innovation et la technologie appliqu\u00e9es \u00e0 l&rsquo;agriculture pour obtenir des cultures de qualit\u00e9, \u00e0 haut rendement et \u00e0 valeur ajout\u00e9e.<\/p>\n<p><a class=\"btn btn-secondary hidden-mobile\" href=\"https:\/\/www.eibol.com\/fr\/calidad-soluciones-biologicas-para-cultivos\/\">Technologie appliqu\u00e9e au domaine<\/a><\/p>\n<\/div>\n<\/div>\n<\/div>\n<\/div>\n<\/div>\n<\/div>\n","protected":false},"excerpt":{"rendered":"<p>Depuis plus de 30 ans Chez EIBOL, nous recherchons, d\u00e9veloppons, formulons et commercialisons des solutions biologiques efficaces pour l&rsquo;agriculture, de haute qualit\u00e9 et respectueuses de l&rsquo;environnement. \u00c0 propos d&rsquo;EIBOL Produits \u00e0 haute valeur ajout\u00e9e Chez EIBOL, nous d\u00e9veloppons des produits de haute valeur scientifico-technique qui contribuent \u00e0 augmenter la production et la qualit\u00e9 des cultures, [&#8230;]<\/p>\n<p><a class=\"btn btn-secondary understrap-read-more-link\" href=\"https:\/\/www.eibol.com\/fr\/\">Lire la suite\u2026<span class=\"screen-reader-text\"> from HOME<\/span><\/a><\/p>\n","protected":false},"author":1,"featured_media":0,"parent":0,"menu_order":0,"comment_status":"closed","ping_status":"closed","template":"page-templates\/homepage.php","meta":{"inline_featured_image":false,"footnotes":""},"class_list":["post-4579","page","type-page","status-publish","hentry"],"yoast_head":"<!-- This site is optimized with the Yoast SEO plugin v27.0 - https:\/\/yoast.com\/product\/yoast-seo-wordpress\/ -->\n<title>EIBOL. Bioestimulantes y soluciones biol\u00f3gicas para la agricultura<\/title>\n<meta name=\"description\" content=\"Especialistas en la investigaci\u00f3n, desarrollo y comercializaci\u00f3n de bioestimulantes y soluciones biol\u00f3gicas para nutrir los cultivos e incrementar su rentabilidad.\" \/>\n<meta name=\"robots\" content=\"index, follow, max-snippet:-1, max-image-preview:large, max-video-preview:-1\" \/>\n<link rel=\"canonical\" href=\"https:\/\/www.eibol.com\/fr\/\" \/>\n<meta property=\"og:locale\" content=\"fr_FR\" \/>\n<meta property=\"og:type\" content=\"article\" \/>\n<meta property=\"og:title\" content=\"EIBOL. Bioestimulantes y soluciones biol\u00f3gicas para la agricultura\" \/>\n<meta property=\"og:description\" content=\"Especialistas en la investigaci\u00f3n, desarrollo y comercializaci\u00f3n de bioestimulantes y soluciones biol\u00f3gicas para nutrir los cultivos e incrementar su rentabilidad.\" \/>\n<meta property=\"og:url\" content=\"https:\/\/www.eibol.com\/fr\/\" \/>\n<meta property=\"og:site_name\" content=\"EIBOL Ib\u00e9rica, S. L.\" \/>\n<meta property=\"article:modified_time\" content=\"2021-12-21T09:15:36+00:00\" \/>\n<meta name=\"twitter:card\" content=\"summary_large_image\" \/>\n<meta name=\"twitter:label1\" content=\"Dur\u00e9e de lecture estim\u00e9e\" \/>\n\t<meta name=\"twitter:data1\" content=\"1 minute\" \/>\n<script type=\"application\/ld+json\" class=\"yoast-schema-graph\">{\"@context\":\"https:\/\/schema.org\",\"@graph\":[{\"@type\":\"WebPage\",\"@id\":\"https:\/\/www.eibol.com\/fr\/\",\"url\":\"https:\/\/www.eibol.com\/fr\/\",\"name\":\"EIBOL. Bioestimulantes y soluciones biol\u00f3gicas para la agricultura\",\"isPartOf\":{\"@id\":\"https:\/\/www.eibol.com\/fr\/#website\"},\"datePublished\":\"2020-03-18T15:57:47+00:00\",\"dateModified\":\"2021-12-21T09:15:36+00:00\",\"description\":\"Especialistas en la investigaci\u00f3n, desarrollo y comercializaci\u00f3n de bioestimulantes y soluciones biol\u00f3gicas para nutrir los cultivos e incrementar su rentabilidad.\",\"breadcrumb\":{\"@id\":\"https:\/\/www.eibol.com\/fr\/#breadcrumb\"},\"inLanguage\":\"fr-FR\",\"potentialAction\":[{\"@type\":\"ReadAction\",\"target\":[\"https:\/\/www.eibol.com\/fr\/\"]}]},{\"@type\":\"BreadcrumbList\",\"@id\":\"https:\/\/www.eibol.com\/fr\/#breadcrumb\",\"itemListElement\":[{\"@type\":\"ListItem\",\"position\":1,\"name\":\"Portada\",\"item\":\"https:\/\/www.eibol.com\/fr\/\"},{\"@type\":\"ListItem\",\"position\":2,\"name\":\"HOME\"}]},{\"@type\":\"WebSite\",\"@id\":\"https:\/\/www.eibol.com\/fr\/#website\",\"url\":\"https:\/\/www.eibol.com\/fr\/\",\"name\":\"EIBOL Ib\u00e9rica, S. L.\",\"description\":\"Bioestimulantes y productos ecol\u00f3gicos para la agricultura\",\"potentialAction\":[{\"@type\":\"SearchAction\",\"target\":{\"@type\":\"EntryPoint\",\"urlTemplate\":\"https:\/\/www.eibol.com\/fr\/?s={search_term_string}\"},\"query-input\":{\"@type\":\"PropertyValueSpecification\",\"valueRequired\":true,\"valueName\":\"search_term_string\"}}],\"inLanguage\":\"fr-FR\"}]}<\/script>\n<!-- \/ Yoast SEO plugin. -->","yoast_head_json":{"title":"EIBOL. Bioestimulantes y soluciones biol\u00f3gicas para la agricultura","description":"Especialistas en la investigaci\u00f3n, desarrollo y comercializaci\u00f3n de bioestimulantes y soluciones biol\u00f3gicas para nutrir los cultivos e incrementar su rentabilidad.","robots":{"index":"index","follow":"follow","max-snippet":"max-snippet:-1","max-image-preview":"max-image-preview:large","max-video-preview":"max-video-preview:-1"},"canonical":"https:\/\/www.eibol.com\/fr\/","og_locale":"fr_FR","og_type":"article","og_title":"EIBOL. Bioestimulantes y soluciones biol\u00f3gicas para la agricultura","og_description":"Especialistas en la investigaci\u00f3n, desarrollo y comercializaci\u00f3n de bioestimulantes y soluciones biol\u00f3gicas para nutrir los cultivos e incrementar su rentabilidad.","og_url":"https:\/\/www.eibol.com\/fr\/","og_site_name":"EIBOL Ib\u00e9rica, S. L.","article_modified_time":"2021-12-21T09:15:36+00:00","twitter_card":"summary_large_image","twitter_misc":{"Dur\u00e9e de lecture estim\u00e9e":"1 minute"},"schema":{"@context":"https:\/\/schema.org","@graph":[{"@type":"WebPage","@id":"https:\/\/www.eibol.com\/fr\/","url":"https:\/\/www.eibol.com\/fr\/","name":"EIBOL. Bioestimulantes y soluciones biol\u00f3gicas para la agricultura","isPartOf":{"@id":"https:\/\/www.eibol.com\/fr\/#website"},"datePublished":"2020-03-18T15:57:47+00:00","dateModified":"2021-12-21T09:15:36+00:00","description":"Especialistas en la investigaci\u00f3n, desarrollo y comercializaci\u00f3n de bioestimulantes y soluciones biol\u00f3gicas para nutrir los cultivos e incrementar su rentabilidad.","breadcrumb":{"@id":"https:\/\/www.eibol.com\/fr\/#breadcrumb"},"inLanguage":"fr-FR","potentialAction":[{"@type":"ReadAction","target":["https:\/\/www.eibol.com\/fr\/"]}]},{"@type":"BreadcrumbList","@id":"https:\/\/www.eibol.com\/fr\/#breadcrumb","itemListElement":[{"@type":"ListItem","position":1,"name":"Portada","item":"https:\/\/www.eibol.com\/fr\/"},{"@type":"ListItem","position":2,"name":"HOME"}]},{"@type":"WebSite","@id":"https:\/\/www.eibol.com\/fr\/#website","url":"https:\/\/www.eibol.com\/fr\/","name":"EIBOL Ib\u00e9rica, S. L.","description":"Bioestimulantes y productos ecol\u00f3gicos para la agricultura","potentialAction":[{"@type":"SearchAction","target":{"@type":"EntryPoint","urlTemplate":"https:\/\/www.eibol.com\/fr\/?s={search_term_string}"},"query-input":{"@type":"PropertyValueSpecification","valueRequired":true,"valueName":"search_term_string"}}],"inLanguage":"fr-FR"}]}},"_links":{"self":[{"href":"https:\/\/www.eibol.com\/fr\/wp-json\/wp\/v2\/pages\/4579","targetHints":{"allow":["GET"]}}],"collection":[{"href":"https:\/\/www.eibol.com\/fr\/wp-json\/wp\/v2\/pages"}],"about":[{"href":"https:\/\/www.eibol.com\/fr\/wp-json\/wp\/v2\/types\/page"}],"author":[{"embeddable":true,"href":"https:\/\/www.eibol.com\/fr\/wp-json\/wp\/v2\/users\/1"}],"replies":[{"embeddable":true,"href":"https:\/\/www.eibol.com\/fr\/wp-json\/wp\/v2\/comments?post=4579"}],"version-history":[{"count":10,"href":"https:\/\/www.eibol.com\/fr\/wp-json\/wp\/v2\/pages\/4579\/revisions"}],"predecessor-version":[{"id":7140,"href":"https:\/\/www.eibol.com\/fr\/wp-json\/wp\/v2\/pages\/4579\/revisions\/7140"}],"wp:attachment":[{"href":"https:\/\/www.eibol.com\/fr\/wp-json\/wp\/v2\/media?parent=4579"}],"curies":[{"name":"wp","href":"https:\/\/api.w.org\/{rel}","templated":true}]}}